{"id":2959,"date":"2025-02-18T12:05:44","date_gmt":"2025-02-18T12:05:44","guid":{"rendered":"https:\/\/emagicum.com\/?page_id=2959"},"modified":"2025-03-02T09:37:47","modified_gmt":"2025-03-02T09:37:47","slug":"mise-en-page-de-livre-pour-amazon-kdp","status":"publish","type":"page","link":"https:\/\/emagicum.com\/fr\/mise-en-page-de-livre-pour-amazon-kdp\/","title":{"rendered":"Mise en page de livre pour Amazon KDP"},"content":{"rendered":"\n<div class=\"wp-block-uagb-container uagb-block-3d0976d0 alignfull uagb-is-root-container\"><div class=\"uagb-container-inner-blocks-wrap\">\n<div class=\"wp-block-uagb-advanced-heading uagb-block-5a08d7b8\"><h2 class=\"uagb-heading-text\">Mise en page de livre pour Amazon KDP<\/h2><p class=\"uagb-desc-text\">Vous souhaitez publier votre propre livre sur Amazon KDP ? Parfait ! L&rsquo;auto-\u00e9dition vous donne un contr\u00f4le total sur votre \u0153uvre, vous permet de vendre \u00e0 l&rsquo;international et d&rsquo;optimiser vos revenus. Que ce soit un roman, un essai ou un livre illustr\u00e9, avec Amazon KDP, vous pouvez atteindre un large public sans passer par une maison d&rsquo;\u00e9dition. Gr\u00e2ce \u00e0 notre service, vous pourrez publier votre livre sur Amazon France, Amazon Canada et sur tous les march\u00e9s internationaux.<\/p><\/div>\n<\/div><\/div>\n\n\n\n<div class=\"wp-block-uagb-container uagb-block-0b7f3eb3 alignfull uagb-is-root-container\"><div class=\"uagb-container-inner-blocks-wrap\">\n<div class=\"wp-block-uagb-container uagb-block-e2162d22\">\n<div class=\"wp-block-uagb-info-box uagb-block-19b80100 uagb-infobox__content-wrap  uagb-infobox-icon-above-title uagb-infobox-image-valign-top\"><div class=\"uagb-ifb-content\"><div class=\"uagb-ifb-title-wrap\"><h2 class=\"uagb-ifb-title\">Le probl\u00e8me ? La mise en page pour la publication KDP !<\/h2><\/div><p class=\"uagb-ifb-desc\">Mettre en page un livre peut \u00eatre frustrant. Si vous publiez un livre illustr\u00e9, c&rsquo;est encore plus compliqu\u00e9 de tout aligner parfaitement. Sauts de page, polices, images \u2013 tout doit \u00eatre impeccable pour un rendu professionnel. Et soyons honn\u00eates : qui veut passer des heures \u00e0 g\u00e9rer les d\u00e9tails techniques de KDP ?<\/p><\/div><\/div>\n<\/div>\n\n\n\n<div class=\"wp-block-uagb-container uagb-block-9c650792\">\n<div class=\"wp-block-uagb-image aligncenter uagb-block-7f97dfa9 wp-block-uagb-image--layout-default wp-block-uagb-image--effect-static wp-block-uagb-image--align-center\"><figure class=\"wp-block-uagb-image__figure\"><img decoding=\"async\" srcset=\"https:\/\/emagicum.com\/wp-content\/uploads\/2025\/02\/Amazon-formatierung-1024x768.jpg ,https:\/\/emagicum.com\/wp-content\/uploads\/2025\/02\/Amazon-formatierung.jpg 780w, https:\/\/emagicum.com\/wp-content\/uploads\/2025\/02\/Amazon-formatierung.jpg 360w\" sizes=\"auto, (max-width: 480px) 150px\" src=\"https:\/\/emagicum.com\/wp-content\/uploads\/2025\/02\/Amazon-formatierung-1024x768.jpg\" alt=\"Amazon Formatierung\" class=\"uag-image-2951\" width=\"1024\" height=\"768\" title=\"Amazon-formatierung\" loading=\"lazy\" role=\"img\"\/><\/figure><\/div>\n<\/div>\n<\/div><\/div>\n\n\n\n<div class=\"wp-block-uagb-container uagb-block-ae7b3416 alignfull uagb-is-root-container\"><div class=\"uagb-container-inner-blocks-wrap\">\n<div class=\"wp-block-uagb-container uagb-block-da341fdd\">\n<figure class=\"wp-block-image aligncenter size-full\"><img loading=\"lazy\" decoding=\"async\" width=\"1279\" height=\"853\" src=\"https:\/\/emagicum.com\/wp-content\/uploads\/2025\/02\/KDP-formatting.jpg\" alt=\"KDP Formatierung service\" class=\"wp-image-2954\" srcset=\"https:\/\/emagicum.com\/wp-content\/uploads\/2025\/02\/KDP-formatting.jpg 1279w, https:\/\/emagicum.com\/wp-content\/uploads\/2025\/02\/KDP-formatting-300x200.jpg 300w, https:\/\/emagicum.com\/wp-content\/uploads\/2025\/02\/KDP-formatting-1024x683.jpg 1024w, https:\/\/emagicum.com\/wp-content\/uploads\/2025\/02\/KDP-formatting-768x512.jpg 768w\" sizes=\"auto, (max-width: 1279px) 100vw, 1279px\" \/><\/figure>\n<\/div>\n\n\n\n<div class=\"wp-block-uagb-container uagb-block-92460d5a\">\n<div class=\"wp-block-uagb-info-box uagb-block-d3bca209 uagb-infobox__content-wrap  uagb-infobox-icon-above-title uagb-infobox-image-valign-top\"><div class=\"uagb-ifb-content\"><div class=\"uagb-ifb-title-wrap\"><h2 class=\"uagb-ifb-title\">La solution : une mise en page professionnelle avec Emagicum.com<\/h2><\/div><p class=\"uagb-ifb-desc\">Nous nous occupons de tout pour vous ! Vous nous fournissez votre manuscrit, et nous veillons \u00e0 ce que votre livre soit parfaitement format\u00e9 pour l&rsquo;impression et l&rsquo;ebook. Avec notre service, plus besoin de vous soucier des marges, fonds perdus, profils colorim\u00e9triques, dimensions de couverture ou autres d\u00e9tails techniques \u2013 nous nous en chargeons !<\/p><\/div><\/div>\n\n\n\n<div class=\"wp-block-buttons is-content-justification-center is-layout-flex wp-container-core-buttons-is-layout-adf4db63 wp-block-buttons-is-layout-flex\" style=\"padding-top:0;padding-bottom:0\">\n<div class=\"wp-block-button\"><a class=\"wp-block-button__link wp-element-button\" href=\"https:\/\/buy.stripe.com\/4gw3fO9ue2fgeQMdRn\" rel=\" nofollow\"><strong>ACHETEZ MAINTENANT<\/strong><\/a><\/div>\n<\/div>\n<\/div>\n<\/div><\/div>\n\n\n\n<div class=\"wp-block-uagb-container uagb-block-e561fc63 alignfull uagb-is-root-container\"><div class=\"uagb-container-inner-blocks-wrap\">\n<div class=\"wp-block-uagb-container uagb-block-e431219e\">\n<div class=\"wp-block-uagb-info-box uagb-block-2a799890 uagb-infobox__content-wrap  uagb-infobox-icon-above-title uagb-infobox-image-valign-top\"><div class=\"uagb-ifb-content\"><div class=\"uagb-ifb-title-wrap\"><h2 class=\"uagb-ifb-title\">Notre service inclut :<\/h2><\/div><p class=\"uagb-ifb-desc\">&#8211; Mise en page de l&rsquo;int\u00e9rieur du livre broch\u00e9<br>&#8211; Cr\u00e9ation d&rsquo;une couverture pour le livre broch\u00e9<br>&#8211; Mise en page de l&rsquo;int\u00e9rieur de l&rsquo;ebook<br>&#8211; Conception d&rsquo;une couverture adapt\u00e9e pour l&rsquo;ebook<br><br><strong><strong>Tout cela pour seulement 75 \u20ac !<\/strong><\/strong><br><br><strong><strong>Ce dont nous avons besoin de votre part :<\/strong><\/strong><br>&#8211; Un fichier PDF de votre livre en pages simples<br>&#8211; Les illustrations de couverture (recto et verso)<br>&#8211; Pour un livre plus long, nous acceptons \u00e9galement les fichiers Word<\/p><\/div><\/div>\n<\/div>\n\n\n\n<div class=\"wp-block-uagb-container uagb-block-128b5e55\">\n<div class=\"wp-block-uagb-image aligncenter uagb-block-b85250a2 wp-block-uagb-image--layout-default wp-block-uagb-image--effect-static wp-block-uagb-image--align-center\"><figure class=\"wp-block-uagb-image__figure\"><img decoding=\"async\" srcset=\"https:\/\/emagicum.com\/wp-content\/uploads\/2024\/12\/book-shelf-1024x683.png ,https:\/\/emagicum.com\/wp-content\/uploads\/2024\/12\/book-shelf.png 780w, https:\/\/emagicum.com\/wp-content\/uploads\/2024\/12\/book-shelf.png 360w\" sizes=\"auto, (max-width: 480px) 150px\" src=\"https:\/\/emagicum.com\/wp-content\/uploads\/2024\/12\/book-shelf-1024x683.png\" alt=\"Amazon KDP\" class=\"uag-image-2779\" width=\"1024\" height=\"683\" title=\"\" loading=\"lazy\" role=\"img\"\/><\/figure><\/div>\n<\/div>\n<\/div><\/div>\n\n\n\n<div class=\"wp-block-uagb-container uagb-block-8a28ad4c alignfull uagb-is-root-container\"><div class=\"uagb-container-inner-blocks-wrap\">\n<div class=\"wp-block-uagb-advanced-heading uagb-block-8fca6a92\"><p class=\"uagb-desc-text\">Assurez-vous que votre livre ait une apparence professionnelle et soit publi\u00e9 avec la meilleure qualit\u00e9. Cliquez sur le bouton ci-dessous et profitez d\u00e8s maintenant de notre service de mise en page professionnelle !<\/p><\/div>\n\n\n\n<div class=\"wp-block-uagb-buttons uagb-buttons__outer-wrap uagb-btn__default-btn uagb-btn-tablet__default-btn uagb-btn-mobile__default-btn uagb-block-dcf031ed\"><div class=\"uagb-buttons__wrap uagb-buttons-layout-wrap \">\n<div class=\"wp-block-uagb-buttons-child uagb-buttons__outer-wrap uagb-block-88233a6f wp-block-button\"><div class=\"uagb-button__wrapper\"><a class=\"uagb-buttons-repeater wp-block-button__link\" aria-label=\"\" href=\"https:\/\/buy.stripe.com\/4gw3fO9ue2fgeQMdRn\" rel=\"nofollow noopener\" target=\"_self\" role=\"button\"><div class=\"uagb-button__link\">Achetez maintenant pour 75 \u20ac<\/div><span class=\"uagb-button__icon uagb-button__icon-position-after\"><svg xmlns=\"https:\/\/www.w3.org\/2000\/svg\" viewBox=\"0 0 448 512\" aria-hidden=\"true\" focussable=\"false\"><path d=\"M438.6 278.6l-160 160C272.4 444.9 264.2 448 256 448s-16.38-3.125-22.62-9.375c-12.5-12.5-12.5-32.75 0-45.25L338.8 288H32C14.33 288 .0016 273.7 .0016 256S14.33 224 32 224h306.8l-105.4-105.4c-12.5-12.5-12.5-32.75 0-45.25s32.75-12.5 45.25 0l160 160C451.1 245.9 451.1 266.1 438.6 278.6z\"><\/path><\/svg><\/span><\/a><\/div><\/div>\n<\/div><\/div>\n\n\n\n<p class=\"has-text-align-center\">Lorsque vous effectuez votre achat, un membre de notre \u00e9quipe vous contactera pour proc\u00e9der au formatage. Si votre livre est sur Emagicum, n&rsquo;oubliez pas d&rsquo;inclure votre nom d&rsquo;utilisateur Emagicum et l&rsquo;URL de votre livre dans les champs de texte sur la page de paiement.<\/p>\n<\/div><\/div>\n","protected":false},"excerpt":{"rendered":"<p>Mise en page de livre pour Amazon KDP Vous souhaitez publier votre propre livre sur Amazon KDP ? Parfait ! L&rsquo;auto-\u00e9dition vous donne un contr\u00f4le total sur votre \u0153uvre, vous permet de vendre \u00e0 l&rsquo;international et d&rsquo;optimiser vos revenus. Que ce soit un roman, un essai ou un livre illustr\u00e9, avec Amazon KDP, vous pouvez [&hellip;]<\/p>\n","protected":false},"author":1,"featured_media":2955,"parent":0,"menu_order":0,"comment_status":"closed","ping_status":"closed","template":"","meta":{"_uag_custom_page_level_css":"","site-sidebar-layout":"no-sidebar","site-content-layout":"plain-container","ast-site-content-layout":"normal-width-container","site-content-style":"unboxed","site-sidebar-style":"unboxed","ast-global-header-display":"","ast-banner-title-visibility":"","ast-main-header-display":"","ast-hfb-above-header-display":"","ast-hfb-below-header-display":"","ast-hfb-mobile-header-display":"","site-post-title":"disabled","ast-breadcrumbs-content":"","ast-featured-img":"disabled","footer-sml-layout":"","ast-disable-related-posts":"","theme-transparent-header-meta":"enabled","adv-header-id-meta":"","stick-header-meta":"","header-above-stick-meta":"","header-main-stick-meta":"","header-below-stick-meta":"","astra-migrate-meta-layouts":"set","ast-page-background-enabled":"default","ast-page-background-meta":{"desktop":{"background-color":"","background-image":"","background-repeat":"repeat","background-position":"center center","background-size":"auto","background-attachment":"scroll","background-type":"","background-media":"","overlay-type":"","overlay-color":"","overlay-opacity":"","overlay-gradient":""},"tablet":{"background-color":"","background-image":"","background-repeat":"repeat","background-position":"center center","background-size":"auto","background-attachment":"scroll","background-type":"","background-media":"","overlay-type":"","overlay-color":"","overlay-opacity":"","overlay-gradient":""},"mobile":{"background-color":"","background-image":"","background-repeat":"repeat","background-position":"center center","background-size":"auto","background-attachment":"scroll","background-type":"","background-media":"","overlay-type":"","overlay-color":"","overlay-opacity":"","overlay-gradient":""}},"ast-content-background-meta":{"desktop":{"background-color":"var(--ast-global-color-5)","background-image":"","background-repeat":"repeat","background-position":"center center","background-size":"auto","background-attachment":"scroll","background-type":"","background-media":"","overlay-type":"","overlay-color":"","overlay-opacity":"","overlay-gradient":""},"tablet":{"background-color":"var(--ast-global-color-5)","background-image":"","background-repeat":"repeat","background-position":"center center","background-size":"auto","background-attachment":"scroll","background-type":"","background-media":"","overlay-type":"","overlay-color":"","overlay-opacity":"","overlay-gradient":""},"mobile":{"background-color":"var(--ast-global-color-5)","background-image":"","background-repeat":"repeat","background-position":"center center","background-size":"auto","background-attachment":"scroll","background-type":"","background-media":"","overlay-type":"","overlay-color":"","overlay-opacity":"","overlay-gradient":""}},"footnotes":""},"class_list":["post-2959","page","type-page","status-publish","has-post-thumbnail","hentry"],"yoast_head":"<!-- This site is optimized with the Yoast SEO plugin v27.5 - https:\/\/yoast.com\/product\/yoast-seo-wordpress\/ -->\n<title>Mise en page de livre pour Amazon KDP - Emacigum<\/title>\n<meta name=\"description\" content=\"Vous souhaitez publier votre propre livre sur Amazon KDP ? Profitez d\u00e8s maintenant de notre service de mise en page professionnelle !\" \/>\n<meta name=\"robots\" content=\"index, follow, max-snippet:-1, max-image-preview:large, max-video-preview:-1\" \/>\n<link rel=\"canonical\" href=\"https:\/\/emagicum.com\/fr\/mise-en-page-de-livre-pour-amazon-kdp\/\" \/>\n<meta property=\"og:locale\" content=\"fr_FR\" \/>\n<meta property=\"og:type\" content=\"article\" \/>\n<meta property=\"og:title\" content=\"Mise en page de livre pour Amazon KDP - Emacigum\" \/>\n<meta property=\"og:description\" content=\"Vous souhaitez publier votre propre livre sur Amazon KDP ? Profitez d\u00e8s maintenant de notre service de mise en page professionnelle !\" \/>\n<meta property=\"og:url\" content=\"https:\/\/emagicum.com\/fr\/mise-en-page-de-livre-pour-amazon-kdp\/\" \/>\n<meta property=\"og:site_name\" content=\"Emacigum\" \/>\n<meta property=\"article:modified_time\" content=\"2025-03-02T09:37:47+00:00\" \/>\n<meta property=\"og:image\" content=\"https:\/\/emagicum.com\/wp-content\/uploads\/2025\/02\/KDP-formatting.jpg\" \/>\n\t<meta property=\"og:image:width\" content=\"1279\" \/>\n\t<meta property=\"og:image:height\" content=\"853\" \/>\n\t<meta property=\"og:image:type\" content=\"image\/jpeg\" \/>\n<meta name=\"twitter:card\" content=\"summary_large_image\" \/>\n<meta name=\"twitter:label1\" content=\"Dur\u00e9e de lecture estim\u00e9e\" \/>\n\t<meta name=\"twitter:data1\" content=\"3 minutes\" \/>\n<script type=\"application\/ld+json\" class=\"yoast-schema-graph\">{\"@context\":\"https:\\\/\\\/schema.org\",\"@graph\":[{\"@type\":\"WebPage\",\"@id\":\"https:\\\/\\\/emagicum.com\\\/fr\\\/mise-en-page-de-livre-pour-amazon-kdp\\\/\",\"url\":\"https:\\\/\\\/emagicum.com\\\/fr\\\/mise-en-page-de-livre-pour-amazon-kdp\\\/\",\"name\":\"Mise en page de livre pour Amazon KDP - Emacigum\",\"isPartOf\":{\"@id\":\"https:\\\/\\\/emagicum.com\\\/fr\\\/#website\"},\"primaryImageOfPage\":{\"@id\":\"https:\\\/\\\/emagicum.com\\\/fr\\\/mise-en-page-de-livre-pour-amazon-kdp\\\/#primaryimage\"},\"image\":{\"@id\":\"https:\\\/\\\/emagicum.com\\\/fr\\\/mise-en-page-de-livre-pour-amazon-kdp\\\/#primaryimage\"},\"thumbnailUrl\":\"https:\\\/\\\/emagicum.com\\\/wp-content\\\/uploads\\\/2025\\\/02\\\/KDP-formatting.jpg\",\"datePublished\":\"2025-02-18T12:05:44+00:00\",\"dateModified\":\"2025-03-02T09:37:47+00:00\",\"description\":\"Vous souhaitez publier votre propre livre sur Amazon KDP ? Profitez d\u00e8s maintenant de notre service de mise en page professionnelle !\",\"breadcrumb\":{\"@id\":\"https:\\\/\\\/emagicum.com\\\/fr\\\/mise-en-page-de-livre-pour-amazon-kdp\\\/#breadcrumb\"},\"inLanguage\":\"fr-FR\",\"potentialAction\":[{\"@type\":\"ReadAction\",\"target\":[\"https:\\\/\\\/emagicum.com\\\/fr\\\/mise-en-page-de-livre-pour-amazon-kdp\\\/\"]}]},{\"@type\":\"ImageObject\",\"inLanguage\":\"fr-FR\",\"@id\":\"https:\\\/\\\/emagicum.com\\\/fr\\\/mise-en-page-de-livre-pour-amazon-kdp\\\/#primaryimage\",\"url\":\"https:\\\/\\\/emagicum.com\\\/wp-content\\\/uploads\\\/2025\\\/02\\\/KDP-formatting.jpg\",\"contentUrl\":\"https:\\\/\\\/emagicum.com\\\/wp-content\\\/uploads\\\/2025\\\/02\\\/KDP-formatting.jpg\",\"width\":1279,\"height\":853},{\"@type\":\"BreadcrumbList\",\"@id\":\"https:\\\/\\\/emagicum.com\\\/fr\\\/mise-en-page-de-livre-pour-amazon-kdp\\\/#breadcrumb\",\"itemListElement\":[{\"@type\":\"ListItem\",\"position\":1,\"name\":\"Home\",\"item\":\"https:\\\/\\\/emagicum.com\\\/fr\\\/\"},{\"@type\":\"ListItem\",\"position\":2,\"name\":\"Mise en page de livre pour Amazon KDP\"}]},{\"@type\":\"WebSite\",\"@id\":\"https:\\\/\\\/emagicum.com\\\/fr\\\/#website\",\"url\":\"https:\\\/\\\/emagicum.com\\\/fr\\\/\",\"name\":\"Emacigum\",\"description\":\"\",\"publisher\":{\"@id\":\"https:\\\/\\\/emagicum.com\\\/fr\\\/#organization\"},\"potentialAction\":[{\"@type\":\"SearchAction\",\"target\":{\"@type\":\"EntryPoint\",\"urlTemplate\":\"https:\\\/\\\/emagicum.com\\\/fr\\\/?s={search_term_string}\"},\"query-input\":{\"@type\":\"PropertyValueSpecification\",\"valueRequired\":true,\"valueName\":\"search_term_string\"}}],\"inLanguage\":\"fr-FR\"},{\"@type\":\"Organization\",\"@id\":\"https:\\\/\\\/emagicum.com\\\/fr\\\/#organization\",\"name\":\"Emacigum\",\"url\":\"https:\\\/\\\/emagicum.com\\\/fr\\\/\",\"logo\":{\"@type\":\"ImageObject\",\"inLanguage\":\"fr-FR\",\"@id\":\"https:\\\/\\\/emagicum.com\\\/fr\\\/#\\\/schema\\\/logo\\\/image\\\/\",\"url\":\"https:\\\/\\\/emagicum.com\\\/wp-content\\\/uploads\\\/2023\\\/12\\\/eMagicum-03-e1701850816804-scaled.png\",\"contentUrl\":\"https:\\\/\\\/emagicum.com\\\/wp-content\\\/uploads\\\/2023\\\/12\\\/eMagicum-03-e1701850816804-scaled.png\",\"width\":2560,\"height\":707,\"caption\":\"Emacigum\"},\"image\":{\"@id\":\"https:\\\/\\\/emagicum.com\\\/fr\\\/#\\\/schema\\\/logo\\\/image\\\/\"}}]}<\/script>\n<!-- \/ Yoast SEO plugin. -->","yoast_head_json":{"title":"Mise en page de livre pour Amazon KDP - Emacigum","description":"Vous souhaitez publier votre propre livre sur Amazon KDP ? Profitez d\u00e8s maintenant de notre service de mise en page professionnelle !","robots":{"index":"index","follow":"follow","max-snippet":"max-snippet:-1","max-image-preview":"max-image-preview:large","max-video-preview":"max-video-preview:-1"},"canonical":"https:\/\/emagicum.com\/fr\/mise-en-page-de-livre-pour-amazon-kdp\/","og_locale":"fr_FR","og_type":"article","og_title":"Mise en page de livre pour Amazon KDP - Emacigum","og_description":"Vous souhaitez publier votre propre livre sur Amazon KDP ? Profitez d\u00e8s maintenant de notre service de mise en page professionnelle !","og_url":"https:\/\/emagicum.com\/fr\/mise-en-page-de-livre-pour-amazon-kdp\/","og_site_name":"Emacigum","article_modified_time":"2025-03-02T09:37:47+00:00","og_image":[{"width":1279,"height":853,"url":"https:\/\/emagicum.com\/wp-content\/uploads\/2025\/02\/KDP-formatting.jpg","type":"image\/jpeg"}],"twitter_card":"summary_large_image","twitter_misc":{"Dur\u00e9e de lecture estim\u00e9e":"3 minutes"},"schema":{"@context":"https:\/\/schema.org","@graph":[{"@type":"WebPage","@id":"https:\/\/emagicum.com\/fr\/mise-en-page-de-livre-pour-amazon-kdp\/","url":"https:\/\/emagicum.com\/fr\/mise-en-page-de-livre-pour-amazon-kdp\/","name":"Mise en page de livre pour Amazon KDP - Emacigum","isPartOf":{"@id":"https:\/\/emagicum.com\/fr\/#website"},"primaryImageOfPage":{"@id":"https:\/\/emagicum.com\/fr\/mise-en-page-de-livre-pour-amazon-kdp\/#primaryimage"},"image":{"@id":"https:\/\/emagicum.com\/fr\/mise-en-page-de-livre-pour-amazon-kdp\/#primaryimage"},"thumbnailUrl":"https:\/\/emagicum.com\/wp-content\/uploads\/2025\/02\/KDP-formatting.jpg","datePublished":"2025-02-18T12:05:44+00:00","dateModified":"2025-03-02T09:37:47+00:00","description":"Vous souhaitez publier votre propre livre sur Amazon KDP ? Profitez d\u00e8s maintenant de notre service de mise en page professionnelle !","breadcrumb":{"@id":"https:\/\/emagicum.com\/fr\/mise-en-page-de-livre-pour-amazon-kdp\/#breadcrumb"},"inLanguage":"fr-FR","potentialAction":[{"@type":"ReadAction","target":["https:\/\/emagicum.com\/fr\/mise-en-page-de-livre-pour-amazon-kdp\/"]}]},{"@type":"ImageObject","inLanguage":"fr-FR","@id":"https:\/\/emagicum.com\/fr\/mise-en-page-de-livre-pour-amazon-kdp\/#primaryimage","url":"https:\/\/emagicum.com\/wp-content\/uploads\/2025\/02\/KDP-formatting.jpg","contentUrl":"https:\/\/emagicum.com\/wp-content\/uploads\/2025\/02\/KDP-formatting.jpg","width":1279,"height":853},{"@type":"BreadcrumbList","@id":"https:\/\/emagicum.com\/fr\/mise-en-page-de-livre-pour-amazon-kdp\/#breadcrumb","itemListElement":[{"@type":"ListItem","position":1,"name":"Home","item":"https:\/\/emagicum.com\/fr\/"},{"@type":"ListItem","position":2,"name":"Mise en page de livre pour Amazon KDP"}]},{"@type":"WebSite","@id":"https:\/\/emagicum.com\/fr\/#website","url":"https:\/\/emagicum.com\/fr\/","name":"Emacigum","description":"","publisher":{"@id":"https:\/\/emagicum.com\/fr\/#organization"},"potentialAction":[{"@type":"SearchAction","target":{"@type":"EntryPoint","urlTemplate":"https:\/\/emagicum.com\/fr\/?s={search_term_string}"},"query-input":{"@type":"PropertyValueSpecification","valueRequired":true,"valueName":"search_term_string"}}],"inLanguage":"fr-FR"},{"@type":"Organization","@id":"https:\/\/emagicum.com\/fr\/#organization","name":"Emacigum","url":"https:\/\/emagicum.com\/fr\/","logo":{"@type":"ImageObject","inLanguage":"fr-FR","@id":"https:\/\/emagicum.com\/fr\/#\/schema\/logo\/image\/","url":"https:\/\/emagicum.com\/wp-content\/uploads\/2023\/12\/eMagicum-03-e1701850816804-scaled.png","contentUrl":"https:\/\/emagicum.com\/wp-content\/uploads\/2023\/12\/eMagicum-03-e1701850816804-scaled.png","width":2560,"height":707,"caption":"Emacigum"},"image":{"@id":"https:\/\/emagicum.com\/fr\/#\/schema\/logo\/image\/"}}]}},"uagb_featured_image_src":{"full":["https:\/\/emagicum.com\/wp-content\/uploads\/2025\/02\/KDP-formatting.jpg",1279,853,false],"thumbnail":["https:\/\/emagicum.com\/wp-content\/uploads\/2025\/02\/KDP-formatting-150x150.jpg",150,150,true],"medium":["https:\/\/emagicum.com\/wp-content\/uploads\/2025\/02\/KDP-formatting-300x200.jpg",300,200,true],"medium_large":["https:\/\/emagicum.com\/wp-content\/uploads\/2025\/02\/KDP-formatting-768x512.jpg",768,512,true],"large":["https:\/\/emagicum.com\/wp-content\/uploads\/2025\/02\/KDP-formatting-1024x683.jpg",1024,683,true],"1536x1536":["https:\/\/emagicum.com\/wp-content\/uploads\/2025\/02\/KDP-formatting.jpg",1279,853,false],"2048x2048":["https:\/\/emagicum.com\/wp-content\/uploads\/2025\/02\/KDP-formatting.jpg",1279,853,false]},"uagb_author_info":{"display_name":"Eliza","author_link":"https:\/\/emagicum.com\/fr\/author\/bbildr\/"},"uagb_comment_info":0,"uagb_excerpt":"Mise en page de livre pour Amazon KDP Vous souhaitez publier votre propre livre sur Amazon KDP ? Parfait ! L&rsquo;auto-\u00e9dition vous donne un contr\u00f4le total sur votre \u0153uvre, vous permet de vendre \u00e0 l&rsquo;international et d&rsquo;optimiser vos revenus. Que ce soit un roman, un essai ou un livre illustr\u00e9, avec Amazon KDP, vous pouvez\u2026","_links":{"self":[{"href":"https:\/\/emagicum.com\/fr\/wp-json\/wp\/v2\/pages\/2959","targetHints":{"allow":["GET"]}}],"collection":[{"href":"https:\/\/emagicum.com\/fr\/wp-json\/wp\/v2\/pages"}],"about":[{"href":"https:\/\/emagicum.com\/fr\/wp-json\/wp\/v2\/types\/page"}],"author":[{"embeddable":true,"href":"https:\/\/emagicum.com\/fr\/wp-json\/wp\/v2\/users\/1"}],"replies":[{"embeddable":true,"href":"https:\/\/emagicum.com\/fr\/wp-json\/wp\/v2\/comments?post=2959"}],"version-history":[{"count":11,"href":"https:\/\/emagicum.com\/fr\/wp-json\/wp\/v2\/pages\/2959\/revisions"}],"predecessor-version":[{"id":2993,"href":"https:\/\/emagicum.com\/fr\/wp-json\/wp\/v2\/pages\/2959\/revisions\/2993"}],"wp:featuredmedia":[{"embeddable":true,"href":"https:\/\/emagicum.com\/fr\/wp-json\/wp\/v2\/media\/2955"}],"wp:attachment":[{"href":"https:\/\/emagicum.com\/fr\/wp-json\/wp\/v2\/media?parent=2959"}],"curies":[{"name":"wp","href":"https:\/\/api.w.org\/{rel}","templated":true}]}}