{"id":2060,"date":"2022-03-01T05:02:55","date_gmt":"2022-03-01T05:02:55","guid":{"rendered":"https:\/\/emagicum.com\/contact\/"},"modified":"2024-10-20T09:21:40","modified_gmt":"2024-10-20T09:21:40","slug":"contact","status":"publish","type":"page","link":"https:\/\/emagicum.com\/fr\/contact\/","title":{"rendered":"Contact"},"content":{"rendered":"\n<div class=\"wp-block-uagb-container uagb-block-f189ccfc alignfull uagb-is-root-container\"><div class=\"uagb-container-inner-blocks-wrap\">\n<div class=\"wp-block-uagb-advanced-heading uagb-block-ad855c6f\"><h1 class=\"uagb-heading-text\">Contact<\/h1><p class=\"uagb-desc-text\">Tu as des questions ou des remarques\u2009? Tu veux travailler avec nous\u2009? N\u2019h\u00e9site pas \u00e0 nous contacter\u2009!<\/p><\/div>\n\n\n\n<div class=\"wp-block-uagb-container uagb-block-fa30c7bc\">\n<div class=\"wp-block-uagb-container uagb-block-b642c914\"><\/div>\n\n\n\n<div class=\"wp-block-uagb-container uagb-block-c0c3d5cf\">\n<div class=\"wp-block-uagb-advanced-heading uagb-block-b50a0138\"><h2 class=\"uagb-heading-text\">Envoie-nous un message<\/h2><p class=\"uagb-desc-text\">Remarque : ce formulaire est uniquement destin\u00e9 aux demandes g\u00e9n\u00e9rales. Si tu as besoin d\u2019aide, consulte la FAQ et les docs. Si cela ne t\u2019aide pas, soumets un ticket d\u2019assistance.<\/p><\/div>\n\n\n<div class=\"wpforms-container wpforms-block wpforms-block-afa2952f-ce97-4edb-9431-4ba5f183b552\" id=\"wpforms-2083\"><form id=\"wpforms-form-2083\" class=\"wpforms-validate wpforms-form\" data-formid=\"2083\" method=\"post\" enctype=\"multipart\/form-data\" action=\"\/fr\/wp-json\/wp\/v2\/pages\/2060\" data-token=\"a23bdd830f8c07de4c2174e423765410\" data-token-time=\"1777991475\"><noscript class=\"wpforms-error-noscript\">Veuillez activer JavaScript dans votre navigateur pour remplir ce formulaire.<\/noscript><div class=\"wpforms-field-container\"><div id=\"wpforms-2083-field_0-container\" class=\"wpforms-field wpforms-field-name\" data-field-id=\"0\"><label class=\"wpforms-field-label wpforms-label-hide\" for=\"wpforms-2083-field_0\">Nom <span class=\"wpforms-required-label\">*<\/span><\/label><input type=\"text\" id=\"wpforms-2083-field_0\" class=\"wpforms-field-large wpforms-field-required\" name=\"wpforms[fields][0]\" placeholder=\"Nom\" required><\/div><div id=\"wpforms-2083-field_1-container\" class=\"wpforms-field wpforms-field-email\" data-field-id=\"1\"><label class=\"wpforms-field-label wpforms-label-hide\" for=\"wpforms-2083-field_1\">Adresse \u00e9lectronique <span class=\"wpforms-required-label\">*<\/span><\/label><input type=\"email\" id=\"wpforms-2083-field_1\" class=\"wpforms-field-large wpforms-field-required\" name=\"wpforms[fields][1]\" placeholder=\"Adresse \u00e9lectronique\" spellcheck=\"false\" required><\/div><div id=\"wpforms-2083-field_3-container\" class=\"wpforms-field wpforms-field-text\" data-field-id=\"3\"><label class=\"wpforms-field-label wpforms-label-hide\" for=\"wpforms-2083-field_3\">Sujet du message <span class=\"wpforms-required-label\">*<\/span><\/label><input type=\"text\" id=\"wpforms-2083-field_3\" class=\"wpforms-field-large wpforms-field-required\" name=\"wpforms[fields][3]\" placeholder=\"Sujet du message\" required><\/div><div id=\"wpforms-2083-field_2-container\" class=\"wpforms-field wpforms-field-textarea\" data-field-id=\"2\"><label class=\"wpforms-field-label wpforms-label-hide\" for=\"wpforms-2083-field_2\">Ton message <span class=\"wpforms-required-label\">*<\/span><\/label><textarea id=\"wpforms-2083-field_2\" class=\"wpforms-field-medium wpforms-field-required\" name=\"wpforms[fields][2]\" placeholder=\"Ton message\" required><\/textarea><\/div><\/div><!-- .wpforms-field-container --><div class=\"wpforms-recaptcha-container wpforms-is-turnstile\" ><div class=\"wpforms-turnstile\" data-sitekey=\"0x4AAAAAAAQQWAdDyur5WeSQ\" data-action=\"FormID-2083\"><\/div><input type=\"text\" name=\"g-recaptcha-hidden\" class=\"wpforms-recaptcha-hidden\" style=\"position:absolute!important;clip:rect(0,0,0,0)!important;height:1px!important;width:1px!important;border:0!important;overflow:hidden!important;padding:0!important;margin:0!important;\" data-rule-turnstile=\"1\"><\/div><div class=\"wpforms-submit-container\" ><input type=\"hidden\" name=\"wpforms[id]\" value=\"2083\"><input type=\"hidden\" name=\"page_title\" value=\"\"><input type=\"hidden\" name=\"page_url\" value=\"https:\/\/emagicum.com\/fr\/wp-json\/wp\/v2\/pages\/2060\"><input type=\"hidden\" name=\"url_referer\" value=\"\"><button type=\"submit\" name=\"wpforms[submit]\" id=\"wpforms-submit-2083\" class=\"wpforms-submit\" data-alt-text=\"En cours...\" data-submit-text=\"Envoyer\" aria-live=\"assertive\" value=\"wpforms-submit\">Envoyer<\/button><\/div><\/form><\/div>  <!-- .wpforms-container --><\/div>\n<\/div>\n<\/div><\/div>\n","protected":false},"excerpt":{"rendered":"<p>Contact Tu as des questions ou des remarques\u2009? Tu veux travailler avec nous\u2009? N\u2019h\u00e9site pas \u00e0 nous contacter\u2009! Envoie-nous un message Remarque : ce formulaire est uniquement destin\u00e9 aux demandes g\u00e9n\u00e9rales. Si tu as besoin d\u2019aide, consulte la FAQ et les docs. Si cela ne t\u2019aide pas, soumets un ticket d\u2019assistance.<\/p>\n","protected":false},"author":1,"featured_media":0,"parent":0,"menu_order":0,"comment_status":"closed","ping_status":"closed","template":"","meta":{"_uag_custom_page_level_css":"","site-sidebar-layout":"no-sidebar","site-content-layout":"plain-container","ast-site-content-layout":"normal-width-container","site-content-style":"unboxed","site-sidebar-style":"unboxed","ast-global-header-display":"","ast-banner-title-visibility":"","ast-main-header-display":"","ast-hfb-above-header-display":"","ast-hfb-below-header-display":"","ast-hfb-mobile-header-display":"","site-post-title":"disabled","ast-breadcrumbs-content":"","ast-featured-img":"disabled","footer-sml-layout":"","ast-disable-related-posts":"","theme-transparent-header-meta":"enabled","adv-header-id-meta":"","stick-header-meta":"","header-above-stick-meta":"","header-main-stick-meta":"","header-below-stick-meta":"","astra-migrate-meta-layouts":"set","ast-page-background-enabled":"default","ast-page-background-meta":{"desktop":{"background-color":"","background-image":"","background-repeat":"repeat","background-position":"center center","background-size":"auto","background-attachment":"scroll","background-type":"","background-media":"","overlay-type":"","overlay-color":"","overlay-opacity":"","overlay-gradient":""},"tablet":{"background-color":"","background-image":"","background-repeat":"repeat","background-position":"center center","background-size":"auto","background-attachment":"scroll","background-type":"","background-media":"","overlay-type":"","overlay-color":"","overlay-opacity":"","overlay-gradient":""},"mobile":{"background-color":"","background-image":"","background-repeat":"repeat","background-position":"center center","background-size":"auto","background-attachment":"scroll","background-type":"","background-media":"","overlay-type":"","overlay-color":"","overlay-opacity":"","overlay-gradient":""}},"ast-content-background-meta":{"desktop":{"background-color":"var(--ast-global-color-5)","background-image":"","background-repeat":"repeat","background-position":"center center","background-size":"auto","background-attachment":"scroll","background-type":"","background-media":"","overlay-type":"","overlay-color":"","overlay-opacity":"","overlay-gradient":""},"tablet":{"background-color":"var(--ast-global-color-5)","background-image":"","background-repeat":"repeat","background-position":"center center","background-size":"auto","background-attachment":"scroll","background-type":"","background-media":"","overlay-type":"","overlay-color":"","overlay-opacity":"","overlay-gradient":""},"mobile":{"background-color":"var(--ast-global-color-5)","background-image":"","background-repeat":"repeat","background-position":"center center","background-size":"auto","background-attachment":"scroll","background-type":"","background-media":"","overlay-type":"","overlay-color":"","overlay-opacity":"","overlay-gradient":""}},"footnotes":""},"class_list":["post-2060","page","type-page","status-publish","hentry"],"yoast_head":"<!-- This site is optimized with the Yoast SEO plugin v27.5 - https:\/\/yoast.com\/product\/yoast-seo-wordpress\/ -->\n<title>Contact Nous - Emacigum<\/title>\n<meta name=\"description\" content=\"Contacte-nous et les employ\u00e9s d&#039;Emagicum r\u00e9pondront \u00e0 tes questions et demandes dans les 24 heures.\" \/>\n<meta name=\"robots\" content=\"index, follow, max-snippet:-1, max-image-preview:large, max-video-preview:-1\" \/>\n<link rel=\"canonical\" href=\"https:\/\/emagicum.com\/fr\/contact\/\" \/>\n<meta property=\"og:locale\" content=\"fr_FR\" \/>\n<meta property=\"og:type\" content=\"article\" \/>\n<meta property=\"og:title\" content=\"Contact Nous - Emacigum\" \/>\n<meta property=\"og:description\" content=\"Contacte-nous et les employ\u00e9s d&#039;Emagicum r\u00e9pondront \u00e0 tes questions et demandes dans les 24 heures.\" \/>\n<meta property=\"og:url\" content=\"https:\/\/emagicum.com\/fr\/contact\/\" \/>\n<meta property=\"og:site_name\" content=\"Emacigum\" \/>\n<meta property=\"article:modified_time\" content=\"2024-10-20T09:21:40+00:00\" \/>\n<meta name=\"twitter:card\" content=\"summary_large_image\" \/>\n<meta name=\"twitter:label1\" content=\"Dur\u00e9e de lecture estim\u00e9e\" \/>\n\t<meta name=\"twitter:data1\" content=\"1 minute\" \/>\n<script type=\"application\/ld+json\" class=\"yoast-schema-graph\">{\"@context\":\"https:\\\/\\\/schema.org\",\"@graph\":[{\"@type\":\"WebPage\",\"@id\":\"https:\\\/\\\/emagicum.com\\\/fr\\\/contact\\\/\",\"url\":\"https:\\\/\\\/emagicum.com\\\/fr\\\/contact\\\/\",\"name\":\"Contact Nous - Emacigum\",\"isPartOf\":{\"@id\":\"https:\\\/\\\/emagicum.com\\\/fr\\\/#website\"},\"datePublished\":\"2022-03-01T05:02:55+00:00\",\"dateModified\":\"2024-10-20T09:21:40+00:00\",\"description\":\"Contacte-nous et les employ\u00e9s d'Emagicum r\u00e9pondront \u00e0 tes questions et demandes dans les 24 heures.\",\"breadcrumb\":{\"@id\":\"https:\\\/\\\/emagicum.com\\\/fr\\\/contact\\\/#breadcrumb\"},\"inLanguage\":\"fr-FR\",\"potentialAction\":[{\"@type\":\"ReadAction\",\"target\":[\"https:\\\/\\\/emagicum.com\\\/fr\\\/contact\\\/\"]}]},{\"@type\":\"BreadcrumbList\",\"@id\":\"https:\\\/\\\/emagicum.com\\\/fr\\\/contact\\\/#breadcrumb\",\"itemListElement\":[{\"@type\":\"ListItem\",\"position\":1,\"name\":\"Home\",\"item\":\"https:\\\/\\\/emagicum.com\\\/fr\\\/\"},{\"@type\":\"ListItem\",\"position\":2,\"name\":\"Contact\"}]},{\"@type\":\"WebSite\",\"@id\":\"https:\\\/\\\/emagicum.com\\\/fr\\\/#website\",\"url\":\"https:\\\/\\\/emagicum.com\\\/fr\\\/\",\"name\":\"Emacigum\",\"description\":\"\",\"publisher\":{\"@id\":\"https:\\\/\\\/emagicum.com\\\/fr\\\/#organization\"},\"potentialAction\":[{\"@type\":\"SearchAction\",\"target\":{\"@type\":\"EntryPoint\",\"urlTemplate\":\"https:\\\/\\\/emagicum.com\\\/fr\\\/?s={search_term_string}\"},\"query-input\":{\"@type\":\"PropertyValueSpecification\",\"valueRequired\":true,\"valueName\":\"search_term_string\"}}],\"inLanguage\":\"fr-FR\"},{\"@type\":\"Organization\",\"@id\":\"https:\\\/\\\/emagicum.com\\\/fr\\\/#organization\",\"name\":\"Emacigum\",\"url\":\"https:\\\/\\\/emagicum.com\\\/fr\\\/\",\"logo\":{\"@type\":\"ImageObject\",\"inLanguage\":\"fr-FR\",\"@id\":\"https:\\\/\\\/emagicum.com\\\/fr\\\/#\\\/schema\\\/logo\\\/image\\\/\",\"url\":\"https:\\\/\\\/emagicum.com\\\/wp-content\\\/uploads\\\/2023\\\/12\\\/eMagicum-03-e1701850816804-scaled.png\",\"contentUrl\":\"https:\\\/\\\/emagicum.com\\\/wp-content\\\/uploads\\\/2023\\\/12\\\/eMagicum-03-e1701850816804-scaled.png\",\"width\":2560,\"height\":707,\"caption\":\"Emacigum\"},\"image\":{\"@id\":\"https:\\\/\\\/emagicum.com\\\/fr\\\/#\\\/schema\\\/logo\\\/image\\\/\"}}]}<\/script>\n<!-- \/ Yoast SEO plugin. -->","yoast_head_json":{"title":"Contact Nous - Emacigum","description":"Contacte-nous et les employ\u00e9s d'Emagicum r\u00e9pondront \u00e0 tes questions et demandes dans les 24 heures.","robots":{"index":"index","follow":"follow","max-snippet":"max-snippet:-1","max-image-preview":"max-image-preview:large","max-video-preview":"max-video-preview:-1"},"canonical":"https:\/\/emagicum.com\/fr\/contact\/","og_locale":"fr_FR","og_type":"article","og_title":"Contact Nous - Emacigum","og_description":"Contacte-nous et les employ\u00e9s d'Emagicum r\u00e9pondront \u00e0 tes questions et demandes dans les 24 heures.","og_url":"https:\/\/emagicum.com\/fr\/contact\/","og_site_name":"Emacigum","article_modified_time":"2024-10-20T09:21:40+00:00","twitter_card":"summary_large_image","twitter_misc":{"Dur\u00e9e de lecture estim\u00e9e":"1 minute"},"schema":{"@context":"https:\/\/schema.org","@graph":[{"@type":"WebPage","@id":"https:\/\/emagicum.com\/fr\/contact\/","url":"https:\/\/emagicum.com\/fr\/contact\/","name":"Contact Nous - Emacigum","isPartOf":{"@id":"https:\/\/emagicum.com\/fr\/#website"},"datePublished":"2022-03-01T05:02:55+00:00","dateModified":"2024-10-20T09:21:40+00:00","description":"Contacte-nous et les employ\u00e9s d'Emagicum r\u00e9pondront \u00e0 tes questions et demandes dans les 24 heures.","breadcrumb":{"@id":"https:\/\/emagicum.com\/fr\/contact\/#breadcrumb"},"inLanguage":"fr-FR","potentialAction":[{"@type":"ReadAction","target":["https:\/\/emagicum.com\/fr\/contact\/"]}]},{"@type":"BreadcrumbList","@id":"https:\/\/emagicum.com\/fr\/contact\/#breadcrumb","itemListElement":[{"@type":"ListItem","position":1,"name":"Home","item":"https:\/\/emagicum.com\/fr\/"},{"@type":"ListItem","position":2,"name":"Contact"}]},{"@type":"WebSite","@id":"https:\/\/emagicum.com\/fr\/#website","url":"https:\/\/emagicum.com\/fr\/","name":"Emacigum","description":"","publisher":{"@id":"https:\/\/emagicum.com\/fr\/#organization"},"potentialAction":[{"@type":"SearchAction","target":{"@type":"EntryPoint","urlTemplate":"https:\/\/emagicum.com\/fr\/?s={search_term_string}"},"query-input":{"@type":"PropertyValueSpecification","valueRequired":true,"valueName":"search_term_string"}}],"inLanguage":"fr-FR"},{"@type":"Organization","@id":"https:\/\/emagicum.com\/fr\/#organization","name":"Emacigum","url":"https:\/\/emagicum.com\/fr\/","logo":{"@type":"ImageObject","inLanguage":"fr-FR","@id":"https:\/\/emagicum.com\/fr\/#\/schema\/logo\/image\/","url":"https:\/\/emagicum.com\/wp-content\/uploads\/2023\/12\/eMagicum-03-e1701850816804-scaled.png","contentUrl":"https:\/\/emagicum.com\/wp-content\/uploads\/2023\/12\/eMagicum-03-e1701850816804-scaled.png","width":2560,"height":707,"caption":"Emacigum"},"image":{"@id":"https:\/\/emagicum.com\/fr\/#\/schema\/logo\/image\/"}}]}},"uagb_featured_image_src":{"full":false,"thumbnail":false,"medium":false,"medium_large":false,"large":false,"1536x1536":false,"2048x2048":false},"uagb_author_info":{"display_name":"Eliza","author_link":"https:\/\/emagicum.com\/fr\/author\/bbildr\/"},"uagb_comment_info":0,"uagb_excerpt":"Contact Tu as des questions ou des remarques\u2009? Tu veux travailler avec nous\u2009? N\u2019h\u00e9site pas \u00e0 nous contacter\u2009! Envoie-nous un message Remarque : ce formulaire est uniquement destin\u00e9 aux demandes g\u00e9n\u00e9rales. Si tu as besoin d\u2019aide, consulte la FAQ et les docs. Si cela ne t\u2019aide pas, soumets un ticket d\u2019assistance.","_links":{"self":[{"href":"https:\/\/emagicum.com\/fr\/wp-json\/wp\/v2\/pages\/2060","targetHints":{"allow":["GET"]}}],"collection":[{"href":"https:\/\/emagicum.com\/fr\/wp-json\/wp\/v2\/pages"}],"about":[{"href":"https:\/\/emagicum.com\/fr\/wp-json\/wp\/v2\/types\/page"}],"author":[{"embeddable":true,"href":"https:\/\/emagicum.com\/fr\/wp-json\/wp\/v2\/users\/1"}],"replies":[{"embeddable":true,"href":"https:\/\/emagicum.com\/fr\/wp-json\/wp\/v2\/comments?post=2060"}],"version-history":[{"count":5,"href":"https:\/\/emagicum.com\/fr\/wp-json\/wp\/v2\/pages\/2060\/revisions"}],"predecessor-version":[{"id":2680,"href":"https:\/\/emagicum.com\/fr\/wp-json\/wp\/v2\/pages\/2060\/revisions\/2680"}],"wp:attachment":[{"href":"https:\/\/emagicum.com\/fr\/wp-json\/wp\/v2\/media?parent=2060"}],"curies":[{"name":"wp","href":"https:\/\/api.w.org\/{rel}","templated":true}]}}