{"id":2055,"date":"2022-03-01T05:00:15","date_gmt":"2022-03-01T05:00:15","guid":{"rendered":"https:\/\/emagicum.com\/formats-des-livres\/"},"modified":"2024-12-06T16:44:26","modified_gmt":"2024-12-06T16:44:26","slug":"formats-des-livres","status":"publish","type":"page","link":"https:\/\/emagicum.com\/fr\/formats-des-livres\/","title":{"rendered":"Formats des livres"},"content":{"rendered":"\n<div class=\"wp-block-uagb-container uagb-block-3d0976d0 alignfull uagb-is-root-container\"><div class=\"uagb-container-inner-blocks-wrap\">\n<div class=\"wp-block-uagb-advanced-heading uagb-block-5a08d7b8\"><h2 class=\"uagb-heading-text\">Con\u00e7ois ton histoire \u00e0 ta fa\u00e7on : d\u00e9couvre notre s\u00e9lection de formats de livres et de couvertures.<\/h2><p class=\"uagb-desc-text\">Avant de commencer, tu dois trouver le format parfait pour ton livre. Des classiques \u00e0 couverture rigide aux livres de poche portables, choisis la taille, l\u2019orientation et la reliure id\u00e9ales.<\/p><\/div>\n<\/div><\/div>\n\n\n\n<div class=\"wp-block-uagb-container uagb-block-0b7f3eb3 alignfull uagb-is-root-container\"><div class=\"uagb-container-inner-blocks-wrap\">\n<div class=\"wp-block-uagb-container uagb-block-e2162d22\">\n<div class=\"wp-block-uagb-info-box uagb-block-19b80100 uagb-infobox__content-wrap  uagb-infobox-icon-above-title uagb-infobox-image-valign-top\"><div class=\"uagb-ifb-content\"><div class=\"uagb-ifb-title-wrap\"><h2 class=\"uagb-ifb-title\">Livres \u00e0 couverture rigide<\/h2><\/div><p class=\"uagb-ifb-desc\">Cr\u00e9e ton histoire avec une \u00e9l\u00e9gance intemporelle. Nos livres \u00e0 couverture rigide sont con\u00e7us pour \u00eatre durables et esth\u00e9tiques. Choisis entre les formats A5, A4 ou carr\u00e9 pour correspondre au style de ton r\u00e9cit.<\/p><\/div><\/div>\n\n\n\n<div class=\"wp-block-uagb-advanced-heading uagb-block-2411c88b\"><h4 class=\"uagb-heading-text\"><strong>\u00c0 partir de 19,49 \u20ac<\/strong><\/h4><\/div>\n<\/div>\n\n\n\n<div class=\"wp-block-uagb-container uagb-block-9c650792\">\n<div class=\"wp-block-uagb-image aligncenter uagb-block-7f97dfa9 wp-block-uagb-image--layout-default wp-block-uagb-image--effect-static wp-block-uagb-image--align-center\"><figure class=\"wp-block-uagb-image__figure\"><img decoding=\"async\" srcset=\"https:\/\/emagicum.com\/wp-content\/uploads\/2024\/12\/Livre-pour-enfants.png ,https:\/\/emagicum.com\/wp-content\/uploads\/2024\/12\/Livre-pour-enfants.png 780w, https:\/\/emagicum.com\/wp-content\/uploads\/2024\/12\/Livre-pour-enfants.png 360w\" sizes=\"auto, (max-width: 480px) 150px\" src=\"https:\/\/emagicum.com\/wp-content\/uploads\/2024\/12\/Livre-pour-enfants.png\" alt=\"\" class=\"uag-image-2768\" width=\"1200\" height=\"800\" title=\"Livre pour enfants\" loading=\"lazy\" role=\"img\"\/><\/figure><\/div>\n<\/div>\n<\/div><\/div>\n\n\n\n<div class=\"wp-block-uagb-container uagb-block-ae7b3416 alignfull uagb-is-root-container\"><div class=\"uagb-container-inner-blocks-wrap\">\n<div class=\"wp-block-uagb-container uagb-block-da341fdd\">\n<figure class=\"wp-block-image aligncenter size-full\"><img loading=\"lazy\" decoding=\"async\" width=\"1200\" height=\"800\" src=\"https:\/\/emagicum.com\/wp-content\/uploads\/2024\/12\/Notre-histoire.png\" alt=\"\" class=\"wp-image-2771\" srcset=\"https:\/\/emagicum.com\/wp-content\/uploads\/2024\/12\/Notre-histoire.png 1200w, https:\/\/emagicum.com\/wp-content\/uploads\/2024\/12\/Notre-histoire-300x200.png 300w, https:\/\/emagicum.com\/wp-content\/uploads\/2024\/12\/Notre-histoire-1024x683.png 1024w, https:\/\/emagicum.com\/wp-content\/uploads\/2024\/12\/Notre-histoire-768x512.png 768w\" sizes=\"auto, (max-width: 1200px) 100vw, 1200px\" \/><\/figure>\n<\/div>\n\n\n\n<div class=\"wp-block-uagb-container uagb-block-92460d5a\">\n<div class=\"wp-block-uagb-info-box uagb-block-d3bca209 uagb-infobox__content-wrap  uagb-infobox-icon-above-title uagb-infobox-image-valign-top\"><div class=\"uagb-ifb-content\"><div class=\"uagb-ifb-title-wrap\"><h2 class=\"uagb-ifb-title\">Livres \u00e0 couverture souple<\/h2><\/div><p class=\"uagb-ifb-desc\">Pour une option plus flexible et mobile, nos livres de poche sont le choix parfait. Que ce soit le format compact A5, le format standard A4 ou le format carr\u00e9, tu trouveras le format id\u00e9al pour ton \u0153uvre. Nous proposons des livres parfaitement reli\u00e9s et cousus au point arri\u00e8re.<\/p><\/div><\/div>\n\n\n\n<div class=\"wp-block-uagb-advanced-heading uagb-block-d649f1e5\"><h4 class=\"uagb-heading-text\"><strong>\u00c0 partir de 9,99 \u20ac<\/strong><\/h4><\/div>\n<\/div>\n<\/div><\/div>\n\n\n\n<div class=\"wp-block-uagb-container uagb-block-a92a990b alignfull uagb-is-root-container\"><div class=\"uagb-container-inner-blocks-wrap\">\n<div class=\"wp-block-uagb-advanced-heading uagb-block-4094581d\"><h2 class=\"uagb-heading-text\">Guide des formats de livres<\/h2><p class=\"uagb-desc-text\">Tu n\u2019es pas s\u00fbr des tailles\u2009? Notre guide des tailles t\u2019aide \u00e0 visualiser les formats A5, A4 et carr\u00e9. Comprends l\u2019impact de la taille sur l\u2019exp\u00e9rience de lecture et choisis le format qui correspond \u00e0 ta vision cr\u00e9ative.<\/p><\/div>\n<\/div><\/div>\n\n\n\n<div class=\"wp-block-uagb-container uagb-block-aa589b2a alignfull uagb-is-root-container\"><div class=\"uagb-container-inner-blocks-wrap\">\n<div class=\"wp-block-columns is-layout-flex wp-container-core-columns-is-layout-28f84493 wp-block-columns-is-layout-flex\">\n<div class=\"wp-block-column is-vertically-aligned-center is-layout-flow wp-block-column-is-layout-flow\" style=\"flex-basis:66.66%\">\n<div class=\"wp-block-uagb-info-box uagb-block-240db3e7 uagb-infobox__content-wrap  uagb-infobox-icon-above-title uagb-infobox-image-valign-top\"><div class=\"uagb-ifb-content\"><div class=\"uagb-ifb-title-wrap\"><h3 class=\"uagb-ifb-title\">Format A5 (14,8 cm x 21 cm)<\/h3><\/div><p class=\"uagb-ifb-desc\">D\u00e9couvre la commodit\u00e9 du format A5 \u2013 un choix parfait pour les petites histoires, les journaux intimes ou les r\u00e9cits de voyage. Son format pratique se glisse sans probl\u00e8me dans les mains de tes lecteurs et est id\u00e9al pour les aventures et les r\u00e9flexions personnelles en d\u00e9placement.<\/p><\/div><\/div>\n<\/div>\n\n\n\n<div class=\"wp-block-column is-layout-flow wp-block-column-is-layout-flow\" style=\"flex-basis:33.33%\">\n<figure class=\"wp-block-image size-full\"><img loading=\"lazy\" decoding=\"async\" width=\"1714\" height=\"1142\" src=\"https:\/\/emagicum.com\/wp-content\/uploads\/2024\/01\/A5-size-new.png\" alt=\"\" class=\"wp-image-1821\" srcset=\"https:\/\/emagicum.com\/wp-content\/uploads\/2024\/01\/A5-size-new.png 1714w, https:\/\/emagicum.com\/wp-content\/uploads\/2024\/01\/A5-size-new-300x200.png 300w, https:\/\/emagicum.com\/wp-content\/uploads\/2024\/01\/A5-size-new-1024x682.png 1024w, https:\/\/emagicum.com\/wp-content\/uploads\/2024\/01\/A5-size-new-768x512.png 768w, https:\/\/emagicum.com\/wp-content\/uploads\/2024\/01\/A5-size-new-1536x1023.png 1536w\" sizes=\"auto, (max-width: 1714px) 100vw, 1714px\" \/><\/figure>\n<\/div>\n<\/div>\n<\/div><\/div>\n\n\n\n<div class=\"wp-block-uagb-container uagb-block-b8398751 alignfull uagb-is-root-container\"><div class=\"uagb-container-inner-blocks-wrap\">\n<div class=\"wp-block-columns is-layout-flex wp-container-core-columns-is-layout-28f84493 wp-block-columns-is-layout-flex\">\n<div class=\"wp-block-column is-vertically-aligned-center is-layout-flow wp-block-column-is-layout-flow\" style=\"flex-basis:66.66%\">\n<div class=\"wp-block-uagb-info-box uagb-block-553cab64 uagb-infobox__content-wrap  uagb-infobox-icon-above-title uagb-infobox-image-valign-top\"><div class=\"uagb-ifb-content\"><div class=\"uagb-ifb-title-wrap\"><h3 class=\"uagb-ifb-title\">Format A4 (21 cm x 29,7 cm)<\/h3><\/div><p class=\"uagb-ifb-desc\">Explore le format standard A4 \u2013 un format polyvalent qui convient \u00e0 une grande vari\u00e9t\u00e9 de genres. Ses dimensions offrent beaucoup de place pour des illustrations d\u00e9taill\u00e9es et des r\u00e9cits complets. Avec A4, tu obtiens une apparence classique et professionnelle.<\/p><\/div><\/div>\n<\/div>\n\n\n\n<div class=\"wp-block-column is-layout-flow wp-block-column-is-layout-flow\" style=\"flex-basis:33.33%\">\n<figure class=\"wp-block-image size-full\"><img loading=\"lazy\" decoding=\"async\" width=\"1714\" height=\"1142\" src=\"https:\/\/emagicum.com\/wp-content\/uploads\/2024\/01\/A4-size-new.png\" alt=\"\" class=\"wp-image-1822\" srcset=\"https:\/\/emagicum.com\/wp-content\/uploads\/2024\/01\/A4-size-new.png 1714w, https:\/\/emagicum.com\/wp-content\/uploads\/2024\/01\/A4-size-new-300x200.png 300w, https:\/\/emagicum.com\/wp-content\/uploads\/2024\/01\/A4-size-new-1024x682.png 1024w, https:\/\/emagicum.com\/wp-content\/uploads\/2024\/01\/A4-size-new-768x512.png 768w, https:\/\/emagicum.com\/wp-content\/uploads\/2024\/01\/A4-size-new-1536x1023.png 1536w\" sizes=\"auto, (max-width: 1714px) 100vw, 1714px\" \/><\/figure>\n<\/div>\n<\/div>\n<\/div><\/div>\n\n\n\n<div class=\"wp-block-uagb-container uagb-block-bd390227 alignfull uagb-is-root-container\"><div class=\"uagb-container-inner-blocks-wrap\">\n<div class=\"wp-block-columns is-layout-flex wp-container-core-columns-is-layout-28f84493 wp-block-columns-is-layout-flex\">\n<div class=\"wp-block-column is-vertically-aligned-center is-layout-flow wp-block-column-is-layout-flow\" style=\"flex-basis:66.66%\">\n<div class=\"wp-block-uagb-info-box uagb-block-cadbb0db uagb-infobox__content-wrap  uagb-infobox-icon-above-title uagb-infobox-image-valign-top\"><div class=\"uagb-ifb-content\"><div class=\"uagb-ifb-title-wrap\"><h3 class=\"uagb-ifb-title\">Format carr\u00e9 (21,6 cm x 21,6 cm)<\/h3><\/div><p class=\"uagb-ifb-desc\">Avec notre format carr\u00e9, tu es \u00e0 la fine pointe de la technologie. Le format carr\u00e9 est parfait pour raconter des histoires visuelles ainsi que pour des livres pour enfants, et il ajoute une touche unique \u00e0 ton livre d\u2019images. D\u00e9couvre des possibilit\u00e9s cr\u00e9atives qui vont au-del\u00e0 des mises en page traditionnelles.<\/p><\/div><\/div>\n<\/div>\n\n\n\n<div class=\"wp-block-column is-layout-flow wp-block-column-is-layout-flow\" style=\"flex-basis:33.33%\">\n<figure class=\"wp-block-image size-full\"><img loading=\"lazy\" decoding=\"async\" width=\"1714\" height=\"1142\" src=\"https:\/\/emagicum.com\/wp-content\/uploads\/2024\/01\/Square-size-new.png\" alt=\"\" class=\"wp-image-1819\" srcset=\"https:\/\/emagicum.com\/wp-content\/uploads\/2024\/01\/Square-size-new.png 1714w, https:\/\/emagicum.com\/wp-content\/uploads\/2024\/01\/Square-size-new-300x200.png 300w, https:\/\/emagicum.com\/wp-content\/uploads\/2024\/01\/Square-size-new-1024x682.png 1024w, https:\/\/emagicum.com\/wp-content\/uploads\/2024\/01\/Square-size-new-768x512.png 768w, https:\/\/emagicum.com\/wp-content\/uploads\/2024\/01\/Square-size-new-1536x1023.png 1536w\" sizes=\"auto, (max-width: 1714px) 100vw, 1714px\" \/><\/figure>\n<\/div>\n<\/div>\n<\/div><\/div>\n\n\n\n<div class=\"wp-block-uagb-container uagb-block-8a28ad4c alignfull uagb-is-root-container\"><div class=\"uagb-container-inner-blocks-wrap\">\n<div class=\"wp-block-uagb-advanced-heading uagb-block-8fca6a92\"><p class=\"uagb-desc-text\">Avec les connaissances acquises dans notre guide des tailles, tu es maintenant pr\u00eat \u00e0 te lancer dans le voyage de la conception de livres. Choisis la taille qui correspond \u00e0 ta vision narrative et laisse ton histoire se d\u00e9rouler dans les dimensions parfaites.<\/p><\/div>\n\n\n\n<div class=\"wp-block-uagb-buttons uagb-buttons__outer-wrap uagb-btn__default-btn uagb-btn-tablet__default-btn uagb-btn-mobile__default-btn uagb-block-dcf031ed\"><div class=\"uagb-buttons__wrap uagb-buttons-layout-wrap \">\n<div class=\"wp-block-uagb-buttons-child uagb-buttons__outer-wrap uagb-block-88233a6f wp-block-button\"><div class=\"uagb-button__wrapper\"><a class=\"uagb-buttons-repeater wp-block-button__link\" aria-label=\"\" href=\"https:\/\/emagicum.com\/fr\/mon-compte\/\" rel=\"follow noopener\" target=\"_self\" role=\"button\"><div class=\"uagb-button__link\">Commence \u00e0 cr\u00e9er ton livre d\u00e8s aujourd\u2019hui\u2009!<\/div><span class=\"uagb-button__icon uagb-button__icon-position-after\"><svg xmlns=\"https:\/\/www.w3.org\/2000\/svg\" viewBox=\"0 0 448 512\" aria-hidden=\"true\" focussable=\"false\"><path d=\"M438.6 278.6l-160 160C272.4 444.9 264.2 448 256 448s-16.38-3.125-22.62-9.375c-12.5-12.5-12.5-32.75 0-45.25L338.8 288H32C14.33 288 .0016 273.7 .0016 256S14.33 224 32 224h306.8l-105.4-105.4c-12.5-12.5-12.5-32.75 0-45.25s32.75-12.5 45.25 0l160 160C451.1 245.9 451.1 266.1 438.6 278.6z\"><\/path><\/svg><\/span><\/a><\/div><\/div>\n<\/div><\/div>\n<\/div><\/div>\n\n\n\n<div class=\"wp-block-uagb-container uagb-block-b29357e5 alignfull uagb-is-root-container\"><div class=\"uagb-container-inner-blocks-wrap\">\n<div class=\"wp-block-uagb-advanced-heading uagb-block-91826d95\"><h2 class=\"uagb-heading-text\">Envoi rapide<\/h2><p class=\"uagb-desc-text\">Emagicum imprime les livres \u00e0 la demande dans plusieurs imprimeries de France. Cela garantit des temps de production efficaces et une exp\u00e9dition rapide. En g\u00e9n\u00e9ral, les livres sont imprim\u00e9s en 5 \u00e0 7 jours ouvrables environ, bien que les d\u00e9lais de production et de livraison puissent \u00eatre plus longs pendant les vacances d\u2019hiver et la saison de la rentr\u00e9e scolaire.<\/p><\/div>\n<\/div><\/div>\n","protected":false},"excerpt":{"rendered":"<p>Con\u00e7ois ton histoire \u00e0 ta fa\u00e7on : d\u00e9couvre notre s\u00e9lection de formats de livres et de couvertures. Avant de commencer, tu dois trouver le format parfait pour ton livre. Des classiques \u00e0 couverture rigide aux livres de poche portables, choisis la taille, l\u2019orientation et la reliure id\u00e9ales. \u00c0 partir de 19,49 \u20ac \u00c0 partir de [&hellip;]<\/p>\n","protected":false},"author":1,"featured_media":0,"parent":0,"menu_order":0,"comment_status":"closed","ping_status":"closed","template":"","meta":{"_uag_custom_page_level_css":"","site-sidebar-layout":"no-sidebar","site-content-layout":"plain-container","ast-site-content-layout":"normal-width-container","site-content-style":"unboxed","site-sidebar-style":"unboxed","ast-global-header-display":"","ast-banner-title-visibility":"","ast-main-header-display":"","ast-hfb-above-header-display":"","ast-hfb-below-header-display":"","ast-hfb-mobile-header-display":"","site-post-title":"disabled","ast-breadcrumbs-content":"","ast-featured-img":"disabled","footer-sml-layout":"","ast-disable-related-posts":"","theme-transparent-header-meta":"enabled","adv-header-id-meta":"","stick-header-meta":"","header-above-stick-meta":"","header-main-stick-meta":"","header-below-stick-meta":"","astra-migrate-meta-layouts":"set","ast-page-background-enabled":"default","ast-page-background-meta":{"desktop":{"background-color":"","background-image":"","background-repeat":"repeat","background-position":"center center","background-size":"auto","background-attachment":"scroll","background-type":"","background-media":"","overlay-type":"","overlay-color":"","overlay-opacity":"","overlay-gradient":""},"tablet":{"background-color":"","background-image":"","background-repeat":"repeat","background-position":"center center","background-size":"auto","background-attachment":"scroll","background-type":"","background-media":"","overlay-type":"","overlay-color":"","overlay-opacity":"","overlay-gradient":""},"mobile":{"background-color":"","background-image":"","background-repeat":"repeat","background-position":"center center","background-size":"auto","background-attachment":"scroll","background-type":"","background-media":"","overlay-type":"","overlay-color":"","overlay-opacity":"","overlay-gradient":""}},"ast-content-background-meta":{"desktop":{"background-color":"var(--ast-global-color-5)","background-image":"","background-repeat":"repeat","background-position":"center center","background-size":"auto","background-attachment":"scroll","background-type":"","background-media":"","overlay-type":"","overlay-color":"","overlay-opacity":"","overlay-gradient":""},"tablet":{"background-color":"var(--ast-global-color-5)","background-image":"","background-repeat":"repeat","background-position":"center center","background-size":"auto","background-attachment":"scroll","background-type":"","background-media":"","overlay-type":"","overlay-color":"","overlay-opacity":"","overlay-gradient":""},"mobile":{"background-color":"var(--ast-global-color-5)","background-image":"","background-repeat":"repeat","background-position":"center center","background-size":"auto","background-attachment":"scroll","background-type":"","background-media":"","overlay-type":"","overlay-color":"","overlay-opacity":"","overlay-gradient":""}},"footnotes":""},"class_list":["post-2055","page","type-page","status-publish","hentry"],"yoast_head":"<!-- This site is optimized with the Yoast SEO plugin v27.5 - https:\/\/yoast.com\/product\/yoast-seo-wordpress\/ -->\n<title>Emagicum formats de livre et prix - Emacigum<\/title>\n<meta name=\"description\" content=\"Emagicum propose une conception de livre abordable et une impression professionnelle \u00e0 partir de 9,99 \u20ac seulement ! Cr\u00e9e et imprime ton livre d\u00e8s aujourd&#039;hui.\" \/>\n<meta name=\"robots\" content=\"index, follow, max-snippet:-1, max-image-preview:large, max-video-preview:-1\" \/>\n<link rel=\"canonical\" href=\"https:\/\/emagicum.com\/fr\/formats-des-livres\/\" \/>\n<meta property=\"og:locale\" content=\"fr_FR\" \/>\n<meta property=\"og:type\" content=\"article\" \/>\n<meta property=\"og:title\" content=\"Emagicum formats de livre et prix - Emacigum\" \/>\n<meta property=\"og:description\" content=\"Emagicum propose une conception de livre abordable et une impression professionnelle \u00e0 partir de 9,99 \u20ac seulement ! Cr\u00e9e et imprime ton livre d\u00e8s aujourd&#039;hui.\" \/>\n<meta property=\"og:url\" content=\"https:\/\/emagicum.com\/fr\/formats-des-livres\/\" \/>\n<meta property=\"og:site_name\" content=\"Emacigum\" \/>\n<meta property=\"article:modified_time\" content=\"2024-12-06T16:44:26+00:00\" \/>\n<meta property=\"og:image\" content=\"https:\/\/emagicum.com\/wp-content\/uploads\/2024\/12\/Livre-pour-enfants.png\" \/>\n<meta name=\"twitter:card\" content=\"summary_large_image\" \/>\n<meta name=\"twitter:label1\" content=\"Dur\u00e9e de lecture estim\u00e9e\" \/>\n\t<meta name=\"twitter:data1\" content=\"4 minutes\" \/>\n<script type=\"application\/ld+json\" class=\"yoast-schema-graph\">{\"@context\":\"https:\\\/\\\/schema.org\",\"@graph\":[{\"@type\":\"WebPage\",\"@id\":\"https:\\\/\\\/emagicum.com\\\/fr\\\/formats-des-livres\\\/\",\"url\":\"https:\\\/\\\/emagicum.com\\\/fr\\\/formats-des-livres\\\/\",\"name\":\"Emagicum formats de livre et prix - Emacigum\",\"isPartOf\":{\"@id\":\"https:\\\/\\\/emagicum.com\\\/fr\\\/#website\"},\"primaryImageOfPage\":{\"@id\":\"https:\\\/\\\/emagicum.com\\\/fr\\\/formats-des-livres\\\/#primaryimage\"},\"image\":{\"@id\":\"https:\\\/\\\/emagicum.com\\\/fr\\\/formats-des-livres\\\/#primaryimage\"},\"thumbnailUrl\":\"https:\\\/\\\/emagicum.com\\\/wp-content\\\/uploads\\\/2024\\\/12\\\/Livre-pour-enfants.png\",\"datePublished\":\"2022-03-01T05:00:15+00:00\",\"dateModified\":\"2024-12-06T16:44:26+00:00\",\"description\":\"Emagicum propose une conception de livre abordable et une impression professionnelle \u00e0 partir de 9,99 \u20ac seulement ! Cr\u00e9e et imprime ton livre d\u00e8s aujourd'hui.\",\"breadcrumb\":{\"@id\":\"https:\\\/\\\/emagicum.com\\\/fr\\\/formats-des-livres\\\/#breadcrumb\"},\"inLanguage\":\"fr-FR\",\"potentialAction\":[{\"@type\":\"ReadAction\",\"target\":[\"https:\\\/\\\/emagicum.com\\\/fr\\\/formats-des-livres\\\/\"]}]},{\"@type\":\"ImageObject\",\"inLanguage\":\"fr-FR\",\"@id\":\"https:\\\/\\\/emagicum.com\\\/fr\\\/formats-des-livres\\\/#primaryimage\",\"url\":\"https:\\\/\\\/emagicum.com\\\/wp-content\\\/uploads\\\/2024\\\/12\\\/Livre-pour-enfants.png\",\"contentUrl\":\"https:\\\/\\\/emagicum.com\\\/wp-content\\\/uploads\\\/2024\\\/12\\\/Livre-pour-enfants.png\"},{\"@type\":\"BreadcrumbList\",\"@id\":\"https:\\\/\\\/emagicum.com\\\/fr\\\/formats-des-livres\\\/#breadcrumb\",\"itemListElement\":[{\"@type\":\"ListItem\",\"position\":1,\"name\":\"Home\",\"item\":\"https:\\\/\\\/emagicum.com\\\/fr\\\/\"},{\"@type\":\"ListItem\",\"position\":2,\"name\":\"Formats des livres\"}]},{\"@type\":\"WebSite\",\"@id\":\"https:\\\/\\\/emagicum.com\\\/fr\\\/#website\",\"url\":\"https:\\\/\\\/emagicum.com\\\/fr\\\/\",\"name\":\"Emacigum\",\"description\":\"\",\"publisher\":{\"@id\":\"https:\\\/\\\/emagicum.com\\\/fr\\\/#organization\"},\"potentialAction\":[{\"@type\":\"SearchAction\",\"target\":{\"@type\":\"EntryPoint\",\"urlTemplate\":\"https:\\\/\\\/emagicum.com\\\/fr\\\/?s={search_term_string}\"},\"query-input\":{\"@type\":\"PropertyValueSpecification\",\"valueRequired\":true,\"valueName\":\"search_term_string\"}}],\"inLanguage\":\"fr-FR\"},{\"@type\":\"Organization\",\"@id\":\"https:\\\/\\\/emagicum.com\\\/fr\\\/#organization\",\"name\":\"Emacigum\",\"url\":\"https:\\\/\\\/emagicum.com\\\/fr\\\/\",\"logo\":{\"@type\":\"ImageObject\",\"inLanguage\":\"fr-FR\",\"@id\":\"https:\\\/\\\/emagicum.com\\\/fr\\\/#\\\/schema\\\/logo\\\/image\\\/\",\"url\":\"https:\\\/\\\/emagicum.com\\\/wp-content\\\/uploads\\\/2023\\\/12\\\/eMagicum-03-e1701850816804-scaled.png\",\"contentUrl\":\"https:\\\/\\\/emagicum.com\\\/wp-content\\\/uploads\\\/2023\\\/12\\\/eMagicum-03-e1701850816804-scaled.png\",\"width\":2560,\"height\":707,\"caption\":\"Emacigum\"},\"image\":{\"@id\":\"https:\\\/\\\/emagicum.com\\\/fr\\\/#\\\/schema\\\/logo\\\/image\\\/\"}}]}<\/script>\n<!-- \/ Yoast SEO plugin. -->","yoast_head_json":{"title":"Emagicum formats de livre et prix - Emacigum","description":"Emagicum propose une conception de livre abordable et une impression professionnelle \u00e0 partir de 9,99 \u20ac seulement ! Cr\u00e9e et imprime ton livre d\u00e8s aujourd'hui.","robots":{"index":"index","follow":"follow","max-snippet":"max-snippet:-1","max-image-preview":"max-image-preview:large","max-video-preview":"max-video-preview:-1"},"canonical":"https:\/\/emagicum.com\/fr\/formats-des-livres\/","og_locale":"fr_FR","og_type":"article","og_title":"Emagicum formats de livre et prix - Emacigum","og_description":"Emagicum propose une conception de livre abordable et une impression professionnelle \u00e0 partir de 9,99 \u20ac seulement ! Cr\u00e9e et imprime ton livre d\u00e8s aujourd'hui.","og_url":"https:\/\/emagicum.com\/fr\/formats-des-livres\/","og_site_name":"Emacigum","article_modified_time":"2024-12-06T16:44:26+00:00","og_image":[{"url":"https:\/\/emagicum.com\/wp-content\/uploads\/2024\/12\/Livre-pour-enfants.png","type":"","width":"","height":""}],"twitter_card":"summary_large_image","twitter_misc":{"Dur\u00e9e de lecture estim\u00e9e":"4 minutes"},"schema":{"@context":"https:\/\/schema.org","@graph":[{"@type":"WebPage","@id":"https:\/\/emagicum.com\/fr\/formats-des-livres\/","url":"https:\/\/emagicum.com\/fr\/formats-des-livres\/","name":"Emagicum formats de livre et prix - Emacigum","isPartOf":{"@id":"https:\/\/emagicum.com\/fr\/#website"},"primaryImageOfPage":{"@id":"https:\/\/emagicum.com\/fr\/formats-des-livres\/#primaryimage"},"image":{"@id":"https:\/\/emagicum.com\/fr\/formats-des-livres\/#primaryimage"},"thumbnailUrl":"https:\/\/emagicum.com\/wp-content\/uploads\/2024\/12\/Livre-pour-enfants.png","datePublished":"2022-03-01T05:00:15+00:00","dateModified":"2024-12-06T16:44:26+00:00","description":"Emagicum propose une conception de livre abordable et une impression professionnelle \u00e0 partir de 9,99 \u20ac seulement ! Cr\u00e9e et imprime ton livre d\u00e8s aujourd'hui.","breadcrumb":{"@id":"https:\/\/emagicum.com\/fr\/formats-des-livres\/#breadcrumb"},"inLanguage":"fr-FR","potentialAction":[{"@type":"ReadAction","target":["https:\/\/emagicum.com\/fr\/formats-des-livres\/"]}]},{"@type":"ImageObject","inLanguage":"fr-FR","@id":"https:\/\/emagicum.com\/fr\/formats-des-livres\/#primaryimage","url":"https:\/\/emagicum.com\/wp-content\/uploads\/2024\/12\/Livre-pour-enfants.png","contentUrl":"https:\/\/emagicum.com\/wp-content\/uploads\/2024\/12\/Livre-pour-enfants.png"},{"@type":"BreadcrumbList","@id":"https:\/\/emagicum.com\/fr\/formats-des-livres\/#breadcrumb","itemListElement":[{"@type":"ListItem","position":1,"name":"Home","item":"https:\/\/emagicum.com\/fr\/"},{"@type":"ListItem","position":2,"name":"Formats des livres"}]},{"@type":"WebSite","@id":"https:\/\/emagicum.com\/fr\/#website","url":"https:\/\/emagicum.com\/fr\/","name":"Emacigum","description":"","publisher":{"@id":"https:\/\/emagicum.com\/fr\/#organization"},"potentialAction":[{"@type":"SearchAction","target":{"@type":"EntryPoint","urlTemplate":"https:\/\/emagicum.com\/fr\/?s={search_term_string}"},"query-input":{"@type":"PropertyValueSpecification","valueRequired":true,"valueName":"search_term_string"}}],"inLanguage":"fr-FR"},{"@type":"Organization","@id":"https:\/\/emagicum.com\/fr\/#organization","name":"Emacigum","url":"https:\/\/emagicum.com\/fr\/","logo":{"@type":"ImageObject","inLanguage":"fr-FR","@id":"https:\/\/emagicum.com\/fr\/#\/schema\/logo\/image\/","url":"https:\/\/emagicum.com\/wp-content\/uploads\/2023\/12\/eMagicum-03-e1701850816804-scaled.png","contentUrl":"https:\/\/emagicum.com\/wp-content\/uploads\/2023\/12\/eMagicum-03-e1701850816804-scaled.png","width":2560,"height":707,"caption":"Emacigum"},"image":{"@id":"https:\/\/emagicum.com\/fr\/#\/schema\/logo\/image\/"}}]}},"uagb_featured_image_src":{"full":false,"thumbnail":false,"medium":false,"medium_large":false,"large":false,"1536x1536":false,"2048x2048":false},"uagb_author_info":{"display_name":"Eliza","author_link":"https:\/\/emagicum.com\/fr\/author\/bbildr\/"},"uagb_comment_info":0,"uagb_excerpt":"Con\u00e7ois ton histoire \u00e0 ta fa\u00e7on : d\u00e9couvre notre s\u00e9lection de formats de livres et de couvertures. Avant de commencer, tu dois trouver le format parfait pour ton livre. Des classiques \u00e0 couverture rigide aux livres de poche portables, choisis la taille, l\u2019orientation et la reliure id\u00e9ales. \u00c0 partir de 19,49 \u20ac \u00c0 partir de\u2026","_links":{"self":[{"href":"https:\/\/emagicum.com\/fr\/wp-json\/wp\/v2\/pages\/2055","targetHints":{"allow":["GET"]}}],"collection":[{"href":"https:\/\/emagicum.com\/fr\/wp-json\/wp\/v2\/pages"}],"about":[{"href":"https:\/\/emagicum.com\/fr\/wp-json\/wp\/v2\/types\/page"}],"author":[{"embeddable":true,"href":"https:\/\/emagicum.com\/fr\/wp-json\/wp\/v2\/users\/1"}],"replies":[{"embeddable":true,"href":"https:\/\/emagicum.com\/fr\/wp-json\/wp\/v2\/comments?post=2055"}],"version-history":[{"count":8,"href":"https:\/\/emagicum.com\/fr\/wp-json\/wp\/v2\/pages\/2055\/revisions"}],"predecessor-version":[{"id":2777,"href":"https:\/\/emagicum.com\/fr\/wp-json\/wp\/v2\/pages\/2055\/revisions\/2777"}],"wp:attachment":[{"href":"https:\/\/emagicum.com\/fr\/wp-json\/wp\/v2\/media?parent=2055"}],"curies":[{"name":"wp","href":"https:\/\/api.w.org\/{rel}","templated":true}]}}