{"id":2046,"date":"2022-03-01T05:01:18","date_gmt":"2022-03-01T05:01:18","guid":{"rendered":"https:\/\/emagicum.com\/a-propos-de-nous\/"},"modified":"2024-12-06T17:00:56","modified_gmt":"2024-12-06T17:00:56","slug":"a-propos-de-nous","status":"publish","type":"page","link":"https:\/\/emagicum.com\/fr\/a-propos-de-nous\/","title":{"rendered":"A propos de nous"},"content":{"rendered":"\n<div class=\"wp-block-uagb-container uagb-block-094a37e0 alignfull uagb-is-root-container\"><div class=\"uagb-container-inner-blocks-wrap\">\n<div class=\"wp-block-uagb-advanced-heading uagb-block-6b2544a0\"><h1 class=\"uagb-heading-text\">\u00c0 propos d&rsquo;Emagicum<\/h1><p class=\"uagb-desc-text\">Bienvenue sur Emagicum, une plateforme qui se concentre sur la cr\u00e9ation de livres illustr\u00e9s uniques, de mani\u00e8re simple et professionnelle. Nous nous engageons \u00e0 offrir une exp\u00e9rience fluide et innovante aux auteurs d\u00e9butants et professionnels.<\/p><\/div>\n\n\n\n<div class=\"wp-block-uagb-container uagb-block-a30b8134\">\n<div class=\"wp-block-uagb-container uagb-block-dc37ef31\">\n<div class=\"wp-block-uagb-image uagb-block-fcec2027 wp-block-uagb-image--layout-default wp-block-uagb-image--effect-static wp-block-uagb-image--align-none uag-hide-tab uag-hide-mob\"><figure class=\"wp-block-uagb-image__figure\"><img decoding=\"async\" srcset=\"https:\/\/emagicum.com\/wp-content\/uploads\/2024\/12\/book-shelf.png ,https:\/\/emagicum.com\/wp-content\/uploads\/2024\/12\/book-shelf.png 780w, https:\/\/emagicum.com\/wp-content\/uploads\/2024\/12\/book-shelf.png 360w\" sizes=\"auto, (max-width: 480px) 150px\" src=\"https:\/\/emagicum.com\/wp-content\/uploads\/2024\/12\/book-shelf.png\" alt=\"\" class=\"uag-image-2779\" width=\"1200\" height=\"800\" title=\"book shelf\" loading=\"lazy\" role=\"img\"\/><\/figure><\/div>\n<\/div>\n\n\n\n<div class=\"wp-block-uagb-container uagb-block-a58ad5a4\">\n<div class=\"wp-block-uagb-info-box uagb-block-c2385f38 uagb-infobox__content-wrap  uagb-infobox-icon-above-title uagb-infobox-image-valign-top\"><div class=\"uagb-ifb-content\"><div class=\"uagb-ifb-icon-wrap\"><svg xmlns=\"https:\/\/www.w3.org\/2000\/svg\" viewBox=\"0 0 448 512\"><path d=\"M96 224C84.72 224 74.05 226.3 64 229.9V224c0-35.3 28.7-64 64-64c17.67 0 32-14.33 32-32S145.7 96 128 96C57.42 96 0 153.4 0 224v96c0 53.02 42.98 96 96 96s96-42.98 96-96S149 224 96 224zM352 224c-11.28 0-21.95 2.305-32 5.879V224c0-35.3 28.7-64 64-64c17.67 0 32-14.33 32-32s-14.33-32-32-32c-70.58 0-128 57.42-128 128v96c0 53.02 42.98 96 96 96s96-42.98 96-96S405 224 352 224z\"><\/path><\/svg><\/div><div class=\"uagb-ifb-title-wrap\"><h3 class=\"uagb-ifb-title\">Ton histoire m\u00e9rite d\u2019\u00eatre publi\u00e9e\u2009!<\/h3><\/div><p class=\"uagb-ifb-desc\">EMAGICUM<\/p><\/div><\/div>\n<\/div>\n<\/div>\n\n\n\n<div class=\"wp-block-uagb-container uagb-block-cf186171\">\n<div class=\"wp-block-uagb-advanced-heading uagb-block-78df275f\"><h2 class=\"uagb-heading-text\">Notre plateforme<\/h2><p class=\"uagb-desc-text\">Chez Emagicum, les auteurs ont la possibilit\u00e9 de cr\u00e9er des livres illustr\u00e9s gr\u00e2ce \u00e0 notre outil intuitif d\u2019\u00e9dition et de mise en page de livres, une vaste collection d\u2019illustrations et un illustrateur IA avanc\u00e9. L\u2019int\u00e9gration de polices d\u2019\u00e9criture Google optimise le processus cr\u00e9atif et permet aux utilisateurs de concevoir leurs livres de mani\u00e8re professionnelle avec diff\u00e9rentes options typographiques.<\/p><\/div>\n\n\n\n<p>L\u2019outil d\u2019\u00e9dition Emagicum est particuli\u00e8rement convivial et donc id\u00e9al pour tous les auteurs, quel que soit leur \u00e2ge ou leur exp\u00e9rience informatique.<\/p>\n<\/div>\n\n\n\n<div class=\"wp-block-uagb-container uagb-block-1bd40639\">\n<div class=\"wp-block-uagb-info-box uagb-block-e6905cb8 uagb-infobox__content-wrap  uagb-infobox-icon-above-title uagb-infobox-image-valign-top\"><div class=\"uagb-ifb-content\"><div class=\"uagb-ifb-title-wrap\"><h4 class=\"uagb-ifb-title\">Impression professionnelle de livres<\/h4><\/div><p class=\"uagb-ifb-desc\"><br>Une fois que ton livre est pr\u00eat, Emagicum offre la commodit\u00e9 de services d\u2019impression professionnels, r\u00e9alis\u00e9s en un clic en France. Nous comprenons l\u2019importance des formats \u00e0 la fois physiques et num\u00e9riques, c\u2019est pourquoi les utilisateurs ont la possibilit\u00e9 de commander des exemplaires de livres de poche ou \u00e0 couverture rigide imprim\u00e9s de mani\u00e8re professionnelle ou de t\u00e9l\u00e9charger leurs cr\u00e9ations au format PDF.<\/p><\/div><\/div>\n\n\n\n<div class=\"wp-block-uagb-info-box uagb-block-4beb36e3 uagb-infobox__content-wrap  uagb-infobox-icon-above-title uagb-infobox-image-valign-top\"><div class=\"uagb-ifb-content\"><div class=\"uagb-ifb-title-wrap\"><h4 class=\"uagb-ifb-title\">Participe \u00e0 l\u2019action\u2009!<\/h4><\/div><p class=\"uagb-ifb-desc\">Que tu sois un conteur exp\u00e9riment\u00e9 ou que tu entreprennes ton premier voyage litt\u00e9raire, Emagicum t\u2019invite \u00e0 explorer la magie de la cr\u00e9ation de livres. Cr\u00e9e ton compte gratuit d\u00e8s aujourd\u2019hui et laisse Emagicum \u00eatre la toile de fond de tes histoires.<\/p><\/div><\/div>\n\n\n\n<div class=\"wp-block-uagb-info-box uagb-block-6a2ddb1f uagb-infobox__content-wrap  uagb-infobox-icon-above-title uagb-infobox-image-valign-top\"><div class=\"uagb-ifb-content\"><div class=\"uagb-ifb-title-wrap\"><h4 class=\"uagb-ifb-title\">Emagicum et Practimize LLC<\/h4><\/div><p class=\"uagb-ifb-desc\">Emagicum est fier d\u2019\u00eatre membre de Practimize LLC, une entreprise qui se consacre \u00e0 la promotion de la cr\u00e9ativit\u00e9 gr\u00e2ce \u00e0 la cr\u00e9ation et au design de livres innovants. Cette appartenance renforce notre engagement \u00e0 fournir des outils fiables et faciles \u00e0 utiliser pour les personnes qui souhaitent s\u2019exprimer en racontant des histoires.<\/p><\/div><\/div>\n<\/div>\n<\/div><\/div>\n","protected":false},"excerpt":{"rendered":"<p>\u00c0 propos d&rsquo;Emagicum Bienvenue sur Emagicum, une plateforme qui se concentre sur la cr\u00e9ation de livres illustr\u00e9s uniques, de mani\u00e8re simple et professionnelle. Nous nous engageons \u00e0 offrir une exp\u00e9rience fluide et innovante aux auteurs d\u00e9butants et professionnels. Notre plateforme Chez Emagicum, les auteurs ont la possibilit\u00e9 de cr\u00e9er des livres illustr\u00e9s gr\u00e2ce \u00e0 notre [&hellip;]<\/p>\n","protected":false},"author":1,"featured_media":0,"parent":0,"menu_order":0,"comment_status":"closed","ping_status":"closed","template":"","meta":{"_uag_custom_page_level_css":"","site-sidebar-layout":"no-sidebar","site-content-layout":"plain-container","ast-site-content-layout":"normal-width-container","site-content-style":"unboxed","site-sidebar-style":"unboxed","ast-global-header-display":"","ast-banner-title-visibility":"","ast-main-header-display":"","ast-hfb-above-header-display":"","ast-hfb-below-header-display":"","ast-hfb-mobile-header-display":"","site-post-title":"disabled","ast-breadcrumbs-content":"","ast-featured-img":"disabled","footer-sml-layout":"","ast-disable-related-posts":"","theme-transparent-header-meta":"enabled","adv-header-id-meta":"","stick-header-meta":"","header-above-stick-meta":"","header-main-stick-meta":"","header-below-stick-meta":"","astra-migrate-meta-layouts":"set","ast-page-background-enabled":"default","ast-page-background-meta":{"desktop":{"background-color":"","background-image":"","background-repeat":"repeat","background-position":"center center","background-size":"auto","background-attachment":"scroll","background-type":"","background-media":"","overlay-type":"","overlay-color":"","overlay-opacity":"","overlay-gradient":""},"tablet":{"background-color":"","background-image":"","background-repeat":"repeat","background-position":"center center","background-size":"auto","background-attachment":"scroll","background-type":"","background-media":"","overlay-type":"","overlay-color":"","overlay-opacity":"","overlay-gradient":""},"mobile":{"background-color":"","background-image":"","background-repeat":"repeat","background-position":"center center","background-size":"auto","background-attachment":"scroll","background-type":"","background-media":"","overlay-type":"","overlay-color":"","overlay-opacity":"","overlay-gradient":""}},"ast-content-background-meta":{"desktop":{"background-color":"var(--ast-global-color-5)","background-image":"","background-repeat":"repeat","background-position":"center center","background-size":"auto","background-attachment":"scroll","background-type":"","background-media":"","overlay-type":"","overlay-color":"","overlay-opacity":"","overlay-gradient":""},"tablet":{"background-color":"var(--ast-global-color-5)","background-image":"","background-repeat":"repeat","background-position":"center center","background-size":"auto","background-attachment":"scroll","background-type":"","background-media":"","overlay-type":"","overlay-color":"","overlay-opacity":"","overlay-gradient":""},"mobile":{"background-color":"var(--ast-global-color-5)","background-image":"","background-repeat":"repeat","background-position":"center center","background-size":"auto","background-attachment":"scroll","background-type":"","background-media":"","overlay-type":"","overlay-color":"","overlay-opacity":"","overlay-gradient":""}},"footnotes":""},"class_list":["post-2046","page","type-page","status-publish","hentry"],"yoast_head":"<!-- This site is optimized with the Yoast SEO plugin v27.5 - https:\/\/yoast.com\/product\/yoast-seo-wordpress\/ -->\n<title>A propos de nous - Emacigum<\/title>\n<meta name=\"description\" content=\"Bienvenue sur Emagicum, une plateforme qui se concentre sur la cr\u00e9ation de livres illustr\u00e9s uniques, de mani\u00e8re simple et professionnelle.\" \/>\n<meta name=\"robots\" content=\"index, follow, max-snippet:-1, max-image-preview:large, max-video-preview:-1\" \/>\n<link rel=\"canonical\" href=\"https:\/\/emagicum.com\/fr\/a-propos-de-nous\/\" \/>\n<meta property=\"og:locale\" content=\"fr_FR\" \/>\n<meta property=\"og:type\" content=\"article\" \/>\n<meta property=\"og:title\" content=\"A propos de nous - Emacigum\" \/>\n<meta property=\"og:description\" content=\"Bienvenue sur Emagicum, une plateforme qui se concentre sur la cr\u00e9ation de livres illustr\u00e9s uniques, de mani\u00e8re simple et professionnelle.\" \/>\n<meta property=\"og:url\" content=\"https:\/\/emagicum.com\/fr\/a-propos-de-nous\/\" \/>\n<meta property=\"og:site_name\" content=\"Emacigum\" \/>\n<meta property=\"article:modified_time\" content=\"2024-12-06T17:00:56+00:00\" \/>\n<meta property=\"og:image\" content=\"https:\/\/emagicum.com\/wp-content\/uploads\/2024\/12\/book-shelf.png\" \/>\n<meta name=\"twitter:card\" content=\"summary_large_image\" \/>\n<meta name=\"twitter:label1\" content=\"Dur\u00e9e de lecture estim\u00e9e\" \/>\n\t<meta name=\"twitter:data1\" content=\"2 minutes\" \/>\n<script type=\"application\/ld+json\" class=\"yoast-schema-graph\">{\"@context\":\"https:\\\/\\\/schema.org\",\"@graph\":[{\"@type\":\"WebPage\",\"@id\":\"https:\\\/\\\/emagicum.com\\\/fr\\\/a-propos-de-nous\\\/\",\"url\":\"https:\\\/\\\/emagicum.com\\\/fr\\\/a-propos-de-nous\\\/\",\"name\":\"A propos de nous - Emacigum\",\"isPartOf\":{\"@id\":\"https:\\\/\\\/emagicum.com\\\/fr\\\/#website\"},\"primaryImageOfPage\":{\"@id\":\"https:\\\/\\\/emagicum.com\\\/fr\\\/a-propos-de-nous\\\/#primaryimage\"},\"image\":{\"@id\":\"https:\\\/\\\/emagicum.com\\\/fr\\\/a-propos-de-nous\\\/#primaryimage\"},\"thumbnailUrl\":\"https:\\\/\\\/emagicum.com\\\/wp-content\\\/uploads\\\/2024\\\/12\\\/book-shelf.png\",\"datePublished\":\"2022-03-01T05:01:18+00:00\",\"dateModified\":\"2024-12-06T17:00:56+00:00\",\"description\":\"Bienvenue sur Emagicum, une plateforme qui se concentre sur la cr\u00e9ation de livres illustr\u00e9s uniques, de mani\u00e8re simple et professionnelle.\",\"breadcrumb\":{\"@id\":\"https:\\\/\\\/emagicum.com\\\/fr\\\/a-propos-de-nous\\\/#breadcrumb\"},\"inLanguage\":\"fr-FR\",\"potentialAction\":[{\"@type\":\"ReadAction\",\"target\":[\"https:\\\/\\\/emagicum.com\\\/fr\\\/a-propos-de-nous\\\/\"]}]},{\"@type\":\"ImageObject\",\"inLanguage\":\"fr-FR\",\"@id\":\"https:\\\/\\\/emagicum.com\\\/fr\\\/a-propos-de-nous\\\/#primaryimage\",\"url\":\"https:\\\/\\\/emagicum.com\\\/wp-content\\\/uploads\\\/2024\\\/12\\\/book-shelf.png\",\"contentUrl\":\"https:\\\/\\\/emagicum.com\\\/wp-content\\\/uploads\\\/2024\\\/12\\\/book-shelf.png\"},{\"@type\":\"BreadcrumbList\",\"@id\":\"https:\\\/\\\/emagicum.com\\\/fr\\\/a-propos-de-nous\\\/#breadcrumb\",\"itemListElement\":[{\"@type\":\"ListItem\",\"position\":1,\"name\":\"Home\",\"item\":\"https:\\\/\\\/emagicum.com\\\/fr\\\/\"},{\"@type\":\"ListItem\",\"position\":2,\"name\":\"A propos de nous\"}]},{\"@type\":\"WebSite\",\"@id\":\"https:\\\/\\\/emagicum.com\\\/fr\\\/#website\",\"url\":\"https:\\\/\\\/emagicum.com\\\/fr\\\/\",\"name\":\"Emacigum\",\"description\":\"\",\"publisher\":{\"@id\":\"https:\\\/\\\/emagicum.com\\\/fr\\\/#organization\"},\"potentialAction\":[{\"@type\":\"SearchAction\",\"target\":{\"@type\":\"EntryPoint\",\"urlTemplate\":\"https:\\\/\\\/emagicum.com\\\/fr\\\/?s={search_term_string}\"},\"query-input\":{\"@type\":\"PropertyValueSpecification\",\"valueRequired\":true,\"valueName\":\"search_term_string\"}}],\"inLanguage\":\"fr-FR\"},{\"@type\":\"Organization\",\"@id\":\"https:\\\/\\\/emagicum.com\\\/fr\\\/#organization\",\"name\":\"Emacigum\",\"url\":\"https:\\\/\\\/emagicum.com\\\/fr\\\/\",\"logo\":{\"@type\":\"ImageObject\",\"inLanguage\":\"fr-FR\",\"@id\":\"https:\\\/\\\/emagicum.com\\\/fr\\\/#\\\/schema\\\/logo\\\/image\\\/\",\"url\":\"https:\\\/\\\/emagicum.com\\\/wp-content\\\/uploads\\\/2023\\\/12\\\/eMagicum-03-e1701850816804-scaled.png\",\"contentUrl\":\"https:\\\/\\\/emagicum.com\\\/wp-content\\\/uploads\\\/2023\\\/12\\\/eMagicum-03-e1701850816804-scaled.png\",\"width\":2560,\"height\":707,\"caption\":\"Emacigum\"},\"image\":{\"@id\":\"https:\\\/\\\/emagicum.com\\\/fr\\\/#\\\/schema\\\/logo\\\/image\\\/\"}}]}<\/script>\n<!-- \/ Yoast SEO plugin. -->","yoast_head_json":{"title":"A propos de nous - Emacigum","description":"Bienvenue sur Emagicum, une plateforme qui se concentre sur la cr\u00e9ation de livres illustr\u00e9s uniques, de mani\u00e8re simple et professionnelle.","robots":{"index":"index","follow":"follow","max-snippet":"max-snippet:-1","max-image-preview":"max-image-preview:large","max-video-preview":"max-video-preview:-1"},"canonical":"https:\/\/emagicum.com\/fr\/a-propos-de-nous\/","og_locale":"fr_FR","og_type":"article","og_title":"A propos de nous - Emacigum","og_description":"Bienvenue sur Emagicum, une plateforme qui se concentre sur la cr\u00e9ation de livres illustr\u00e9s uniques, de mani\u00e8re simple et professionnelle.","og_url":"https:\/\/emagicum.com\/fr\/a-propos-de-nous\/","og_site_name":"Emacigum","article_modified_time":"2024-12-06T17:00:56+00:00","og_image":[{"url":"https:\/\/emagicum.com\/wp-content\/uploads\/2024\/12\/book-shelf.png","type":"","width":"","height":""}],"twitter_card":"summary_large_image","twitter_misc":{"Dur\u00e9e de lecture estim\u00e9e":"2 minutes"},"schema":{"@context":"https:\/\/schema.org","@graph":[{"@type":"WebPage","@id":"https:\/\/emagicum.com\/fr\/a-propos-de-nous\/","url":"https:\/\/emagicum.com\/fr\/a-propos-de-nous\/","name":"A propos de nous - Emacigum","isPartOf":{"@id":"https:\/\/emagicum.com\/fr\/#website"},"primaryImageOfPage":{"@id":"https:\/\/emagicum.com\/fr\/a-propos-de-nous\/#primaryimage"},"image":{"@id":"https:\/\/emagicum.com\/fr\/a-propos-de-nous\/#primaryimage"},"thumbnailUrl":"https:\/\/emagicum.com\/wp-content\/uploads\/2024\/12\/book-shelf.png","datePublished":"2022-03-01T05:01:18+00:00","dateModified":"2024-12-06T17:00:56+00:00","description":"Bienvenue sur Emagicum, une plateforme qui se concentre sur la cr\u00e9ation de livres illustr\u00e9s uniques, de mani\u00e8re simple et professionnelle.","breadcrumb":{"@id":"https:\/\/emagicum.com\/fr\/a-propos-de-nous\/#breadcrumb"},"inLanguage":"fr-FR","potentialAction":[{"@type":"ReadAction","target":["https:\/\/emagicum.com\/fr\/a-propos-de-nous\/"]}]},{"@type":"ImageObject","inLanguage":"fr-FR","@id":"https:\/\/emagicum.com\/fr\/a-propos-de-nous\/#primaryimage","url":"https:\/\/emagicum.com\/wp-content\/uploads\/2024\/12\/book-shelf.png","contentUrl":"https:\/\/emagicum.com\/wp-content\/uploads\/2024\/12\/book-shelf.png"},{"@type":"BreadcrumbList","@id":"https:\/\/emagicum.com\/fr\/a-propos-de-nous\/#breadcrumb","itemListElement":[{"@type":"ListItem","position":1,"name":"Home","item":"https:\/\/emagicum.com\/fr\/"},{"@type":"ListItem","position":2,"name":"A propos de nous"}]},{"@type":"WebSite","@id":"https:\/\/emagicum.com\/fr\/#website","url":"https:\/\/emagicum.com\/fr\/","name":"Emacigum","description":"","publisher":{"@id":"https:\/\/emagicum.com\/fr\/#organization"},"potentialAction":[{"@type":"SearchAction","target":{"@type":"EntryPoint","urlTemplate":"https:\/\/emagicum.com\/fr\/?s={search_term_string}"},"query-input":{"@type":"PropertyValueSpecification","valueRequired":true,"valueName":"search_term_string"}}],"inLanguage":"fr-FR"},{"@type":"Organization","@id":"https:\/\/emagicum.com\/fr\/#organization","name":"Emacigum","url":"https:\/\/emagicum.com\/fr\/","logo":{"@type":"ImageObject","inLanguage":"fr-FR","@id":"https:\/\/emagicum.com\/fr\/#\/schema\/logo\/image\/","url":"https:\/\/emagicum.com\/wp-content\/uploads\/2023\/12\/eMagicum-03-e1701850816804-scaled.png","contentUrl":"https:\/\/emagicum.com\/wp-content\/uploads\/2023\/12\/eMagicum-03-e1701850816804-scaled.png","width":2560,"height":707,"caption":"Emacigum"},"image":{"@id":"https:\/\/emagicum.com\/fr\/#\/schema\/logo\/image\/"}}]}},"uagb_featured_image_src":{"full":false,"thumbnail":false,"medium":false,"medium_large":false,"large":false,"1536x1536":false,"2048x2048":false},"uagb_author_info":{"display_name":"Eliza","author_link":"https:\/\/emagicum.com\/fr\/author\/bbildr\/"},"uagb_comment_info":0,"uagb_excerpt":"\u00c0 propos d&rsquo;Emagicum Bienvenue sur Emagicum, une plateforme qui se concentre sur la cr\u00e9ation de livres illustr\u00e9s uniques, de mani\u00e8re simple et professionnelle. Nous nous engageons \u00e0 offrir une exp\u00e9rience fluide et innovante aux auteurs d\u00e9butants et professionnels. Notre plateforme Chez Emagicum, les auteurs ont la possibilit\u00e9 de cr\u00e9er des livres illustr\u00e9s gr\u00e2ce \u00e0 notre\u2026","_links":{"self":[{"href":"https:\/\/emagicum.com\/fr\/wp-json\/wp\/v2\/pages\/2046","targetHints":{"allow":["GET"]}}],"collection":[{"href":"https:\/\/emagicum.com\/fr\/wp-json\/wp\/v2\/pages"}],"about":[{"href":"https:\/\/emagicum.com\/fr\/wp-json\/wp\/v2\/types\/page"}],"author":[{"embeddable":true,"href":"https:\/\/emagicum.com\/fr\/wp-json\/wp\/v2\/users\/1"}],"replies":[{"embeddable":true,"href":"https:\/\/emagicum.com\/fr\/wp-json\/wp\/v2\/comments?post=2046"}],"version-history":[{"count":4,"href":"https:\/\/emagicum.com\/fr\/wp-json\/wp\/v2\/pages\/2046\/revisions"}],"predecessor-version":[{"id":2783,"href":"https:\/\/emagicum.com\/fr\/wp-json\/wp\/v2\/pages\/2046\/revisions\/2783"}],"wp:attachment":[{"href":"https:\/\/emagicum.com\/fr\/wp-json\/wp\/v2\/media?parent=2046"}],"curies":[{"name":"wp","href":"https:\/\/api.w.org\/{rel}","templated":true}]}}