{"id":2970,"date":"2025-02-18T12:05:44","date_gmt":"2025-02-18T12:05:44","guid":{"rendered":"https:\/\/emagicum.com\/?page_id=2970"},"modified":"2025-03-02T09:39:29","modified_gmt":"2025-03-02T09:39:29","slug":"servicio-de-edicion-y-formato-para-amazon-kdp","status":"publish","type":"page","link":"https:\/\/emagicum.com\/es\/servicio-de-edicion-y-formato-para-amazon-kdp\/","title":{"rendered":"Servicio de edici\u00f3n y formato para Amazon KDP"},"content":{"rendered":"\n<div class=\"wp-block-uagb-container uagb-block-3d0976d0 alignfull uagb-is-root-container\"><div class=\"uagb-container-inner-blocks-wrap\">\n<div class=\"wp-block-uagb-advanced-heading uagb-block-5a08d7b8\"><h2 class=\"uagb-heading-text\">Servicio de edici\u00f3n y formato para Amazon KDP<\/h2><p class=\"uagb-desc-text\">\u00bfQuieres publicar tu propio libro en Amazon KDP? \u00a1Perfecto! La autoedici\u00f3n te da un control total sobre tu obra, te permite vender a nivel internacional y optimizar tus ingresos. Ya sea una novela, un ensayo o un libro ilustrado, con Amazon KDP puedes llegar a un amplio p\u00fablico <strong>sin<\/strong> necesidad de una editorial. Gracias a nuestro servicio, podr\u00e1s publicar tu libro en Amazon.com, Amazon Espa\u00f1a y en todos los mercados internacionales.<\/p><\/div>\n<\/div><\/div>\n\n\n\n<div class=\"wp-block-uagb-container uagb-block-0b7f3eb3 alignfull uagb-is-root-container\"><div class=\"uagb-container-inner-blocks-wrap\">\n<div class=\"wp-block-uagb-container uagb-block-e2162d22\">\n<div class=\"wp-block-uagb-info-box uagb-block-19b80100 uagb-infobox__content-wrap  uagb-infobox-icon-above-title uagb-infobox-image-valign-top\"><div class=\"uagb-ifb-content\"><div class=\"uagb-ifb-title-wrap\"><h2 class=\"uagb-ifb-title\">\u00bfEl problema? \u00a1La maquetaci\u00f3n para publicar tu libro en KDP!<\/h2><\/div><p class=\"uagb-ifb-desc\">Dar formato a un libro puede ser frustrante. Si publicas un libro ilustrado, es a\u00fan m\u00e1s complicado lograr que todo quede perfectamente alineado. Saltos de p\u00e1gina, fuentes, im\u00e1genes\u2026 todo debe estar impecable para obtener un resultado profesional y cumplir con los requisitos de Amazon.<br>Seamos honestos: \u00bfQui\u00e9n quiere pasar horas lidiando con los detalles t\u00e9cnicos de Amazon KDP?<\/p><\/div><\/div>\n<\/div>\n\n\n\n<div class=\"wp-block-uagb-container uagb-block-9c650792\">\n<div class=\"wp-block-uagb-image aligncenter uagb-block-7f97dfa9 wp-block-uagb-image--layout-default wp-block-uagb-image--effect-static wp-block-uagb-image--align-center\"><figure class=\"wp-block-uagb-image__figure\"><img decoding=\"async\" srcset=\"https:\/\/emagicum.com\/wp-content\/uploads\/2025\/02\/Amazon-formatierung.jpg ,https:\/\/emagicum.com\/wp-content\/uploads\/2025\/02\/Amazon-formatierung.jpg 780w, https:\/\/emagicum.com\/wp-content\/uploads\/2025\/02\/Amazon-formatierung.jpg 360w\" sizes=\"auto, (max-width: 480px) 150px\" src=\"https:\/\/emagicum.com\/wp-content\/uploads\/2025\/02\/Amazon-formatierung.jpg\" alt=\"\" class=\"uag-image-2951\" width=\"1280\" height=\"960\" title=\"\" loading=\"lazy\" role=\"img\"\/><\/figure><\/div>\n<\/div>\n<\/div><\/div>\n\n\n\n<div class=\"wp-block-uagb-container uagb-block-ae7b3416 alignfull uagb-is-root-container\"><div class=\"uagb-container-inner-blocks-wrap\">\n<div class=\"wp-block-uagb-container uagb-block-da341fdd\">\n<figure class=\"wp-block-image aligncenter size-full\"><img loading=\"lazy\" decoding=\"async\" width=\"1279\" height=\"853\" src=\"https:\/\/emagicum.com\/wp-content\/uploads\/2025\/02\/KDP-formatting.jpg\" alt=\"\" class=\"wp-image-2954\" srcset=\"https:\/\/emagicum.com\/wp-content\/uploads\/2025\/02\/KDP-formatting.jpg 1279w, https:\/\/emagicum.com\/wp-content\/uploads\/2025\/02\/KDP-formatting-300x200.jpg 300w, https:\/\/emagicum.com\/wp-content\/uploads\/2025\/02\/KDP-formatting-1024x683.jpg 1024w, https:\/\/emagicum.com\/wp-content\/uploads\/2025\/02\/KDP-formatting-768x512.jpg 768w\" sizes=\"auto, (max-width: 1279px) 100vw, 1279px\" \/><\/figure>\n<\/div>\n\n\n\n<div class=\"wp-block-uagb-container uagb-block-92460d5a\">\n<div class=\"wp-block-uagb-info-box uagb-block-d3bca209 uagb-infobox__content-wrap  uagb-infobox-icon-above-title uagb-infobox-image-valign-top\"><div class=\"uagb-ifb-content\"><div class=\"uagb-ifb-title-wrap\"><h2 class=\"uagb-ifb-title\">La soluci\u00f3n? Una maquetaci\u00f3n profesional con Emagicum.com<\/h2><\/div><p class=\"uagb-ifb-desc\">\u00a1Nos encargamos de todo por ti!<br>Nos env\u00edas tu manuscrito y nos aseguramos de que tu libro est\u00e9 perfectamente formateado para eBook e impresi\u00f3n. Con nuestro servicio, ya no tendr\u00e1s que preocuparte por los m\u00e1rgenes, sangrados, perfiles de color, dimensiones de la portada u otros detalles t\u00e9cnicos\u2026 \u00a1nosotros lo hacemos por ti!<\/p><\/div><\/div>\n\n\n\n<div class=\"wp-block-buttons is-content-justification-center is-layout-flex wp-container-core-buttons-is-layout-adf4db63 wp-block-buttons-is-layout-flex\" style=\"padding-top:0;padding-bottom:0\">\n<div class=\"wp-block-button\"><a class=\"wp-block-button__link wp-element-button\" href=\"https:\/\/buy.stripe.com\/aEU2bK7m62fgfUQeVu\" rel=\"nofollow\"><strong>C<\/strong>OMPRAR AHORA<\/a><\/div>\n<\/div>\n<\/div>\n<\/div><\/div>\n\n\n\n<div class=\"wp-block-uagb-container uagb-block-e561fc63 alignfull uagb-is-root-container\"><div class=\"uagb-container-inner-blocks-wrap\">\n<div class=\"wp-block-uagb-container uagb-block-e431219e\">\n<div class=\"wp-block-uagb-info-box uagb-block-2a799890 uagb-infobox__content-wrap  uagb-infobox-icon-above-title uagb-infobox-image-valign-top\"><div class=\"uagb-ifb-content\"><div class=\"uagb-ifb-title-wrap\"><h2 class=\"uagb-ifb-title\">Nuestro servicio incluye:<\/h2><\/div><p class=\"uagb-ifb-desc\">&#8211; Maquetaci\u00f3n del interior del libro en tapa blanda.<br>&#8211; Creaci\u00f3n de una portada para el libro en tapa blanda.<br>&#8211; Maquetaci\u00f3n del interior del ebook.<br>&#8211; Dise\u00f1o de una portada adaptada para el ebook.<br><br><strong>\u00a1Todo esto por solo 75 \u20ac!<br><\/strong><br><strong>Lo que necesitamos de tu parte:<\/strong><br><br>&#8211; Un archivo PDF de tu libro en p\u00e1ginas simples.<br>&#8211; Las ilustraciones de la portada (anverso y reverso).<br>&#8211; Para libros m\u00e1s largos, tambi\u00e9n aceptamos archivos Word.<br><br><br><br><\/p><\/div><\/div>\n<\/div>\n\n\n\n<div class=\"wp-block-uagb-container uagb-block-128b5e55\">\n<div class=\"wp-block-uagb-image aligncenter uagb-block-b85250a2 wp-block-uagb-image--layout-default wp-block-uagb-image--effect-static wp-block-uagb-image--align-center\"><figure class=\"wp-block-uagb-image__figure\"><img decoding=\"async\" srcset=\"https:\/\/emagicum.com\/wp-content\/uploads\/2024\/07\/Softcover-format-ES-1024x682.png ,https:\/\/emagicum.com\/wp-content\/uploads\/2024\/07\/Softcover-format-ES.png 780w, https:\/\/emagicum.com\/wp-content\/uploads\/2024\/07\/Softcover-format-ES.png 360w\" sizes=\"auto, (max-width: 480px) 150px\" src=\"https:\/\/emagicum.com\/wp-content\/uploads\/2024\/07\/Softcover-format-ES-1024x682.png\" alt=\"libro para Amazon KDP\" class=\"uag-image-2327\" width=\"1024\" height=\"682\" title=\"\" loading=\"lazy\" role=\"img\"\/><\/figure><\/div>\n<\/div>\n<\/div><\/div>\n\n\n\n<div class=\"wp-block-uagb-container uagb-block-8a28ad4c alignfull uagb-is-root-container\"><div class=\"uagb-container-inner-blocks-wrap\">\n<div class=\"wp-block-uagb-advanced-heading uagb-block-8fca6a92\"><p class=\"uagb-desc-text\">Aseg\u00farate de que tu libro tenga una apariencia profesional y sea publicado con la mejor calidad. \u00a1Haz clic en el bot\u00f3n a continuaci\u00f3n y disfruta ahora de nuestro servicio de maquetaci\u00f3n profesional!<\/p><\/div>\n\n\n\n<div class=\"wp-block-uagb-buttons uagb-buttons__outer-wrap uagb-btn__default-btn uagb-btn-tablet__default-btn uagb-btn-mobile__default-btn uagb-block-dcf031ed\"><div class=\"uagb-buttons__wrap uagb-buttons-layout-wrap \">\n<div class=\"wp-block-uagb-buttons-child uagb-buttons__outer-wrap uagb-block-88233a6f wp-block-button\"><div class=\"uagb-button__wrapper\"><a class=\"uagb-buttons-repeater wp-block-button__link\" aria-label=\"\" href=\"https:\/\/buy.stripe.com\/aEU2bK7m62fgfUQeVu\" rel=\"nofollow noopener\" target=\"_self\" role=\"button\"><div class=\"uagb-button__link\">\u00a1Compra ahora SOLO por 75 \u20ac!<\/div><span class=\"uagb-button__icon uagb-button__icon-position-after\"><svg xmlns=\"https:\/\/www.w3.org\/2000\/svg\" viewBox=\"0 0 448 512\" aria-hidden=\"true\" focussable=\"false\"><path d=\"M438.6 278.6l-160 160C272.4 444.9 264.2 448 256 448s-16.38-3.125-22.62-9.375c-12.5-12.5-12.5-32.75 0-45.25L338.8 288H32C14.33 288 .0016 273.7 .0016 256S14.33 224 32 224h306.8l-105.4-105.4c-12.5-12.5-12.5-32.75 0-45.25s32.75-12.5 45.25 0l160 160C451.1 245.9 451.1 266.1 438.6 278.6z\"><\/path><\/svg><\/span><\/a><\/div><\/div>\n<\/div><\/div>\n\n\n\n<p class=\"has-text-align-center\">Cuando completes tu compra, un miembro de nuestro equipo se pondr\u00e1 en contacto contigo para proceder con el formato. Si tu libro est\u00e1 en Emagicum, no olvides incluir tu nombre de usuario de Emagicum y la URL de tu libro en los campos de texto en la p\u00e1gina de pago.<\/p>\n<\/div><\/div>\n","protected":false},"excerpt":{"rendered":"<p>Servicio de edici\u00f3n y formato para Amazon KDP \u00bfQuieres publicar tu propio libro en Amazon KDP? \u00a1Perfecto! La autoedici\u00f3n te da un control total sobre tu obra, te permite vender a nivel internacional y optimizar tus ingresos. Ya sea una novela, un ensayo o un libro ilustrado, con Amazon KDP puedes llegar a un amplio [&hellip;]<\/p>\n","protected":false},"author":1,"featured_media":2956,"parent":0,"menu_order":0,"comment_status":"closed","ping_status":"closed","template":"","meta":{"_uag_custom_page_level_css":"","site-sidebar-layout":"no-sidebar","site-content-layout":"plain-container","ast-site-content-layout":"normal-width-container","site-content-style":"unboxed","site-sidebar-style":"unboxed","ast-global-header-display":"","ast-banner-title-visibility":"","ast-main-header-display":"","ast-hfb-above-header-display":"","ast-hfb-below-header-display":"","ast-hfb-mobile-header-display":"","site-post-title":"disabled","ast-breadcrumbs-content":"","ast-featured-img":"disabled","footer-sml-layout":"","ast-disable-related-posts":"","theme-transparent-header-meta":"enabled","adv-header-id-meta":"","stick-header-meta":"","header-above-stick-meta":"","header-main-stick-meta":"","header-below-stick-meta":"","astra-migrate-meta-layouts":"set","ast-page-background-enabled":"default","ast-page-background-meta":{"desktop":{"background-color":"","background-image":"","background-repeat":"repeat","background-position":"center center","background-size":"auto","background-attachment":"scroll","background-type":"","background-media":"","overlay-type":"","overlay-color":"","overlay-opacity":"","overlay-gradient":""},"tablet":{"background-color":"","background-image":"","background-repeat":"repeat","background-position":"center center","background-size":"auto","background-attachment":"scroll","background-type":"","background-media":"","overlay-type":"","overlay-color":"","overlay-opacity":"","overlay-gradient":""},"mobile":{"background-color":"","background-image":"","background-repeat":"repeat","background-position":"center center","background-size":"auto","background-attachment":"scroll","background-type":"","background-media":"","overlay-type":"","overlay-color":"","overlay-opacity":"","overlay-gradient":""}},"ast-content-background-meta":{"desktop":{"background-color":"var(--ast-global-color-5)","background-image":"","background-repeat":"repeat","background-position":"center center","background-size":"auto","background-attachment":"scroll","background-type":"","background-media":"","overlay-type":"","overlay-color":"","overlay-opacity":"","overlay-gradient":""},"tablet":{"background-color":"var(--ast-global-color-5)","background-image":"","background-repeat":"repeat","background-position":"center center","background-size":"auto","background-attachment":"scroll","background-type":"","background-media":"","overlay-type":"","overlay-color":"","overlay-opacity":"","overlay-gradient":""},"mobile":{"background-color":"var(--ast-global-color-5)","background-image":"","background-repeat":"repeat","background-position":"center center","background-size":"auto","background-attachment":"scroll","background-type":"","background-media":"","overlay-type":"","overlay-color":"","overlay-opacity":"","overlay-gradient":""}},"footnotes":""},"class_list":["post-2970","page","type-page","status-publish","has-post-thumbnail","hentry"],"yoast_head":"<!-- This site is optimized with the Yoast SEO plugin v27.5 - https:\/\/yoast.com\/product\/yoast-seo-wordpress\/ -->\n<title>Servicio de edici\u00f3n y formato para Amazon KDP - Emacigum<\/title>\n<meta name=\"robots\" content=\"index, follow, max-snippet:-1, max-image-preview:large, max-video-preview:-1\" \/>\n<link rel=\"canonical\" href=\"https:\/\/emagicum.com\/es\/servicio-de-edicion-y-formato-para-amazon-kdp\/\" \/>\n<meta property=\"og:locale\" content=\"es_ES\" \/>\n<meta property=\"og:type\" content=\"article\" \/>\n<meta property=\"og:title\" content=\"Servicio de edici\u00f3n y formato para Amazon KDP - Emacigum\" \/>\n<meta property=\"og:description\" content=\"Servicio de edici\u00f3n y formato para Amazon KDP \u00bfQuieres publicar tu propio libro en Amazon KDP? \u00a1Perfecto! La autoedici\u00f3n te da un control total sobre tu obra, te permite vender a nivel internacional y optimizar tus ingresos. Ya sea una novela, un ensayo o un libro ilustrado, con Amazon KDP puedes llegar a un amplio [&hellip;]\" \/>\n<meta property=\"og:url\" content=\"https:\/\/emagicum.com\/es\/servicio-de-edicion-y-formato-para-amazon-kdp\/\" \/>\n<meta property=\"og:site_name\" content=\"Emacigum\" \/>\n<meta property=\"article:modified_time\" content=\"2025-03-02T09:39:29+00:00\" \/>\n<meta property=\"og:image\" content=\"https:\/\/emagicum.com\/wp-content\/uploads\/2025\/02\/KDP-formatting.jpg\" \/>\n\t<meta property=\"og:image:width\" content=\"1279\" \/>\n\t<meta property=\"og:image:height\" content=\"853\" \/>\n\t<meta property=\"og:image:type\" content=\"image\/jpeg\" \/>\n<meta name=\"twitter:card\" content=\"summary_large_image\" \/>\n<meta name=\"twitter:label1\" content=\"Tiempo de lectura\" \/>\n\t<meta name=\"twitter:data1\" content=\"3 minutos\" \/>\n<script type=\"application\/ld+json\" class=\"yoast-schema-graph\">{\"@context\":\"https:\\\/\\\/schema.org\",\"@graph\":[{\"@type\":\"WebPage\",\"@id\":\"https:\\\/\\\/emagicum.com\\\/es\\\/servicio-de-edicion-y-formato-para-amazon-kdp\\\/\",\"url\":\"https:\\\/\\\/emagicum.com\\\/es\\\/servicio-de-edicion-y-formato-para-amazon-kdp\\\/\",\"name\":\"Servicio de edici\u00f3n y formato para Amazon KDP - Emacigum\",\"isPartOf\":{\"@id\":\"https:\\\/\\\/emagicum.com\\\/es\\\/#website\"},\"primaryImageOfPage\":{\"@id\":\"https:\\\/\\\/emagicum.com\\\/es\\\/servicio-de-edicion-y-formato-para-amazon-kdp\\\/#primaryimage\"},\"image\":{\"@id\":\"https:\\\/\\\/emagicum.com\\\/es\\\/servicio-de-edicion-y-formato-para-amazon-kdp\\\/#primaryimage\"},\"thumbnailUrl\":\"https:\\\/\\\/emagicum.com\\\/wp-content\\\/uploads\\\/2025\\\/02\\\/KDP-formatting.jpg\",\"datePublished\":\"2025-02-18T12:05:44+00:00\",\"dateModified\":\"2025-03-02T09:39:29+00:00\",\"breadcrumb\":{\"@id\":\"https:\\\/\\\/emagicum.com\\\/es\\\/servicio-de-edicion-y-formato-para-amazon-kdp\\\/#breadcrumb\"},\"inLanguage\":\"es\",\"potentialAction\":[{\"@type\":\"ReadAction\",\"target\":[\"https:\\\/\\\/emagicum.com\\\/es\\\/servicio-de-edicion-y-formato-para-amazon-kdp\\\/\"]}]},{\"@type\":\"ImageObject\",\"inLanguage\":\"es\",\"@id\":\"https:\\\/\\\/emagicum.com\\\/es\\\/servicio-de-edicion-y-formato-para-amazon-kdp\\\/#primaryimage\",\"url\":\"https:\\\/\\\/emagicum.com\\\/wp-content\\\/uploads\\\/2025\\\/02\\\/KDP-formatting.jpg\",\"contentUrl\":\"https:\\\/\\\/emagicum.com\\\/wp-content\\\/uploads\\\/2025\\\/02\\\/KDP-formatting.jpg\",\"width\":1279,\"height\":853},{\"@type\":\"BreadcrumbList\",\"@id\":\"https:\\\/\\\/emagicum.com\\\/es\\\/servicio-de-edicion-y-formato-para-amazon-kdp\\\/#breadcrumb\",\"itemListElement\":[{\"@type\":\"ListItem\",\"position\":1,\"name\":\"Home\",\"item\":\"https:\\\/\\\/emagicum.com\\\/es\\\/\"},{\"@type\":\"ListItem\",\"position\":2,\"name\":\"Servicio de edici\u00f3n y formato para Amazon KDP\"}]},{\"@type\":\"WebSite\",\"@id\":\"https:\\\/\\\/emagicum.com\\\/es\\\/#website\",\"url\":\"https:\\\/\\\/emagicum.com\\\/es\\\/\",\"name\":\"Emacigum\",\"description\":\"\",\"publisher\":{\"@id\":\"https:\\\/\\\/emagicum.com\\\/es\\\/#organization\"},\"potentialAction\":[{\"@type\":\"SearchAction\",\"target\":{\"@type\":\"EntryPoint\",\"urlTemplate\":\"https:\\\/\\\/emagicum.com\\\/es\\\/?s={search_term_string}\"},\"query-input\":{\"@type\":\"PropertyValueSpecification\",\"valueRequired\":true,\"valueName\":\"search_term_string\"}}],\"inLanguage\":\"es\"},{\"@type\":\"Organization\",\"@id\":\"https:\\\/\\\/emagicum.com\\\/es\\\/#organization\",\"name\":\"Emacigum\",\"url\":\"https:\\\/\\\/emagicum.com\\\/es\\\/\",\"logo\":{\"@type\":\"ImageObject\",\"inLanguage\":\"es\",\"@id\":\"https:\\\/\\\/emagicum.com\\\/es\\\/#\\\/schema\\\/logo\\\/image\\\/\",\"url\":\"https:\\\/\\\/emagicum.com\\\/wp-content\\\/uploads\\\/2023\\\/12\\\/eMagicum-03-e1701850816804-scaled.png\",\"contentUrl\":\"https:\\\/\\\/emagicum.com\\\/wp-content\\\/uploads\\\/2023\\\/12\\\/eMagicum-03-e1701850816804-scaled.png\",\"width\":2560,\"height\":707,\"caption\":\"Emacigum\"},\"image\":{\"@id\":\"https:\\\/\\\/emagicum.com\\\/es\\\/#\\\/schema\\\/logo\\\/image\\\/\"}}]}<\/script>\n<!-- \/ Yoast SEO plugin. -->","yoast_head_json":{"title":"Servicio de edici\u00f3n y formato para Amazon KDP - Emacigum","robots":{"index":"index","follow":"follow","max-snippet":"max-snippet:-1","max-image-preview":"max-image-preview:large","max-video-preview":"max-video-preview:-1"},"canonical":"https:\/\/emagicum.com\/es\/servicio-de-edicion-y-formato-para-amazon-kdp\/","og_locale":"es_ES","og_type":"article","og_title":"Servicio de edici\u00f3n y formato para Amazon KDP - Emacigum","og_description":"Servicio de edici\u00f3n y formato para Amazon KDP \u00bfQuieres publicar tu propio libro en Amazon KDP? \u00a1Perfecto! La autoedici\u00f3n te da un control total sobre tu obra, te permite vender a nivel internacional y optimizar tus ingresos. Ya sea una novela, un ensayo o un libro ilustrado, con Amazon KDP puedes llegar a un amplio [&hellip;]","og_url":"https:\/\/emagicum.com\/es\/servicio-de-edicion-y-formato-para-amazon-kdp\/","og_site_name":"Emacigum","article_modified_time":"2025-03-02T09:39:29+00:00","og_image":[{"width":1279,"height":853,"url":"https:\/\/emagicum.com\/wp-content\/uploads\/2025\/02\/KDP-formatting.jpg","type":"image\/jpeg"}],"twitter_card":"summary_large_image","twitter_misc":{"Tiempo de lectura":"3 minutos"},"schema":{"@context":"https:\/\/schema.org","@graph":[{"@type":"WebPage","@id":"https:\/\/emagicum.com\/es\/servicio-de-edicion-y-formato-para-amazon-kdp\/","url":"https:\/\/emagicum.com\/es\/servicio-de-edicion-y-formato-para-amazon-kdp\/","name":"Servicio de edici\u00f3n y formato para Amazon KDP - Emacigum","isPartOf":{"@id":"https:\/\/emagicum.com\/es\/#website"},"primaryImageOfPage":{"@id":"https:\/\/emagicum.com\/es\/servicio-de-edicion-y-formato-para-amazon-kdp\/#primaryimage"},"image":{"@id":"https:\/\/emagicum.com\/es\/servicio-de-edicion-y-formato-para-amazon-kdp\/#primaryimage"},"thumbnailUrl":"https:\/\/emagicum.com\/wp-content\/uploads\/2025\/02\/KDP-formatting.jpg","datePublished":"2025-02-18T12:05:44+00:00","dateModified":"2025-03-02T09:39:29+00:00","breadcrumb":{"@id":"https:\/\/emagicum.com\/es\/servicio-de-edicion-y-formato-para-amazon-kdp\/#breadcrumb"},"inLanguage":"es","potentialAction":[{"@type":"ReadAction","target":["https:\/\/emagicum.com\/es\/servicio-de-edicion-y-formato-para-amazon-kdp\/"]}]},{"@type":"ImageObject","inLanguage":"es","@id":"https:\/\/emagicum.com\/es\/servicio-de-edicion-y-formato-para-amazon-kdp\/#primaryimage","url":"https:\/\/emagicum.com\/wp-content\/uploads\/2025\/02\/KDP-formatting.jpg","contentUrl":"https:\/\/emagicum.com\/wp-content\/uploads\/2025\/02\/KDP-formatting.jpg","width":1279,"height":853},{"@type":"BreadcrumbList","@id":"https:\/\/emagicum.com\/es\/servicio-de-edicion-y-formato-para-amazon-kdp\/#breadcrumb","itemListElement":[{"@type":"ListItem","position":1,"name":"Home","item":"https:\/\/emagicum.com\/es\/"},{"@type":"ListItem","position":2,"name":"Servicio de edici\u00f3n y formato para Amazon KDP"}]},{"@type":"WebSite","@id":"https:\/\/emagicum.com\/es\/#website","url":"https:\/\/emagicum.com\/es\/","name":"Emacigum","description":"","publisher":{"@id":"https:\/\/emagicum.com\/es\/#organization"},"potentialAction":[{"@type":"SearchAction","target":{"@type":"EntryPoint","urlTemplate":"https:\/\/emagicum.com\/es\/?s={search_term_string}"},"query-input":{"@type":"PropertyValueSpecification","valueRequired":true,"valueName":"search_term_string"}}],"inLanguage":"es"},{"@type":"Organization","@id":"https:\/\/emagicum.com\/es\/#organization","name":"Emacigum","url":"https:\/\/emagicum.com\/es\/","logo":{"@type":"ImageObject","inLanguage":"es","@id":"https:\/\/emagicum.com\/es\/#\/schema\/logo\/image\/","url":"https:\/\/emagicum.com\/wp-content\/uploads\/2023\/12\/eMagicum-03-e1701850816804-scaled.png","contentUrl":"https:\/\/emagicum.com\/wp-content\/uploads\/2023\/12\/eMagicum-03-e1701850816804-scaled.png","width":2560,"height":707,"caption":"Emacigum"},"image":{"@id":"https:\/\/emagicum.com\/es\/#\/schema\/logo\/image\/"}}]}},"uagb_featured_image_src":{"full":["https:\/\/emagicum.com\/wp-content\/uploads\/2025\/02\/KDP-formatting.jpg",1279,853,false],"thumbnail":["https:\/\/emagicum.com\/wp-content\/uploads\/2025\/02\/KDP-formatting-150x150.jpg",150,150,true],"medium":["https:\/\/emagicum.com\/wp-content\/uploads\/2025\/02\/KDP-formatting-300x200.jpg",300,200,true],"medium_large":["https:\/\/emagicum.com\/wp-content\/uploads\/2025\/02\/KDP-formatting-768x512.jpg",768,512,true],"large":["https:\/\/emagicum.com\/wp-content\/uploads\/2025\/02\/KDP-formatting-1024x683.jpg",1024,683,true],"1536x1536":["https:\/\/emagicum.com\/wp-content\/uploads\/2025\/02\/KDP-formatting.jpg",1279,853,false],"2048x2048":["https:\/\/emagicum.com\/wp-content\/uploads\/2025\/02\/KDP-formatting.jpg",1279,853,false]},"uagb_author_info":{"display_name":"Eliza","author_link":"https:\/\/emagicum.com\/es\/author\/bbildr\/"},"uagb_comment_info":0,"uagb_excerpt":"Servicio de edici\u00f3n y formato para Amazon KDP \u00bfQuieres publicar tu propio libro en Amazon KDP? \u00a1Perfecto! La autoedici\u00f3n te da un control total sobre tu obra, te permite vender a nivel internacional y optimizar tus ingresos. Ya sea una novela, un ensayo o un libro ilustrado, con Amazon KDP puedes llegar a un amplio&hellip;","_links":{"self":[{"href":"https:\/\/emagicum.com\/es\/wp-json\/wp\/v2\/pages\/2970","targetHints":{"allow":["GET"]}}],"collection":[{"href":"https:\/\/emagicum.com\/es\/wp-json\/wp\/v2\/pages"}],"about":[{"href":"https:\/\/emagicum.com\/es\/wp-json\/wp\/v2\/types\/page"}],"author":[{"embeddable":true,"href":"https:\/\/emagicum.com\/es\/wp-json\/wp\/v2\/users\/1"}],"replies":[{"embeddable":true,"href":"https:\/\/emagicum.com\/es\/wp-json\/wp\/v2\/comments?post=2970"}],"version-history":[{"count":6,"href":"https:\/\/emagicum.com\/es\/wp-json\/wp\/v2\/pages\/2970\/revisions"}],"predecessor-version":[{"id":2995,"href":"https:\/\/emagicum.com\/es\/wp-json\/wp\/v2\/pages\/2970\/revisions\/2995"}],"wp:featuredmedia":[{"embeddable":true,"href":"https:\/\/emagicum.com\/es\/wp-json\/wp\/v2\/media\/2956"}],"wp:attachment":[{"href":"https:\/\/emagicum.com\/es\/wp-json\/wp\/v2\/media?parent=2970"}],"curies":[{"name":"wp","href":"https:\/\/api.w.org\/{rel}","templated":true}]}}