{"id":2250,"date":"2023-12-03T11:03:18","date_gmt":"2023-12-03T11:03:18","guid":{"rendered":"https:\/\/emagicum.com\/politica-de-privacidad-de-emagicum\/"},"modified":"2024-07-09T14:46:55","modified_gmt":"2024-07-09T14:46:55","slug":"politica-de-privacidad-de-emagicum","status":"publish","type":"page","link":"https:\/\/emagicum.com\/es\/politica-de-privacidad-de-emagicum\/","title":{"rendered":"Pol\u00edtica de privacidad de Emagicum"},"content":{"rendered":"\n<p>En vigor desde: 9 de febrero de 2024<\/p>\n\n<p>En Emagicum, valoramos la privacidad de nuestros usuarios y nos esforzamos por protegerla. Esta pol\u00edtica de privacidad explica c\u00f3mo recogemos, utilizamos y protegemos los datos personales de los usuarios que interact\u00faan con nuestro sitio web.<\/p>\n\n<h3 class=\"wp-block-heading\"><strong>Datos que recogemos:<\/strong><\/h3>\n\n<ul class=\"wp-block-list\">\n<li>Al registrarse para obtener una cuenta gratuita, recopilamos la direcci\u00f3n de correo electr\u00f3nico del usuario, su nombre y, opcionalmente, una foto de perfil.<\/li>\n\n\n\n<li>Los usuarios pueden crear proyectos de dise\u00f1o de libros y nosotros guardamos el texto y las im\u00e1genes que suban en su cuenta.<\/li>\n<\/ul>\n\n<h3 class=\"wp-block-heading\"><strong>Uso de datos personales:<\/strong><\/h3>\n\n<ul class=\"wp-block-list\">\n<li>Los datos personales que recogemos se utilizan para que los usuarios puedan acceder a nuestros servicios y para personalizar su experiencia en nuestro sitio web.<\/li>\n\n\n\n<li>Podemos utilizar las direcciones de correo electr\u00f3nico de los usuarios para comunicarnos con ellos sobre su cuenta, actualizaciones del servicio u ofertas promocionales.<\/li>\n\n\n\n<li>Las fotos de perfil de los usuarios se muestran dentro de sus cuentas y no se comparten p\u00fablicamente a menos que ellos decidan hacerlo.<\/li>\n<\/ul>\n\n<h3 class=\"wp-block-heading\"><strong>Acceso e intercambio de datos:<\/strong><\/h3>\n\n<ul class=\"wp-block-list\">\n<li>Los usuarios tienen acceso a sus datos personales y pueden actualizarlos o eliminarlos en cualquier momento a trav\u00e9s de la configuraci\u00f3n de su cuenta.<\/li>\n\n\n\n<li>Los administradores del sitio s\u00f3lo pueden acceder a los datos de los usuarios previa solicitud para proporcionar asistencia o para garantizar el cumplimiento de nuestras Condiciones de uso. Siempre obtenemos el permiso de los usuarios antes de acceder a sus datos.<\/li>\n<\/ul>\n\n<h3 class=\"wp-block-heading\"><strong>Procesamiento de pagos:<\/strong><\/h3>\n\n<ul class=\"wp-block-list\">\n<li>Al encargar ejemplares de libros impresos profesionalmente, el pago se procesa de forma segura a trav\u00e9s de Stripe. No almacenamos ninguna informaci\u00f3n de pago del usuario en nuestros servidores.<\/li>\n<\/ul>\n\n<h3 class=\"wp-block-heading\"><strong>Informaci\u00f3n sobre el env\u00edo:<\/strong><\/h3>\n\n<ul class=\"wp-block-list\">\n<li>Las direcciones de env\u00edo de los usuarios no se almacenan en nuestros servidores, sino que se env\u00edan directamente a nuestros socios de impresi\u00f3n para procesar y enviar los pedidos. Esto garantiza la tramitaci\u00f3n y entrega eficaces de los pedidos.<\/li>\n<\/ul>\n\n<h3 class=\"wp-block-heading\"><strong>Medidas de seguridad:<\/strong><\/h3>\n\n<ul class=\"wp-block-list\">\n<li>Utilizamos medidas de seguridad est\u00e1ndar del sector para proteger los datos personales de los usuarios frente al acceso, modificaci\u00f3n, divulgaci\u00f3n o destrucci\u00f3n no autorizados.<\/li>\n\n\n\n<li>A pesar de nuestros mejores esfuerzos, ninguna transmisi\u00f3n por Internet o almacenamiento electr\u00f3nico es completamente segura, por lo que no podemos garantizar una seguridad absoluta.<\/li>\n<\/ul>\n\n<h3 class=\"wp-block-heading\"><strong>Enlaces a terceros proveedores:<\/strong><\/h3>\n\n<ul class=\"wp-block-list\">\n<li>Nuestro sitio web puede contener enlaces a sitios web o servicios de terceros que no son propiedad ni est\u00e1n controlados por Emagicum. No somos responsables de las pr\u00e1cticas de privacidad ni del contenido de estos sitios web de terceros.<\/li>\n<\/ul>\n\n<h4 class=\"wp-block-heading\"><strong>Cambios en esta directriz:<\/strong><\/h4>\n\n<ul class=\"wp-block-list\">\n<li>Nos reservamos el derecho a modificar esta pol\u00edtica de privacidad en cualquier momento. Los cambios entrar\u00e1n en vigor inmediatamente despu\u00e9s de la publicaci\u00f3n de la pol\u00edtica revisada en esta p\u00e1gina. Recomendamos a los usuarios que consulten esta p\u00e1gina regularmente para ver si hay actualizaciones.<\/li>\n<\/ul>\n\n<h3 class=\"wp-block-heading\"><strong>Ponte en contacto con nosotros:<\/strong><\/h3>\n\n<ul class=\"wp-block-list\">\n<li>Si tienes alguna pregunta o duda sobre esta Pol\u00edtica de Privacidad o nuestras pr\u00e1cticas de datos, ponte en contacto con nosotros en hilfe@emagicum.com.<\/li>\n<\/ul>\n\n<p>Al utilizar nuestro sitio web, aceptas esta pol\u00edtica de privacidad. Si no est\u00e1s de acuerdo con esta pol\u00edtica, no utilices nuestro sitio web. Tu uso continuado del Sitio tras la publicaci\u00f3n de cambios en esta Pol\u00edtica se considerar\u00e1 aceptaci\u00f3n de dichos cambios.<\/p>\n","protected":false},"excerpt":{"rendered":"<p>En vigor desde: 9 de febrero de 2024 En Emagicum, valoramos la privacidad de nuestros usuarios y nos esforzamos por protegerla. Esta pol\u00edtica de privacidad explica c\u00f3mo recogemos, utilizamos y protegemos los datos personales de los usuarios que interact\u00faan con nuestro sitio web. Datos que recogemos: Uso de datos personales: Acceso e intercambio de datos: [&hellip;]<\/p>\n","protected":false},"author":1,"featured_media":0,"parent":0,"menu_order":0,"comment_status":"closed","ping_status":"open","template":"","meta":{"_uag_custom_page_level_css":"","site-sidebar-layout":"default","site-content-layout":"","ast-site-content-layout":"default","site-content-style":"default","site-sidebar-style":"default","ast-global-header-display":"","ast-banner-title-visibility":"","ast-main-header-display":"","ast-hfb-above-header-display":"","ast-hfb-below-header-display":"","ast-hfb-mobile-header-display":"","site-post-title":"","ast-breadcrumbs-content":"","ast-featured-img":"","footer-sml-layout":"","ast-disable-related-posts":"","theme-transparent-header-meta":"","adv-header-id-meta":"","stick-header-meta":"","header-above-stick-meta":"","header-main-stick-meta":"","header-below-stick-meta":"","astra-migrate-meta-layouts":"default","ast-page-background-enabled":"default","ast-page-background-meta":{"desktop":{"background-color":"","background-image":"","background-repeat":"repeat","background-position":"center center","background-size":"auto","background-attachment":"scroll","background-type":"","background-media":"","overlay-type":"","overlay-color":"","overlay-opacity":"","overlay-gradient":""},"tablet":{"background-color":"","background-image":"","background-repeat":"repeat","background-position":"center center","background-size":"auto","background-attachment":"scroll","background-type":"","background-media":"","overlay-type":"","overlay-color":"","overlay-opacity":"","overlay-gradient":""},"mobile":{"background-color":"","background-image":"","background-repeat":"repeat","background-position":"center center","background-size":"auto","background-attachment":"scroll","background-type":"","background-media":"","overlay-type":"","overlay-color":"","overlay-opacity":"","overlay-gradient":""}},"ast-content-background-meta":{"desktop":{"background-color":"var(--ast-global-color-5)","background-image":"","background-repeat":"repeat","background-position":"center center","background-size":"auto","background-attachment":"scroll","background-type":"","background-media":"","overlay-type":"","overlay-color":"","overlay-opacity":"","overlay-gradient":""},"tablet":{"background-color":"var(--ast-global-color-5)","background-image":"","background-repeat":"repeat","background-position":"center center","background-size":"auto","background-attachment":"scroll","background-type":"","background-media":"","overlay-type":"","overlay-color":"","overlay-opacity":"","overlay-gradient":""},"mobile":{"background-color":"var(--ast-global-color-5)","background-image":"","background-repeat":"repeat","background-position":"center center","background-size":"auto","background-attachment":"scroll","background-type":"","background-media":"","overlay-type":"","overlay-color":"","overlay-opacity":"","overlay-gradient":""}},"footnotes":""},"class_list":["post-2250","page","type-page","status-publish","hentry"],"yoast_head":"<!-- This site is optimized with the Yoast SEO plugin v27.5 - https:\/\/yoast.com\/product\/yoast-seo-wordpress\/ -->\n<title>Pol\u00edtica de privacidad de Emagicum - Emacigum<\/title>\n<meta name=\"robots\" content=\"index, follow, max-snippet:-1, max-image-preview:large, max-video-preview:-1\" \/>\n<link rel=\"canonical\" href=\"https:\/\/emagicum.com\/es\/politica-de-privacidad-de-emagicum\/\" \/>\n<meta property=\"og:locale\" content=\"es_ES\" \/>\n<meta property=\"og:type\" content=\"article\" \/>\n<meta property=\"og:title\" content=\"Pol\u00edtica de privacidad de Emagicum - Emacigum\" \/>\n<meta property=\"og:description\" content=\"En vigor desde: 9 de febrero de 2024 En Emagicum, valoramos la privacidad de nuestros usuarios y nos esforzamos por protegerla. Esta pol\u00edtica de privacidad explica c\u00f3mo recogemos, utilizamos y protegemos los datos personales de los usuarios que interact\u00faan con nuestro sitio web. Datos que recogemos: Uso de datos personales: Acceso e intercambio de datos: [&hellip;]\" \/>\n<meta property=\"og:url\" content=\"https:\/\/emagicum.com\/es\/politica-de-privacidad-de-emagicum\/\" \/>\n<meta property=\"og:site_name\" content=\"Emacigum\" \/>\n<meta property=\"article:modified_time\" content=\"2024-07-09T14:46:55+00:00\" \/>\n<meta name=\"twitter:card\" content=\"summary_large_image\" \/>\n<meta name=\"twitter:label1\" content=\"Tiempo de lectura\" \/>\n\t<meta name=\"twitter:data1\" content=\"3 minutos\" \/>\n<script type=\"application\/ld+json\" class=\"yoast-schema-graph\">{\"@context\":\"https:\\\/\\\/schema.org\",\"@graph\":[{\"@type\":\"WebPage\",\"@id\":\"https:\\\/\\\/emagicum.com\\\/es\\\/politica-de-privacidad-de-emagicum\\\/\",\"url\":\"https:\\\/\\\/emagicum.com\\\/es\\\/politica-de-privacidad-de-emagicum\\\/\",\"name\":\"Pol\u00edtica de privacidad de Emagicum - Emacigum\",\"isPartOf\":{\"@id\":\"https:\\\/\\\/emagicum.com\\\/es\\\/#website\"},\"datePublished\":\"2023-12-03T11:03:18+00:00\",\"dateModified\":\"2024-07-09T14:46:55+00:00\",\"breadcrumb\":{\"@id\":\"https:\\\/\\\/emagicum.com\\\/es\\\/politica-de-privacidad-de-emagicum\\\/#breadcrumb\"},\"inLanguage\":\"es\",\"potentialAction\":[{\"@type\":\"ReadAction\",\"target\":[\"https:\\\/\\\/emagicum.com\\\/es\\\/politica-de-privacidad-de-emagicum\\\/\"]}]},{\"@type\":\"BreadcrumbList\",\"@id\":\"https:\\\/\\\/emagicum.com\\\/es\\\/politica-de-privacidad-de-emagicum\\\/#breadcrumb\",\"itemListElement\":[{\"@type\":\"ListItem\",\"position\":1,\"name\":\"Home\",\"item\":\"https:\\\/\\\/emagicum.com\\\/es\\\/\"},{\"@type\":\"ListItem\",\"position\":2,\"name\":\"Pol\u00edtica de privacidad de Emagicum\"}]},{\"@type\":\"WebSite\",\"@id\":\"https:\\\/\\\/emagicum.com\\\/es\\\/#website\",\"url\":\"https:\\\/\\\/emagicum.com\\\/es\\\/\",\"name\":\"Emacigum\",\"description\":\"\",\"publisher\":{\"@id\":\"https:\\\/\\\/emagicum.com\\\/es\\\/#organization\"},\"potentialAction\":[{\"@type\":\"SearchAction\",\"target\":{\"@type\":\"EntryPoint\",\"urlTemplate\":\"https:\\\/\\\/emagicum.com\\\/es\\\/?s={search_term_string}\"},\"query-input\":{\"@type\":\"PropertyValueSpecification\",\"valueRequired\":true,\"valueName\":\"search_term_string\"}}],\"inLanguage\":\"es\"},{\"@type\":\"Organization\",\"@id\":\"https:\\\/\\\/emagicum.com\\\/es\\\/#organization\",\"name\":\"Emacigum\",\"url\":\"https:\\\/\\\/emagicum.com\\\/es\\\/\",\"logo\":{\"@type\":\"ImageObject\",\"inLanguage\":\"es\",\"@id\":\"https:\\\/\\\/emagicum.com\\\/es\\\/#\\\/schema\\\/logo\\\/image\\\/\",\"url\":\"https:\\\/\\\/emagicum.com\\\/wp-content\\\/uploads\\\/2023\\\/12\\\/eMagicum-03-e1701850816804-scaled.png\",\"contentUrl\":\"https:\\\/\\\/emagicum.com\\\/wp-content\\\/uploads\\\/2023\\\/12\\\/eMagicum-03-e1701850816804-scaled.png\",\"width\":2560,\"height\":707,\"caption\":\"Emacigum\"},\"image\":{\"@id\":\"https:\\\/\\\/emagicum.com\\\/es\\\/#\\\/schema\\\/logo\\\/image\\\/\"}}]}<\/script>\n<!-- \/ Yoast SEO plugin. -->","yoast_head_json":{"title":"Pol\u00edtica de privacidad de Emagicum - Emacigum","robots":{"index":"index","follow":"follow","max-snippet":"max-snippet:-1","max-image-preview":"max-image-preview:large","max-video-preview":"max-video-preview:-1"},"canonical":"https:\/\/emagicum.com\/es\/politica-de-privacidad-de-emagicum\/","og_locale":"es_ES","og_type":"article","og_title":"Pol\u00edtica de privacidad de Emagicum - Emacigum","og_description":"En vigor desde: 9 de febrero de 2024 En Emagicum, valoramos la privacidad de nuestros usuarios y nos esforzamos por protegerla. Esta pol\u00edtica de privacidad explica c\u00f3mo recogemos, utilizamos y protegemos los datos personales de los usuarios que interact\u00faan con nuestro sitio web. Datos que recogemos: Uso de datos personales: Acceso e intercambio de datos: [&hellip;]","og_url":"https:\/\/emagicum.com\/es\/politica-de-privacidad-de-emagicum\/","og_site_name":"Emacigum","article_modified_time":"2024-07-09T14:46:55+00:00","twitter_card":"summary_large_image","twitter_misc":{"Tiempo de lectura":"3 minutos"},"schema":{"@context":"https:\/\/schema.org","@graph":[{"@type":"WebPage","@id":"https:\/\/emagicum.com\/es\/politica-de-privacidad-de-emagicum\/","url":"https:\/\/emagicum.com\/es\/politica-de-privacidad-de-emagicum\/","name":"Pol\u00edtica de privacidad de Emagicum - Emacigum","isPartOf":{"@id":"https:\/\/emagicum.com\/es\/#website"},"datePublished":"2023-12-03T11:03:18+00:00","dateModified":"2024-07-09T14:46:55+00:00","breadcrumb":{"@id":"https:\/\/emagicum.com\/es\/politica-de-privacidad-de-emagicum\/#breadcrumb"},"inLanguage":"es","potentialAction":[{"@type":"ReadAction","target":["https:\/\/emagicum.com\/es\/politica-de-privacidad-de-emagicum\/"]}]},{"@type":"BreadcrumbList","@id":"https:\/\/emagicum.com\/es\/politica-de-privacidad-de-emagicum\/#breadcrumb","itemListElement":[{"@type":"ListItem","position":1,"name":"Home","item":"https:\/\/emagicum.com\/es\/"},{"@type":"ListItem","position":2,"name":"Pol\u00edtica de privacidad de Emagicum"}]},{"@type":"WebSite","@id":"https:\/\/emagicum.com\/es\/#website","url":"https:\/\/emagicum.com\/es\/","name":"Emacigum","description":"","publisher":{"@id":"https:\/\/emagicum.com\/es\/#organization"},"potentialAction":[{"@type":"SearchAction","target":{"@type":"EntryPoint","urlTemplate":"https:\/\/emagicum.com\/es\/?s={search_term_string}"},"query-input":{"@type":"PropertyValueSpecification","valueRequired":true,"valueName":"search_term_string"}}],"inLanguage":"es"},{"@type":"Organization","@id":"https:\/\/emagicum.com\/es\/#organization","name":"Emacigum","url":"https:\/\/emagicum.com\/es\/","logo":{"@type":"ImageObject","inLanguage":"es","@id":"https:\/\/emagicum.com\/es\/#\/schema\/logo\/image\/","url":"https:\/\/emagicum.com\/wp-content\/uploads\/2023\/12\/eMagicum-03-e1701850816804-scaled.png","contentUrl":"https:\/\/emagicum.com\/wp-content\/uploads\/2023\/12\/eMagicum-03-e1701850816804-scaled.png","width":2560,"height":707,"caption":"Emacigum"},"image":{"@id":"https:\/\/emagicum.com\/es\/#\/schema\/logo\/image\/"}}]}},"uagb_featured_image_src":{"full":false,"thumbnail":false,"medium":false,"medium_large":false,"large":false,"1536x1536":false,"2048x2048":false},"uagb_author_info":{"display_name":"Eliza","author_link":"https:\/\/emagicum.com\/es\/author\/bbildr\/"},"uagb_comment_info":0,"uagb_excerpt":"En vigor desde: 9 de febrero de 2024 En Emagicum, valoramos la privacidad de nuestros usuarios y nos esforzamos por protegerla. Esta pol\u00edtica de privacidad explica c\u00f3mo recogemos, utilizamos y protegemos los datos personales de los usuarios que interact\u00faan con nuestro sitio web. Datos que recogemos: Uso de datos personales: Acceso e intercambio de datos:&hellip;","_links":{"self":[{"href":"https:\/\/emagicum.com\/es\/wp-json\/wp\/v2\/pages\/2250","targetHints":{"allow":["GET"]}}],"collection":[{"href":"https:\/\/emagicum.com\/es\/wp-json\/wp\/v2\/pages"}],"about":[{"href":"https:\/\/emagicum.com\/es\/wp-json\/wp\/v2\/types\/page"}],"author":[{"embeddable":true,"href":"https:\/\/emagicum.com\/es\/wp-json\/wp\/v2\/users\/1"}],"replies":[{"embeddable":true,"href":"https:\/\/emagicum.com\/es\/wp-json\/wp\/v2\/comments?post=2250"}],"version-history":[{"count":0,"href":"https:\/\/emagicum.com\/es\/wp-json\/wp\/v2\/pages\/2250\/revisions"}],"wp:attachment":[{"href":"https:\/\/emagicum.com\/es\/wp-json\/wp\/v2\/media?parent=2250"}],"curies":[{"name":"wp","href":"https:\/\/api.w.org\/{rel}","templated":true}]}}