{"id":2071,"date":"2022-03-01T05:02:55","date_gmt":"2022-03-01T05:02:55","guid":{"rendered":"https:\/\/emagicum.com\/contacta-con-nosotros\/"},"modified":"2024-07-23T13:22:30","modified_gmt":"2024-07-23T13:22:30","slug":"contacta-con-nosotros","status":"publish","type":"page","link":"https:\/\/emagicum.com\/es\/contacta-con-nosotros\/","title":{"rendered":"Contacta con nosotros"},"content":{"rendered":"\n<div class=\"wp-block-uagb-container uagb-block-f189ccfc alignfull uagb-is-root-container\"><div class=\"uagb-container-inner-blocks-wrap\">\n<div class=\"wp-block-uagb-advanced-heading uagb-block-ad855c6f\"><h1 class=\"uagb-heading-text\">Contacta con nosotros<\/h1><p class=\"uagb-desc-text\">\u00bfTienes alguna pregunta o comentario? \u00bfQuieres trabajar con nosotros? \u00a1Solo cont\u00e1ctanos!<\/p><\/div>\n\n\n\n<div class=\"wp-block-uagb-container uagb-block-fa30c7bc\">\n<div class=\"wp-block-uagb-container uagb-block-b642c914\"><\/div>\n\n\n\n<div class=\"wp-block-uagb-container uagb-block-c0c3d5cf\">\n<div class=\"wp-block-uagb-advanced-heading uagb-block-b50a0138\"><h2 class=\"uagb-heading-text\">Env\u00edanos un mensaje<\/h2><p class=\"uagb-desc-text\">Nota: Este formulario est\u00e1 destinado \u00fanicamente a consultas generales. Si necesitas ayuda, consulta las FAQ y los Documentos. Si todav\u00eda necesitas ayuda, env\u00eda un ticket de soporte.<\/p><\/div>\n\n\n<div class=\"wpforms-container wpforms-block wpforms-block-afa2952f-ce97-4edb-9431-4ba5f183b552\" id=\"wpforms-2078\"><form id=\"wpforms-form-2078\" class=\"wpforms-validate wpforms-form\" data-formid=\"2078\" method=\"post\" enctype=\"multipart\/form-data\" action=\"\/es\/wp-json\/wp\/v2\/pages\/2071\" data-token=\"ff88d8d7a3435c4224d20426ab608e31\" data-token-time=\"1777991510\"><noscript class=\"wpforms-error-noscript\">Por favor, activa JavaScript en tu navegador para completar este formulario.<\/noscript><div class=\"wpforms-field-container\"><div id=\"wpforms-2078-field_0-container\" class=\"wpforms-field wpforms-field-name\" data-field-id=\"0\"><label class=\"wpforms-field-label wpforms-label-hide\" for=\"wpforms-2078-field_0\">Nombre <span class=\"wpforms-required-label\">*<\/span><\/label><input type=\"text\" id=\"wpforms-2078-field_0\" class=\"wpforms-field-large wpforms-field-required\" name=\"wpforms[fields][0]\" placeholder=\"Nombre\" required><\/div><div id=\"wpforms-2078-field_1-container\" class=\"wpforms-field wpforms-field-email\" data-field-id=\"1\"><label class=\"wpforms-field-label wpforms-label-hide\" for=\"wpforms-2078-field_1\">Correo electr\u00f3nico <span class=\"wpforms-required-label\">*<\/span><\/label><input type=\"email\" id=\"wpforms-2078-field_1\" class=\"wpforms-field-large wpforms-field-required\" name=\"wpforms[fields][1]\" placeholder=\"Correo electr\u00f3nico\" spellcheck=\"false\" required><\/div><div id=\"wpforms-2078-field_3-container\" class=\"wpforms-field wpforms-field-text\" data-field-id=\"3\"><label class=\"wpforms-field-label wpforms-label-hide\" for=\"wpforms-2078-field_3\">Asunto <span class=\"wpforms-required-label\">*<\/span><\/label><input type=\"text\" id=\"wpforms-2078-field_3\" class=\"wpforms-field-large wpforms-field-required\" name=\"wpforms[fields][3]\" placeholder=\"Asunto del mensaje\" required><\/div><div id=\"wpforms-2078-field_2-container\" class=\"wpforms-field wpforms-field-textarea\" data-field-id=\"2\"><label class=\"wpforms-field-label wpforms-label-hide\" for=\"wpforms-2078-field_2\">Mensaje <span class=\"wpforms-required-label\">*<\/span><\/label><textarea id=\"wpforms-2078-field_2\" class=\"wpforms-field-medium wpforms-field-required\" name=\"wpforms[fields][2]\" placeholder=\"Tu mensaje\" required><\/textarea><\/div><\/div><!-- .wpforms-field-container --><div class=\"wpforms-recaptcha-container wpforms-is-turnstile\" ><div class=\"wpforms-turnstile\" data-sitekey=\"0x4AAAAAAAQQWAdDyur5WeSQ\" data-action=\"FormID-2078\"><\/div><input type=\"text\" name=\"g-recaptcha-hidden\" class=\"wpforms-recaptcha-hidden\" style=\"position:absolute!important;clip:rect(0,0,0,0)!important;height:1px!important;width:1px!important;border:0!important;overflow:hidden!important;padding:0!important;margin:0!important;\" data-rule-turnstile=\"1\"><\/div><div class=\"wpforms-submit-container\" ><input type=\"hidden\" name=\"wpforms[id]\" value=\"2078\"><input type=\"hidden\" name=\"page_title\" value=\"\"><input type=\"hidden\" name=\"page_url\" value=\"https:\/\/emagicum.com\/es\/wp-json\/wp\/v2\/pages\/2071\"><input type=\"hidden\" name=\"url_referer\" value=\"\"><button type=\"submit\" name=\"wpforms[submit]\" id=\"wpforms-submit-2078\" class=\"wpforms-submit\" data-alt-text=\"En curso...\" data-submit-text=\"Enviar\" aria-live=\"assertive\" value=\"wpforms-submit\">Enviar<\/button><\/div><\/form><\/div>  <!-- .wpforms-container --><\/div>\n\n\n\n<div class=\"wp-block-uagb-container uagb-block-a7aff1f7\">\n<div class=\"wp-block-uagb-social-share uagb-social-share__outer-wrap uagb-social-share__layout-horizontal uagb-block-4dc5f20d\">\n\n<div class=\"wp-block-uagb-social-share-child uagb-ss-repeater uagb-ss__wrapper uagb-block-d98a6065\"><span class=\"uagb-ss__link\" data-href=\"https:\/\/www.facebook.com\/sharer.php?u=\" tabindex=\"0\" role=\"button\" aria-label=\"facebook\"><span class=\"uagb-ss__source-wrap\"><span class=\"uagb-ss__source-icon\"><svg xmlns=\"https:\/\/www.w3.org\/2000\/svg\" viewBox=\"0 0 512 512\"><path d=\"M504 256C504 119 393 8 256 8S8 119 8 256c0 123.8 90.69 226.4 209.3 245V327.7h-63V256h63v-54.64c0-62.15 37-96.48 93.67-96.48 27.14 0 55.52 4.84 55.52 4.84v61h-31.28c-30.8 0-40.41 19.12-40.41 38.73V256h68.78l-11 71.69h-57.78V501C413.3 482.4 504 379.8 504 256z\"><\/path><\/svg><\/span><\/span><\/span><\/div>\n\n\n<div class=\"wp-block-uagb-social-share-child uagb-ss-repeater uagb-ss__wrapper uagb-block-642e91ff\"><span class=\"uagb-ss__link\" data-href=\"https:\/\/twitter.com\/share?url=\" tabindex=\"0\" role=\"button\" aria-label=\"twitter\"><span class=\"uagb-ss__source-wrap\"><span class=\"uagb-ss__source-icon\"><svg xmlns=\"https:\/\/www.w3.org\/2000\/svg\" viewBox=\"0 0 448 512\"><path d=\"M400 32H48C21.5 32 0 53.5 0 80v352c0 26.5 21.5 48 48 48h352c26.5 0 48-21.5 48-48V80c0-26.5-21.5-48-48-48zm-48.9 158.8c.2 2.8 .2 5.7 .2 8.5 0 86.7-66 186.6-186.6 186.6-37.2 0-71.7-10.8-100.7-29.4 5.3 .6 10.4 .8 15.8 .8 30.7 0 58.9-10.4 81.4-28-28.8-.6-53-19.5-61.3-45.5 10.1 1.5 19.2 1.5 29.6-1.2-30-6.1-52.5-32.5-52.5-64.4v-.8c8.7 4.9 18.9 7.9 29.6 8.3a65.45 65.45 0 0 1 -29.2-54.6c0-12.2 3.2-23.4 8.9-33.1 32.3 39.8 80.8 65.8 135.2 68.6-9.3-44.5 24-80.6 64-80.6 18.9 0 35.9 7.9 47.9 20.7 14.8-2.8 29-8.3 41.6-15.8-4.9 15.2-15.2 28-28.8 36.1 13.2-1.4 26-5.1 37.8-10.2-8.9 13.1-20.1 24.7-32.9 34z\"><\/path><\/svg><\/span><\/span><\/span><\/div>\n\n\n<div class=\"wp-block-uagb-social-share-child uagb-ss-repeater uagb-ss__wrapper uagb-block-d77fd734\"><span class=\"uagb-ss__link\" data-href=\"https:\/\/pinterest.com\/pin\/create\/link\/?url=\" tabindex=\"0\" role=\"button\" aria-label=\"pinterest\"><span class=\"uagb-ss__source-wrap\"><span class=\"uagb-ss__source-icon\"><svg xmlns=\"https:\/\/www.w3.org\/2000\/svg\" viewBox=\"0 0 448 512\"><path d=\"M448 80v352c0 26.5-21.5 48-48 48H154.4c9.8-16.4 22.4-40 27.4-59.3 3-11.5 15.3-58.4 15.3-58.4 8 15.3 31.4 28.2 56.3 28.2 74.1 0 127.4-68.1 127.4-152.7 0-81.1-66.2-141.8-151.4-141.8-106 0-162.2 71.1-162.2 148.6 0 36 19.2 80.8 49.8 95.1 4.7 2.2 7.1 1.2 8.2-3.3 .8-3.4 5-20.1 6.8-27.8 .6-2.5 .3-4.6-1.7-7-10.1-12.3-18.3-34.9-18.3-56 0-54.2 41-106.6 110.9-106.6 60.3 0 102.6 41.1 102.6 99.9 0 66.4-33.5 112.4-77.2 112.4-24.1 0-42.1-19.9-36.4-44.4 6.9-29.2 20.3-60.7 20.3-81.8 0-53-75.5-45.7-75.5 25 0 21.7 7.3 36.5 7.3 36.5-31.4 132.8-36.1 134.5-29.6 192.6l2.2 .8H48c-26.5 0-48-21.5-48-48V80c0-26.5 21.5-48 48-48h352c26.5 0 48 21.5 48 48z\"><\/path><\/svg><\/span><\/span><\/span><\/div>\n\n\n<div class=\"wp-block-uagb-social-share-child uagb-ss-repeater uagb-ss__wrapper uagb-block-72699241\"><span class=\"uagb-ss__link\" data-href=\"https:\/\/www.linkedin.com\/shareArticle?url=\" tabindex=\"0\" role=\"button\" aria-label=\"linkedin\"><span class=\"uagb-ss__source-wrap\"><span class=\"uagb-ss__source-icon\"><svg xmlns=\"https:\/\/www.w3.org\/2000\/svg\" viewBox=\"0 0 448 512\"><path d=\"M416 32H31.9C14.3 32 0 46.5 0 64.3v383.4C0 465.5 14.3 480 31.9 480H416c17.6 0 32-14.5 32-32.3V64.3c0-17.8-14.4-32.3-32-32.3zM135.4 416H69V202.2h66.5V416zm-33.2-243c-21.3 0-38.5-17.3-38.5-38.5S80.9 96 102.2 96c21.2 0 38.5 17.3 38.5 38.5 0 21.3-17.2 38.5-38.5 38.5zm282.1 243h-66.4V312c0-24.8-.5-56.7-34.5-56.7-34.6 0-39.9 27-39.9 54.9V416h-66.4V202.2h63.7v29.2h.9c8.9-16.8 30.6-34.5 62.9-34.5 67.2 0 79.7 44.3 79.7 101.9V416z\"><\/path><\/svg><\/span><\/span><\/span><\/div>\n\n<\/div>\n<\/div>\n<\/div>\n<\/div><\/div>\n","protected":false},"excerpt":{"rendered":"<p>Contacta con nosotros \u00bfTienes alguna pregunta o comentario? \u00bfQuieres trabajar con nosotros? \u00a1Solo cont\u00e1ctanos! Env\u00edanos un mensaje Nota: Este formulario est\u00e1 destinado \u00fanicamente a consultas generales. Si necesitas ayuda, consulta las FAQ y los Documentos. Si todav\u00eda necesitas ayuda, env\u00eda un ticket de soporte.<\/p>\n","protected":false},"author":1,"featured_media":0,"parent":0,"menu_order":0,"comment_status":"closed","ping_status":"closed","template":"","meta":{"_uag_custom_page_level_css":"","site-sidebar-layout":"no-sidebar","site-content-layout":"plain-container","ast-site-content-layout":"normal-width-container","site-content-style":"unboxed","site-sidebar-style":"unboxed","ast-global-header-display":"","ast-banner-title-visibility":"","ast-main-header-display":"","ast-hfb-above-header-display":"","ast-hfb-below-header-display":"","ast-hfb-mobile-header-display":"","site-post-title":"disabled","ast-breadcrumbs-content":"","ast-featured-img":"disabled","footer-sml-layout":"","ast-disable-related-posts":"","theme-transparent-header-meta":"enabled","adv-header-id-meta":"","stick-header-meta":"","header-above-stick-meta":"","header-main-stick-meta":"","header-below-stick-meta":"","astra-migrate-meta-layouts":"set","ast-page-background-enabled":"default","ast-page-background-meta":{"desktop":{"background-color":"","background-image":"","background-repeat":"repeat","background-position":"center center","background-size":"auto","background-attachment":"scroll","background-type":"","background-media":"","overlay-type":"","overlay-color":"","overlay-opacity":"","overlay-gradient":""},"tablet":{"background-color":"","background-image":"","background-repeat":"repeat","background-position":"center center","background-size":"auto","background-attachment":"scroll","background-type":"","background-media":"","overlay-type":"","overlay-color":"","overlay-opacity":"","overlay-gradient":""},"mobile":{"background-color":"","background-image":"","background-repeat":"repeat","background-position":"center center","background-size":"auto","background-attachment":"scroll","background-type":"","background-media":"","overlay-type":"","overlay-color":"","overlay-opacity":"","overlay-gradient":""}},"ast-content-background-meta":{"desktop":{"background-color":"var(--ast-global-color-5)","background-image":"","background-repeat":"repeat","background-position":"center center","background-size":"auto","background-attachment":"scroll","background-type":"","background-media":"","overlay-type":"","overlay-color":"","overlay-opacity":"","overlay-gradient":""},"tablet":{"background-color":"var(--ast-global-color-5)","background-image":"","background-repeat":"repeat","background-position":"center center","background-size":"auto","background-attachment":"scroll","background-type":"","background-media":"","overlay-type":"","overlay-color":"","overlay-opacity":"","overlay-gradient":""},"mobile":{"background-color":"var(--ast-global-color-5)","background-image":"","background-repeat":"repeat","background-position":"center center","background-size":"auto","background-attachment":"scroll","background-type":"","background-media":"","overlay-type":"","overlay-color":"","overlay-opacity":"","overlay-gradient":""}},"footnotes":""},"class_list":["post-2071","page","type-page","status-publish","hentry"],"yoast_head":"<!-- This site is optimized with the Yoast SEO plugin v27.5 - https:\/\/yoast.com\/product\/yoast-seo-wordpress\/ -->\n<title>Contacto - Emacigum<\/title>\n<meta name=\"description\" content=\"Ponte en contacto con nosotros y el personal de Emagicum responder\u00e1 a tus preguntas y solicitudes en un plazo de 24 horas.\" \/>\n<meta name=\"robots\" content=\"index, follow, max-snippet:-1, max-image-preview:large, max-video-preview:-1\" \/>\n<link rel=\"canonical\" href=\"https:\/\/emagicum.com\/es\/contacta-con-nosotros\/\" \/>\n<meta property=\"og:locale\" content=\"es_ES\" \/>\n<meta property=\"og:type\" content=\"article\" \/>\n<meta property=\"og:title\" content=\"Contacto - Emacigum\" \/>\n<meta property=\"og:description\" content=\"Ponte en contacto con nosotros y el personal de Emagicum responder\u00e1 a tus preguntas y solicitudes en un plazo de 24 horas.\" \/>\n<meta property=\"og:url\" content=\"https:\/\/emagicum.com\/es\/contacta-con-nosotros\/\" \/>\n<meta property=\"og:site_name\" content=\"Emacigum\" \/>\n<meta property=\"article:modified_time\" content=\"2024-07-23T13:22:30+00:00\" \/>\n<meta name=\"twitter:card\" content=\"summary_large_image\" \/>\n<meta name=\"twitter:label1\" content=\"Tiempo de lectura\" \/>\n\t<meta name=\"twitter:data1\" content=\"1 minuto\" \/>\n<script type=\"application\/ld+json\" class=\"yoast-schema-graph\">{\"@context\":\"https:\\\/\\\/schema.org\",\"@graph\":[{\"@type\":\"WebPage\",\"@id\":\"https:\\\/\\\/emagicum.com\\\/es\\\/contacta-con-nosotros\\\/\",\"url\":\"https:\\\/\\\/emagicum.com\\\/es\\\/contacta-con-nosotros\\\/\",\"name\":\"Contacto - Emacigum\",\"isPartOf\":{\"@id\":\"https:\\\/\\\/emagicum.com\\\/es\\\/#website\"},\"datePublished\":\"2022-03-01T05:02:55+00:00\",\"dateModified\":\"2024-07-23T13:22:30+00:00\",\"description\":\"Ponte en contacto con nosotros y el personal de Emagicum responder\u00e1 a tus preguntas y solicitudes en un plazo de 24 horas.\",\"breadcrumb\":{\"@id\":\"https:\\\/\\\/emagicum.com\\\/es\\\/contacta-con-nosotros\\\/#breadcrumb\"},\"inLanguage\":\"es\",\"potentialAction\":[{\"@type\":\"ReadAction\",\"target\":[\"https:\\\/\\\/emagicum.com\\\/es\\\/contacta-con-nosotros\\\/\"]}]},{\"@type\":\"BreadcrumbList\",\"@id\":\"https:\\\/\\\/emagicum.com\\\/es\\\/contacta-con-nosotros\\\/#breadcrumb\",\"itemListElement\":[{\"@type\":\"ListItem\",\"position\":1,\"name\":\"Home\",\"item\":\"https:\\\/\\\/emagicum.com\\\/es\\\/\"},{\"@type\":\"ListItem\",\"position\":2,\"name\":\"Contacta con nosotros\"}]},{\"@type\":\"WebSite\",\"@id\":\"https:\\\/\\\/emagicum.com\\\/es\\\/#website\",\"url\":\"https:\\\/\\\/emagicum.com\\\/es\\\/\",\"name\":\"Emacigum\",\"description\":\"\",\"publisher\":{\"@id\":\"https:\\\/\\\/emagicum.com\\\/es\\\/#organization\"},\"potentialAction\":[{\"@type\":\"SearchAction\",\"target\":{\"@type\":\"EntryPoint\",\"urlTemplate\":\"https:\\\/\\\/emagicum.com\\\/es\\\/?s={search_term_string}\"},\"query-input\":{\"@type\":\"PropertyValueSpecification\",\"valueRequired\":true,\"valueName\":\"search_term_string\"}}],\"inLanguage\":\"es\"},{\"@type\":\"Organization\",\"@id\":\"https:\\\/\\\/emagicum.com\\\/es\\\/#organization\",\"name\":\"Emacigum\",\"url\":\"https:\\\/\\\/emagicum.com\\\/es\\\/\",\"logo\":{\"@type\":\"ImageObject\",\"inLanguage\":\"es\",\"@id\":\"https:\\\/\\\/emagicum.com\\\/es\\\/#\\\/schema\\\/logo\\\/image\\\/\",\"url\":\"https:\\\/\\\/emagicum.com\\\/wp-content\\\/uploads\\\/2023\\\/12\\\/eMagicum-03-e1701850816804-scaled.png\",\"contentUrl\":\"https:\\\/\\\/emagicum.com\\\/wp-content\\\/uploads\\\/2023\\\/12\\\/eMagicum-03-e1701850816804-scaled.png\",\"width\":2560,\"height\":707,\"caption\":\"Emacigum\"},\"image\":{\"@id\":\"https:\\\/\\\/emagicum.com\\\/es\\\/#\\\/schema\\\/logo\\\/image\\\/\"}}]}<\/script>\n<!-- \/ Yoast SEO plugin. -->","yoast_head_json":{"title":"Contacto - Emacigum","description":"Ponte en contacto con nosotros y el personal de Emagicum responder\u00e1 a tus preguntas y solicitudes en un plazo de 24 horas.","robots":{"index":"index","follow":"follow","max-snippet":"max-snippet:-1","max-image-preview":"max-image-preview:large","max-video-preview":"max-video-preview:-1"},"canonical":"https:\/\/emagicum.com\/es\/contacta-con-nosotros\/","og_locale":"es_ES","og_type":"article","og_title":"Contacto - Emacigum","og_description":"Ponte en contacto con nosotros y el personal de Emagicum responder\u00e1 a tus preguntas y solicitudes en un plazo de 24 horas.","og_url":"https:\/\/emagicum.com\/es\/contacta-con-nosotros\/","og_site_name":"Emacigum","article_modified_time":"2024-07-23T13:22:30+00:00","twitter_card":"summary_large_image","twitter_misc":{"Tiempo de lectura":"1 minuto"},"schema":{"@context":"https:\/\/schema.org","@graph":[{"@type":"WebPage","@id":"https:\/\/emagicum.com\/es\/contacta-con-nosotros\/","url":"https:\/\/emagicum.com\/es\/contacta-con-nosotros\/","name":"Contacto - Emacigum","isPartOf":{"@id":"https:\/\/emagicum.com\/es\/#website"},"datePublished":"2022-03-01T05:02:55+00:00","dateModified":"2024-07-23T13:22:30+00:00","description":"Ponte en contacto con nosotros y el personal de Emagicum responder\u00e1 a tus preguntas y solicitudes en un plazo de 24 horas.","breadcrumb":{"@id":"https:\/\/emagicum.com\/es\/contacta-con-nosotros\/#breadcrumb"},"inLanguage":"es","potentialAction":[{"@type":"ReadAction","target":["https:\/\/emagicum.com\/es\/contacta-con-nosotros\/"]}]},{"@type":"BreadcrumbList","@id":"https:\/\/emagicum.com\/es\/contacta-con-nosotros\/#breadcrumb","itemListElement":[{"@type":"ListItem","position":1,"name":"Home","item":"https:\/\/emagicum.com\/es\/"},{"@type":"ListItem","position":2,"name":"Contacta con nosotros"}]},{"@type":"WebSite","@id":"https:\/\/emagicum.com\/es\/#website","url":"https:\/\/emagicum.com\/es\/","name":"Emacigum","description":"","publisher":{"@id":"https:\/\/emagicum.com\/es\/#organization"},"potentialAction":[{"@type":"SearchAction","target":{"@type":"EntryPoint","urlTemplate":"https:\/\/emagicum.com\/es\/?s={search_term_string}"},"query-input":{"@type":"PropertyValueSpecification","valueRequired":true,"valueName":"search_term_string"}}],"inLanguage":"es"},{"@type":"Organization","@id":"https:\/\/emagicum.com\/es\/#organization","name":"Emacigum","url":"https:\/\/emagicum.com\/es\/","logo":{"@type":"ImageObject","inLanguage":"es","@id":"https:\/\/emagicum.com\/es\/#\/schema\/logo\/image\/","url":"https:\/\/emagicum.com\/wp-content\/uploads\/2023\/12\/eMagicum-03-e1701850816804-scaled.png","contentUrl":"https:\/\/emagicum.com\/wp-content\/uploads\/2023\/12\/eMagicum-03-e1701850816804-scaled.png","width":2560,"height":707,"caption":"Emacigum"},"image":{"@id":"https:\/\/emagicum.com\/es\/#\/schema\/logo\/image\/"}}]}},"uagb_featured_image_src":{"full":false,"thumbnail":false,"medium":false,"medium_large":false,"large":false,"1536x1536":false,"2048x2048":false},"uagb_author_info":{"display_name":"Eliza","author_link":"https:\/\/emagicum.com\/es\/author\/bbildr\/"},"uagb_comment_info":0,"uagb_excerpt":"Contacta con nosotros \u00bfTienes alguna pregunta o comentario? \u00bfQuieres trabajar con nosotros? \u00a1Solo cont\u00e1ctanos! Env\u00edanos un mensaje Nota: Este formulario est\u00e1 destinado \u00fanicamente a consultas generales. Si necesitas ayuda, consulta las FAQ y los Documentos. Si todav\u00eda necesitas ayuda, env\u00eda un ticket de soporte.","_links":{"self":[{"href":"https:\/\/emagicum.com\/es\/wp-json\/wp\/v2\/pages\/2071","targetHints":{"allow":["GET"]}}],"collection":[{"href":"https:\/\/emagicum.com\/es\/wp-json\/wp\/v2\/pages"}],"about":[{"href":"https:\/\/emagicum.com\/es\/wp-json\/wp\/v2\/types\/page"}],"author":[{"embeddable":true,"href":"https:\/\/emagicum.com\/es\/wp-json\/wp\/v2\/users\/1"}],"replies":[{"embeddable":true,"href":"https:\/\/emagicum.com\/es\/wp-json\/wp\/v2\/comments?post=2071"}],"version-history":[{"count":1,"href":"https:\/\/emagicum.com\/es\/wp-json\/wp\/v2\/pages\/2071\/revisions"}],"predecessor-version":[{"id":2478,"href":"https:\/\/emagicum.com\/es\/wp-json\/wp\/v2\/pages\/2071\/revisions\/2478"}],"wp:attachment":[{"href":"https:\/\/emagicum.com\/es\/wp-json\/wp\/v2\/media?parent=2071"}],"curies":[{"name":"wp","href":"https:\/\/api.w.org\/{rel}","templated":true}]}}