{"id":2069,"date":"2022-03-01T05:00:15","date_gmt":"2022-03-01T05:00:15","guid":{"rendered":"https:\/\/emagicum.com\/formatos-de-libro\/"},"modified":"2025-05-07T07:45:43","modified_gmt":"2025-05-07T07:45:43","slug":"formatos-de-libro","status":"publish","type":"page","link":"https:\/\/emagicum.com\/es\/formatos-de-libro\/","title":{"rendered":"Formatos y Precios"},"content":{"rendered":"\n<div class=\"wp-block-uagb-container uagb-block-3d0976d0 alignfull uagb-is-root-container\"><div class=\"uagb-container-inner-blocks-wrap\">\n<div class=\"wp-block-uagb-advanced-heading uagb-block-5a08d7b8\"><h2 class=\"uagb-heading-text\">Dise\u00f1a tu historia a tu manera: descubre nuestra selecci\u00f3n de formatos y encuadernaciones para tus libros<\/h2><p class=\"uagb-desc-text\">Antes de empezar, debes encontrar el formato perfecto para tu libro. Desde cl\u00e1sicos encuadernados en tapa dura hasta pr\u00e1cticos libros de tapa blanda o libros de bolsillo: elige el tama\u00f1o, orientaci\u00f3n y encuadernaci\u00f3n ideales.<\/p><\/div>\n<\/div><\/div>\n\n\n\n<div class=\"wp-block-uagb-container uagb-block-0b7f3eb3 alignfull uagb-is-root-container\"><div class=\"uagb-container-inner-blocks-wrap\">\n<div class=\"wp-block-uagb-container uagb-block-e2162d22\">\n<div class=\"wp-block-uagb-info-box uagb-block-19b80100 uagb-infobox__content-wrap  uagb-infobox-icon-above-title uagb-infobox-image-valign-top\"><div class=\"uagb-ifb-content\"><div class=\"uagb-ifb-title-wrap\"><h2 class=\"uagb-ifb-title\">Libros de tapa dura<\/h2><\/div><p class=\"uagb-ifb-desc\">Imprime tu libre con formato cl\u00e1sico. Nuestros libros de tapa dura est\u00e1n dise\u00f1ados para ofrecer durabilidad y est\u00e9tica. Elige entre los formatos A5, A4 o cuadrado para adaptarlos al estilo de tu historia.<\/p><\/div><\/div>\n\n\n\n<div class=\"wp-block-uagb-advanced-heading uagb-block-2411c88b\"><h4 class=\"uagb-heading-text\"><strong>Desde 19,49 \u20ac<\/strong><\/h4><\/div>\n<\/div>\n\n\n\n<div class=\"wp-block-uagb-container uagb-block-9c650792\">\n<div class=\"wp-block-uagb-image aligncenter uagb-block-7f97dfa9 wp-block-uagb-image--layout-default wp-block-uagb-image--effect-static wp-block-uagb-image--align-center\"><figure class=\"wp-block-uagb-image__figure\"><img decoding=\"async\" srcset=\"https:\/\/emagicum.com\/wp-content\/uploads\/2024\/07\/Hardcover-format-ES-1024x683.png ,https:\/\/emagicum.com\/wp-content\/uploads\/2024\/07\/Hardcover-format-ES.png 780w, https:\/\/emagicum.com\/wp-content\/uploads\/2024\/07\/Hardcover-format-ES.png 360w\" sizes=\"auto, (max-width: 480px) 150px\" src=\"https:\/\/emagicum.com\/wp-content\/uploads\/2024\/07\/Hardcover-format-ES-1024x683.png\" alt=\"libro de poesia\" class=\"uag-image-2324\" width=\"1024\" height=\"683\" title=\"Hardcover-format-ES\" loading=\"lazy\" role=\"img\"\/><\/figure><\/div>\n<\/div>\n<\/div><\/div>\n\n\n\n<div class=\"wp-block-uagb-container uagb-block-ae7b3416 alignfull uagb-is-root-container\"><div class=\"uagb-container-inner-blocks-wrap\">\n<div class=\"wp-block-uagb-container uagb-block-da341fdd\">\n<figure class=\"wp-block-image aligncenter size-full\"><img loading=\"lazy\" decoding=\"async\" width=\"4000\" height=\"2666\" src=\"https:\/\/emagicum.com\/wp-content\/uploads\/2024\/07\/Softcover-format-ES.png\" alt=\"nuestra historia libro\" class=\"wp-image-2327\" srcset=\"https:\/\/emagicum.com\/wp-content\/uploads\/2024\/07\/Softcover-format-ES.png 4000w, https:\/\/emagicum.com\/wp-content\/uploads\/2024\/07\/Softcover-format-ES-300x200.png 300w, https:\/\/emagicum.com\/wp-content\/uploads\/2024\/07\/Softcover-format-ES-1024x682.png 1024w, https:\/\/emagicum.com\/wp-content\/uploads\/2024\/07\/Softcover-format-ES-768x512.png 768w, https:\/\/emagicum.com\/wp-content\/uploads\/2024\/07\/Softcover-format-ES-1536x1024.png 1536w, https:\/\/emagicum.com\/wp-content\/uploads\/2024\/07\/Softcover-format-ES-2048x1365.png 2048w\" sizes=\"auto, (max-width: 4000px) 100vw, 4000px\" \/><\/figure>\n<\/div>\n\n\n\n<div class=\"wp-block-uagb-container uagb-block-92460d5a\">\n<div class=\"wp-block-uagb-info-box uagb-block-d3bca209 uagb-infobox__content-wrap  uagb-infobox-icon-above-title uagb-infobox-image-valign-top\"><div class=\"uagb-ifb-content\"><div class=\"uagb-ifb-title-wrap\"><h2 class=\"uagb-ifb-title\">Libros de tapa blanda<\/h2><\/div><p class=\"uagb-ifb-desc\">Para una opci\u00f3n m\u00e1s flexible y adaptable, nuestros libros de tapa blanda son la elecci\u00f3n perfecta. Ya sea en formato A5 compacto, A4 est\u00e1ndar o cuadrado, encontrar\u00e1s el formato ideal para tu historia. Ofrecemos libros perfectamente encuadernados y con encuadernaci\u00f3n a caballete (costura lateral).<\/p><\/div><\/div>\n\n\n\n<div class=\"wp-block-uagb-advanced-heading uagb-block-d649f1e5\"><h4 class=\"uagb-heading-text\"><strong>Desde 9,99 \u20ac<\/strong><\/h4><\/div>\n<\/div>\n<\/div><\/div>\n\n\n\n<div class=\"wp-block-uagb-container uagb-block-a92a990b alignfull uagb-is-root-container\"><div class=\"uagb-container-inner-blocks-wrap\">\n<div class=\"wp-block-uagb-advanced-heading uagb-block-4094581d\"><h2 class=\"uagb-heading-text\">Gu\u00eda de tama\u00f1os<\/h2><p class=\"uagb-desc-text\">\u00bfNo est\u00e1s seguro acerca de las dimensiones? Nuestra gu\u00eda de tama\u00f1os te ayuda a visualizar los formatos A5, A4 y cuadrado. Comprende c\u00f3mo afecta el tama\u00f1o a la experiencia de lectura y elige el formato que se adapte a tu visi\u00f3n creativa.<\/p><\/div>\n<\/div><\/div>\n\n\n\n<div class=\"wp-block-uagb-container uagb-block-aa589b2a alignfull uagb-is-root-container\"><div class=\"uagb-container-inner-blocks-wrap\">\n<div class=\"wp-block-columns is-layout-flex wp-container-core-columns-is-layout-28f84493 wp-block-columns-is-layout-flex\">\n<div class=\"wp-block-column is-vertically-aligned-center is-layout-flow wp-block-column-is-layout-flow\" style=\"flex-basis:66.66%\">\n<div class=\"wp-block-uagb-info-box uagb-block-240db3e7 uagb-infobox__content-wrap  uagb-infobox-icon-above-title uagb-infobox-image-valign-top\"><div class=\"uagb-ifb-content\"><div class=\"uagb-ifb-title-wrap\"><h3 class=\"uagb-ifb-title\">Formato A5 (14.8 cm x 21 cm)<\/h3><\/div><p class=\"uagb-ifb-desc\">Experimenta la comodidad y cercan\u00eda del formato A5: una opci\u00f3n perfecta para relatos breves, diarios o cuadernos de viaje. Gracias a su tama\u00f1o, se adapta perfectamente a las manos de tus lectores y es ideal para aventuras y reflexiones personales.<\/p><\/div><\/div>\n<\/div>\n\n\n\n<div class=\"wp-block-column is-layout-flow wp-block-column-is-layout-flow\" style=\"flex-basis:33.33%\">\n<figure class=\"wp-block-image size-full\"><img loading=\"lazy\" decoding=\"async\" width=\"1714\" height=\"1142\" src=\"https:\/\/emagicum.com\/wp-content\/uploads\/2024\/01\/A5-size-new.png\" alt=\"\" class=\"wp-image-1821\" srcset=\"https:\/\/emagicum.com\/wp-content\/uploads\/2024\/01\/A5-size-new.png 1714w, https:\/\/emagicum.com\/wp-content\/uploads\/2024\/01\/A5-size-new-300x200.png 300w, https:\/\/emagicum.com\/wp-content\/uploads\/2024\/01\/A5-size-new-1024x682.png 1024w, https:\/\/emagicum.com\/wp-content\/uploads\/2024\/01\/A5-size-new-768x512.png 768w, https:\/\/emagicum.com\/wp-content\/uploads\/2024\/01\/A5-size-new-1536x1023.png 1536w\" sizes=\"auto, (max-width: 1714px) 100vw, 1714px\" \/><\/figure>\n<\/div>\n<\/div>\n<\/div><\/div>\n\n\n\n<div class=\"wp-block-uagb-container uagb-block-b8398751 alignfull uagb-is-root-container\"><div class=\"uagb-container-inner-blocks-wrap\">\n<div class=\"wp-block-columns is-layout-flex wp-container-core-columns-is-layout-28f84493 wp-block-columns-is-layout-flex\">\n<div class=\"wp-block-column is-vertically-aligned-center is-layout-flow wp-block-column-is-layout-flow\" style=\"flex-basis:66.66%\">\n<div class=\"wp-block-uagb-info-box uagb-block-553cab64 uagb-infobox__content-wrap  uagb-infobox-icon-above-title uagb-infobox-image-valign-top\"><div class=\"uagb-ifb-content\"><div class=\"uagb-ifb-title-wrap\"><h3 class=\"uagb-ifb-title\">Formato A4 (21 cm x 29.7 cm)<\/h3><\/div><p class=\"uagb-ifb-desc\">Sum\u00e9rgete en el cl\u00e1sico A4, un formato vers\u00e1til que se adapta a una gran variedad de g\u00e9neros. Sus dimensiones ofrecen un amplio espacio para ilustraciones detalladas y narrativas completas. Elige A4 para obtener un aspecto cl\u00e1sico y profesional.<\/p><\/div><\/div>\n<\/div>\n\n\n\n<div class=\"wp-block-column is-layout-flow wp-block-column-is-layout-flow\" style=\"flex-basis:33.33%\">\n<figure class=\"wp-block-image size-full\"><img loading=\"lazy\" decoding=\"async\" width=\"1714\" height=\"1142\" src=\"https:\/\/emagicum.com\/wp-content\/uploads\/2024\/01\/A4-size-new.png\" alt=\"\" class=\"wp-image-1822\" srcset=\"https:\/\/emagicum.com\/wp-content\/uploads\/2024\/01\/A4-size-new.png 1714w, https:\/\/emagicum.com\/wp-content\/uploads\/2024\/01\/A4-size-new-300x200.png 300w, https:\/\/emagicum.com\/wp-content\/uploads\/2024\/01\/A4-size-new-1024x682.png 1024w, https:\/\/emagicum.com\/wp-content\/uploads\/2024\/01\/A4-size-new-768x512.png 768w, https:\/\/emagicum.com\/wp-content\/uploads\/2024\/01\/A4-size-new-1536x1023.png 1536w\" sizes=\"auto, (max-width: 1714px) 100vw, 1714px\" \/><\/figure>\n<\/div>\n<\/div>\n<\/div><\/div>\n\n\n\n<div class=\"wp-block-uagb-container uagb-block-bd390227 alignfull uagb-is-root-container\"><div class=\"uagb-container-inner-blocks-wrap\">\n<div class=\"wp-block-columns is-layout-flex wp-container-core-columns-is-layout-28f84493 wp-block-columns-is-layout-flex\">\n<div class=\"wp-block-column is-vertically-aligned-center is-layout-flow wp-block-column-is-layout-flow\" style=\"flex-basis:66.66%\">\n<div class=\"wp-block-uagb-info-box uagb-block-cadbb0db uagb-infobox__content-wrap  uagb-infobox-icon-above-title uagb-infobox-image-valign-top\"><div class=\"uagb-ifb-content\"><div class=\"uagb-ifb-title-wrap\"><h3 class=\"uagb-ifb-title\">Formato Cuadrado (21,6 cm x 21,6 cm)<\/h3><\/div><p class=\"uagb-ifb-desc\">Con el formato cuadrado estar\u00e1s a la \u00faltima. El formato cuadrado es perfecto para contar historias visuales y libros infantiles, a\u00f1adiendo un toque \u00fanico a su libro ilustrado. Descubre posibilidades creativas que van m\u00e1s all\u00e1 de los dise\u00f1os tradicionales.<\/p><\/div><\/div>\n<\/div>\n\n\n\n<div class=\"wp-block-column is-layout-flow wp-block-column-is-layout-flow\" style=\"flex-basis:33.33%\">\n<figure class=\"wp-block-image size-full\"><img loading=\"lazy\" decoding=\"async\" width=\"1714\" height=\"1142\" src=\"https:\/\/emagicum.com\/wp-content\/uploads\/2024\/01\/Square-size-new.png\" alt=\"\" class=\"wp-image-1819\" srcset=\"https:\/\/emagicum.com\/wp-content\/uploads\/2024\/01\/Square-size-new.png 1714w, https:\/\/emagicum.com\/wp-content\/uploads\/2024\/01\/Square-size-new-300x200.png 300w, https:\/\/emagicum.com\/wp-content\/uploads\/2024\/01\/Square-size-new-1024x682.png 1024w, https:\/\/emagicum.com\/wp-content\/uploads\/2024\/01\/Square-size-new-768x512.png 768w, https:\/\/emagicum.com\/wp-content\/uploads\/2024\/01\/Square-size-new-1536x1023.png 1536w\" sizes=\"auto, (max-width: 1714px) 100vw, 1714px\" \/><\/figure>\n<\/div>\n<\/div>\n<\/div><\/div>\n\n\n\n<div class=\"wp-block-uagb-container uagb-block-8a28ad4c alignfull uagb-is-root-container\"><div class=\"uagb-container-inner-blocks-wrap\">\n<div class=\"wp-block-uagb-advanced-heading uagb-block-8fca6a92\"><p class=\"uagb-desc-text\">Ahora que ya conoces nuestra gu\u00eda de tama\u00f1os,, ya est\u00e1s preparado para embarcarte en tu viaje de crear tus propios libros. Elige el tama\u00f1o que se ajuste a tu visi\u00f3n narrativa y deja que tu historia se desarrolle en las dimensiones perfectas.<\/p><\/div>\n\n\n\n<div class=\"wp-block-uagb-buttons uagb-buttons__outer-wrap uagb-btn__default-btn uagb-btn-tablet__default-btn uagb-btn-mobile__default-btn uagb-block-dcf031ed\"><div class=\"uagb-buttons__wrap uagb-buttons-layout-wrap \">\n<div class=\"wp-block-uagb-buttons-child uagb-buttons__outer-wrap uagb-block-88233a6f wp-block-button\"><div class=\"uagb-button__wrapper\"><a class=\"uagb-buttons-repeater wp-block-button__link\" aria-label=\"\" href=\"https:\/\/emagicum.com\/es\/mi-cuenta\/\" rel=\"follow noopener\" target=\"_self\" role=\"button\"><div class=\"uagb-button__link\">\u00a1Empieza a crear tu libro hoy mismo!<\/div><span class=\"uagb-button__icon uagb-button__icon-position-after\"><svg xmlns=\"https:\/\/www.w3.org\/2000\/svg\" viewbox=\"0 0 448 512\" aria-hidden=\"true\" focussable=\"false\"><path d=\"M438.6 278.6l-160 160C272.4 444.9 264.2 448 256 448s-16.38-3.125-22.62-9.375c-12.5-12.5-12.5-32.75 0-45.25L338.8 288H32C14.33 288 .0016 273.7 .0016 256S14.33 224 32 224h306.8l-105.4-105.4c-12.5-12.5-12.5-32.75 0-45.25s32.75-12.5 45.25 0l160 160C451.1 245.9 451.1 266.1 438.6 278.6z\"><\/path><\/svg><\/span><\/a><\/div><\/div>\n<\/div><\/div>\n<\/div><\/div>\n\n\n\n<div class=\"wp-block-uagb-container uagb-block-b29357e5 alignfull uagb-is-root-container\"><div class=\"uagb-container-inner-blocks-wrap\">\n<div class=\"wp-block-uagb-advanced-heading uagb-block-91826d95\"><h2 class=\"uagb-heading-text\">Env\u00edo m\u00e1s r\u00e1pido<\/h2><p class=\"uagb-desc-text\">Emagicum imprime los libros por encargo en varias imprentas de la UE y el Reino Unido. Esto garantiza unos tiempos de producci\u00f3n eficientes y env\u00edos r\u00e1pidos. Normalmente, los libros se imprimen en aproximadamente 5 a 7 d\u00edas h\u00e1biles, aunque los tiempos de producci\u00f3n y entrega pueden ser m\u00e1s largos durante las vacaciones de invierno y la temporada de \u00abvuelta al cole\u00bb.<\/p><\/div>\n<\/div><\/div>\n","protected":false},"excerpt":{"rendered":"<p>Dise\u00f1a tu historia a tu manera: descubre nuestra selecci\u00f3n de formatos y encuadernaciones para tus libros Antes de empezar, debes encontrar el formato perfecto para tu libro. Desde cl\u00e1sicos encuadernados en tapa dura hasta pr\u00e1cticos libros de tapa blanda o libros de bolsillo: elige el tama\u00f1o, orientaci\u00f3n y encuadernaci\u00f3n ideales. Desde 19,49 \u20ac Desde 9,99 [&hellip;]<\/p>\n","protected":false},"author":1,"featured_media":0,"parent":0,"menu_order":0,"comment_status":"closed","ping_status":"closed","template":"","meta":{"_uag_custom_page_level_css":"","site-sidebar-layout":"no-sidebar","site-content-layout":"plain-container","ast-site-content-layout":"normal-width-container","site-content-style":"unboxed","site-sidebar-style":"unboxed","ast-global-header-display":"","ast-banner-title-visibility":"","ast-main-header-display":"","ast-hfb-above-header-display":"","ast-hfb-below-header-display":"","ast-hfb-mobile-header-display":"","site-post-title":"disabled","ast-breadcrumbs-content":"","ast-featured-img":"disabled","footer-sml-layout":"","ast-disable-related-posts":"","theme-transparent-header-meta":"enabled","adv-header-id-meta":"","stick-header-meta":"","header-above-stick-meta":"","header-main-stick-meta":"","header-below-stick-meta":"","astra-migrate-meta-layouts":"set","ast-page-background-enabled":"default","ast-page-background-meta":{"desktop":{"background-color":"","background-image":"","background-repeat":"repeat","background-position":"center center","background-size":"auto","background-attachment":"scroll","background-type":"","background-media":"","overlay-type":"","overlay-color":"","overlay-opacity":"","overlay-gradient":""},"tablet":{"background-color":"","background-image":"","background-repeat":"repeat","background-position":"center center","background-size":"auto","background-attachment":"scroll","background-type":"","background-media":"","overlay-type":"","overlay-color":"","overlay-opacity":"","overlay-gradient":""},"mobile":{"background-color":"","background-image":"","background-repeat":"repeat","background-position":"center center","background-size":"auto","background-attachment":"scroll","background-type":"","background-media":"","overlay-type":"","overlay-color":"","overlay-opacity":"","overlay-gradient":""}},"ast-content-background-meta":{"desktop":{"background-color":"var(--ast-global-color-5)","background-image":"","background-repeat":"repeat","background-position":"center center","background-size":"auto","background-attachment":"scroll","background-type":"","background-media":"","overlay-type":"","overlay-color":"","overlay-opacity":"","overlay-gradient":""},"tablet":{"background-color":"var(--ast-global-color-5)","background-image":"","background-repeat":"repeat","background-position":"center center","background-size":"auto","background-attachment":"scroll","background-type":"","background-media":"","overlay-type":"","overlay-color":"","overlay-opacity":"","overlay-gradient":""},"mobile":{"background-color":"var(--ast-global-color-5)","background-image":"","background-repeat":"repeat","background-position":"center center","background-size":"auto","background-attachment":"scroll","background-type":"","background-media":"","overlay-type":"","overlay-color":"","overlay-opacity":"","overlay-gradient":""}},"footnotes":""},"class_list":["post-2069","page","type-page","status-publish","hentry"],"yoast_head":"<!-- This site is optimized with the Yoast SEO plugin v27.5 - https:\/\/yoast.com\/product\/yoast-seo-wordpress\/ -->\n<title>Emagicum formatos de libros y precios - Emacigum<\/title>\n<meta name=\"description\" content=\"Emagicum ofrece dise\u00f1o de libros asequible e impresi\u00f3n profesional \u00a1desde s\u00f3lo 9,99 euros! Dise\u00f1a e imprime tu libro hoy mismo.\" \/>\n<meta name=\"robots\" content=\"index, follow, max-snippet:-1, max-image-preview:large, max-video-preview:-1\" \/>\n<link rel=\"canonical\" href=\"https:\/\/emagicum.com\/es\/formatos-de-libro\/\" \/>\n<meta property=\"og:locale\" content=\"es_ES\" \/>\n<meta property=\"og:type\" content=\"article\" \/>\n<meta property=\"og:title\" content=\"Emagicum formatos de libros y precios - Emacigum\" \/>\n<meta property=\"og:description\" content=\"Emagicum ofrece dise\u00f1o de libros asequible e impresi\u00f3n profesional \u00a1desde s\u00f3lo 9,99 euros! Dise\u00f1a e imprime tu libro hoy mismo.\" \/>\n<meta property=\"og:url\" content=\"https:\/\/emagicum.com\/es\/formatos-de-libro\/\" \/>\n<meta property=\"og:site_name\" content=\"Emacigum\" \/>\n<meta property=\"article:modified_time\" content=\"2025-05-07T07:45:43+00:00\" \/>\n<meta property=\"og:image\" content=\"https:\/\/emagicum.com\/wp-content\/uploads\/2024\/07\/Hardcover-format-ES-1024x683.png\" \/>\n<meta name=\"twitter:card\" content=\"summary_large_image\" \/>\n<meta name=\"twitter:label1\" content=\"Tiempo de lectura\" \/>\n\t<meta name=\"twitter:data1\" content=\"4 minutos\" \/>\n<script type=\"application\/ld+json\" class=\"yoast-schema-graph\">{\"@context\":\"https:\\\/\\\/schema.org\",\"@graph\":[{\"@type\":\"WebPage\",\"@id\":\"https:\\\/\\\/emagicum.com\\\/es\\\/formatos-de-libro\\\/\",\"url\":\"https:\\\/\\\/emagicum.com\\\/es\\\/formatos-de-libro\\\/\",\"name\":\"Emagicum formatos de libros y precios - Emacigum\",\"isPartOf\":{\"@id\":\"https:\\\/\\\/emagicum.com\\\/es\\\/#website\"},\"primaryImageOfPage\":{\"@id\":\"https:\\\/\\\/emagicum.com\\\/es\\\/formatos-de-libro\\\/#primaryimage\"},\"image\":{\"@id\":\"https:\\\/\\\/emagicum.com\\\/es\\\/formatos-de-libro\\\/#primaryimage\"},\"thumbnailUrl\":\"https:\\\/\\\/emagicum.com\\\/wp-content\\\/uploads\\\/2024\\\/07\\\/Hardcover-format-ES-1024x683.png\",\"datePublished\":\"2022-03-01T05:00:15+00:00\",\"dateModified\":\"2025-05-07T07:45:43+00:00\",\"description\":\"Emagicum ofrece dise\u00f1o de libros asequible e impresi\u00f3n profesional \u00a1desde s\u00f3lo 9,99 euros! Dise\u00f1a e imprime tu libro hoy mismo.\",\"breadcrumb\":{\"@id\":\"https:\\\/\\\/emagicum.com\\\/es\\\/formatos-de-libro\\\/#breadcrumb\"},\"inLanguage\":\"es\",\"potentialAction\":[{\"@type\":\"ReadAction\",\"target\":[\"https:\\\/\\\/emagicum.com\\\/es\\\/formatos-de-libro\\\/\"]}]},{\"@type\":\"ImageObject\",\"inLanguage\":\"es\",\"@id\":\"https:\\\/\\\/emagicum.com\\\/es\\\/formatos-de-libro\\\/#primaryimage\",\"url\":\"https:\\\/\\\/emagicum.com\\\/wp-content\\\/uploads\\\/2024\\\/07\\\/Hardcover-format-ES-1024x683.png\",\"contentUrl\":\"https:\\\/\\\/emagicum.com\\\/wp-content\\\/uploads\\\/2024\\\/07\\\/Hardcover-format-ES-1024x683.png\"},{\"@type\":\"BreadcrumbList\",\"@id\":\"https:\\\/\\\/emagicum.com\\\/es\\\/formatos-de-libro\\\/#breadcrumb\",\"itemListElement\":[{\"@type\":\"ListItem\",\"position\":1,\"name\":\"Home\",\"item\":\"https:\\\/\\\/emagicum.com\\\/es\\\/\"},{\"@type\":\"ListItem\",\"position\":2,\"name\":\"Formatos y Precios\"}]},{\"@type\":\"WebSite\",\"@id\":\"https:\\\/\\\/emagicum.com\\\/es\\\/#website\",\"url\":\"https:\\\/\\\/emagicum.com\\\/es\\\/\",\"name\":\"Emacigum\",\"description\":\"\",\"publisher\":{\"@id\":\"https:\\\/\\\/emagicum.com\\\/es\\\/#organization\"},\"potentialAction\":[{\"@type\":\"SearchAction\",\"target\":{\"@type\":\"EntryPoint\",\"urlTemplate\":\"https:\\\/\\\/emagicum.com\\\/es\\\/?s={search_term_string}\"},\"query-input\":{\"@type\":\"PropertyValueSpecification\",\"valueRequired\":true,\"valueName\":\"search_term_string\"}}],\"inLanguage\":\"es\"},{\"@type\":\"Organization\",\"@id\":\"https:\\\/\\\/emagicum.com\\\/es\\\/#organization\",\"name\":\"Emacigum\",\"url\":\"https:\\\/\\\/emagicum.com\\\/es\\\/\",\"logo\":{\"@type\":\"ImageObject\",\"inLanguage\":\"es\",\"@id\":\"https:\\\/\\\/emagicum.com\\\/es\\\/#\\\/schema\\\/logo\\\/image\\\/\",\"url\":\"https:\\\/\\\/emagicum.com\\\/wp-content\\\/uploads\\\/2023\\\/12\\\/eMagicum-03-e1701850816804-scaled.png\",\"contentUrl\":\"https:\\\/\\\/emagicum.com\\\/wp-content\\\/uploads\\\/2023\\\/12\\\/eMagicum-03-e1701850816804-scaled.png\",\"width\":2560,\"height\":707,\"caption\":\"Emacigum\"},\"image\":{\"@id\":\"https:\\\/\\\/emagicum.com\\\/es\\\/#\\\/schema\\\/logo\\\/image\\\/\"}}]}<\/script>\n<!-- \/ Yoast SEO plugin. -->","yoast_head_json":{"title":"Emagicum formatos de libros y precios - Emacigum","description":"Emagicum ofrece dise\u00f1o de libros asequible e impresi\u00f3n profesional \u00a1desde s\u00f3lo 9,99 euros! Dise\u00f1a e imprime tu libro hoy mismo.","robots":{"index":"index","follow":"follow","max-snippet":"max-snippet:-1","max-image-preview":"max-image-preview:large","max-video-preview":"max-video-preview:-1"},"canonical":"https:\/\/emagicum.com\/es\/formatos-de-libro\/","og_locale":"es_ES","og_type":"article","og_title":"Emagicum formatos de libros y precios - Emacigum","og_description":"Emagicum ofrece dise\u00f1o de libros asequible e impresi\u00f3n profesional \u00a1desde s\u00f3lo 9,99 euros! Dise\u00f1a e imprime tu libro hoy mismo.","og_url":"https:\/\/emagicum.com\/es\/formatos-de-libro\/","og_site_name":"Emacigum","article_modified_time":"2025-05-07T07:45:43+00:00","og_image":[{"url":"https:\/\/emagicum.com\/wp-content\/uploads\/2024\/07\/Hardcover-format-ES-1024x683.png","type":"","width":"","height":""}],"twitter_card":"summary_large_image","twitter_misc":{"Tiempo de lectura":"4 minutos"},"schema":{"@context":"https:\/\/schema.org","@graph":[{"@type":"WebPage","@id":"https:\/\/emagicum.com\/es\/formatos-de-libro\/","url":"https:\/\/emagicum.com\/es\/formatos-de-libro\/","name":"Emagicum formatos de libros y precios - Emacigum","isPartOf":{"@id":"https:\/\/emagicum.com\/es\/#website"},"primaryImageOfPage":{"@id":"https:\/\/emagicum.com\/es\/formatos-de-libro\/#primaryimage"},"image":{"@id":"https:\/\/emagicum.com\/es\/formatos-de-libro\/#primaryimage"},"thumbnailUrl":"https:\/\/emagicum.com\/wp-content\/uploads\/2024\/07\/Hardcover-format-ES-1024x683.png","datePublished":"2022-03-01T05:00:15+00:00","dateModified":"2025-05-07T07:45:43+00:00","description":"Emagicum ofrece dise\u00f1o de libros asequible e impresi\u00f3n profesional \u00a1desde s\u00f3lo 9,99 euros! Dise\u00f1a e imprime tu libro hoy mismo.","breadcrumb":{"@id":"https:\/\/emagicum.com\/es\/formatos-de-libro\/#breadcrumb"},"inLanguage":"es","potentialAction":[{"@type":"ReadAction","target":["https:\/\/emagicum.com\/es\/formatos-de-libro\/"]}]},{"@type":"ImageObject","inLanguage":"es","@id":"https:\/\/emagicum.com\/es\/formatos-de-libro\/#primaryimage","url":"https:\/\/emagicum.com\/wp-content\/uploads\/2024\/07\/Hardcover-format-ES-1024x683.png","contentUrl":"https:\/\/emagicum.com\/wp-content\/uploads\/2024\/07\/Hardcover-format-ES-1024x683.png"},{"@type":"BreadcrumbList","@id":"https:\/\/emagicum.com\/es\/formatos-de-libro\/#breadcrumb","itemListElement":[{"@type":"ListItem","position":1,"name":"Home","item":"https:\/\/emagicum.com\/es\/"},{"@type":"ListItem","position":2,"name":"Formatos y Precios"}]},{"@type":"WebSite","@id":"https:\/\/emagicum.com\/es\/#website","url":"https:\/\/emagicum.com\/es\/","name":"Emacigum","description":"","publisher":{"@id":"https:\/\/emagicum.com\/es\/#organization"},"potentialAction":[{"@type":"SearchAction","target":{"@type":"EntryPoint","urlTemplate":"https:\/\/emagicum.com\/es\/?s={search_term_string}"},"query-input":{"@type":"PropertyValueSpecification","valueRequired":true,"valueName":"search_term_string"}}],"inLanguage":"es"},{"@type":"Organization","@id":"https:\/\/emagicum.com\/es\/#organization","name":"Emacigum","url":"https:\/\/emagicum.com\/es\/","logo":{"@type":"ImageObject","inLanguage":"es","@id":"https:\/\/emagicum.com\/es\/#\/schema\/logo\/image\/","url":"https:\/\/emagicum.com\/wp-content\/uploads\/2023\/12\/eMagicum-03-e1701850816804-scaled.png","contentUrl":"https:\/\/emagicum.com\/wp-content\/uploads\/2023\/12\/eMagicum-03-e1701850816804-scaled.png","width":2560,"height":707,"caption":"Emacigum"},"image":{"@id":"https:\/\/emagicum.com\/es\/#\/schema\/logo\/image\/"}}]}},"uagb_featured_image_src":{"full":false,"thumbnail":false,"medium":false,"medium_large":false,"large":false,"1536x1536":false,"2048x2048":false},"uagb_author_info":{"display_name":"Eliza","author_link":"https:\/\/emagicum.com\/es\/author\/bbildr\/"},"uagb_comment_info":0,"uagb_excerpt":"Dise\u00f1a tu historia a tu manera: descubre nuestra selecci\u00f3n de formatos y encuadernaciones para tus libros Antes de empezar, debes encontrar el formato perfecto para tu libro. Desde cl\u00e1sicos encuadernados en tapa dura hasta pr\u00e1cticos libros de tapa blanda o libros de bolsillo: elige el tama\u00f1o, orientaci\u00f3n y encuadernaci\u00f3n ideales. Desde 19,49 \u20ac Desde 9,99&hellip;","_links":{"self":[{"href":"https:\/\/emagicum.com\/es\/wp-json\/wp\/v2\/pages\/2069","targetHints":{"allow":["GET"]}}],"collection":[{"href":"https:\/\/emagicum.com\/es\/wp-json\/wp\/v2\/pages"}],"about":[{"href":"https:\/\/emagicum.com\/es\/wp-json\/wp\/v2\/types\/page"}],"author":[{"embeddable":true,"href":"https:\/\/emagicum.com\/es\/wp-json\/wp\/v2\/users\/1"}],"replies":[{"embeddable":true,"href":"https:\/\/emagicum.com\/es\/wp-json\/wp\/v2\/comments?post=2069"}],"version-history":[{"count":5,"href":"https:\/\/emagicum.com\/es\/wp-json\/wp\/v2\/pages\/2069\/revisions"}],"predecessor-version":[{"id":3056,"href":"https:\/\/emagicum.com\/es\/wp-json\/wp\/v2\/pages\/2069\/revisions\/3056"}],"wp:attachment":[{"href":"https:\/\/emagicum.com\/es\/wp-json\/wp\/v2\/media?parent=2069"}],"curies":[{"name":"wp","href":"https:\/\/api.w.org\/{rel}","templated":true}]}}