{"id":2067,"date":"2022-03-01T05:01:18","date_gmt":"2022-03-01T05:01:18","guid":{"rendered":"https:\/\/emagicum.com\/sobre-nosotros\/"},"modified":"2025-01-31T15:59:42","modified_gmt":"2025-01-31T15:59:42","slug":"sobre-nosotros","status":"publish","type":"page","link":"https:\/\/emagicum.com\/es\/sobre-nosotros\/","title":{"rendered":"Sobre nosotros"},"content":{"rendered":"\n<div class=\"wp-block-uagb-container uagb-block-094a37e0 alignfull uagb-is-root-container\"><div class=\"uagb-container-inner-blocks-wrap\">\n<div class=\"wp-block-uagb-advanced-heading uagb-block-6b2544a0\"><h1 class=\"uagb-heading-text\">Acerca de Emagicum<\/h1><p class=\"uagb-desc-text\">Bienvenido a Emagicum, una plataforma dedicada a simplificar la creaci\u00f3n de libros ilustrados. Nos comprometemos a ofrecer una experiencia fluida e innovadora tanto para escritores principiantes y profesionales.<\/p><\/div>\n\n\n\n<div class=\"wp-block-uagb-container uagb-block-a30b8134\">\n<div class=\"wp-block-uagb-container uagb-block-dc37ef31\">\n<div class=\"wp-block-uagb-image uagb-block-fcec2027 wp-block-uagb-image--layout-default wp-block-uagb-image--effect-static wp-block-uagb-image--align-none uag-hide-tab uag-hide-mob\"><figure class=\"wp-block-uagb-image__figure\"><img decoding=\"async\" srcset=\"https:\/\/emagicum.com\/wp-content\/uploads\/2024\/07\/About-page-ES-1024x682.png ,https:\/\/emagicum.com\/wp-content\/uploads\/2024\/07\/About-page-ES.png 780w, https:\/\/emagicum.com\/wp-content\/uploads\/2024\/07\/About-page-ES.png 360w\" sizes=\"auto, (max-width: 480px) 150px\" src=\"https:\/\/emagicum.com\/wp-content\/uploads\/2024\/07\/About-page-ES-1024x682.png\" alt=\"libro\" class=\"uag-image-2332\" width=\"1024\" height=\"682\" title=\"About page ES\" loading=\"lazy\" role=\"img\"\/><\/figure><\/div>\n<\/div>\n\n\n\n<div class=\"wp-block-uagb-container uagb-block-a58ad5a4\">\n<div class=\"wp-block-uagb-info-box uagb-block-c2385f38 uagb-infobox__content-wrap  uagb-infobox-icon-above-title uagb-infobox-image-valign-top\"><div class=\"uagb-ifb-content\"><div class=\"uagb-ifb-icon-wrap\"><svg xmlns=\"https:\/\/www.w3.org\/2000\/svg\" viewBox=\"0 0 448 512\"><path d=\"M96 224C84.72 224 74.05 226.3 64 229.9V224c0-35.3 28.7-64 64-64c17.67 0 32-14.33 32-32S145.7 96 128 96C57.42 96 0 153.4 0 224v96c0 53.02 42.98 96 96 96s96-42.98 96-96S149 224 96 224zM352 224c-11.28 0-21.95 2.305-32 5.879V224c0-35.3 28.7-64 64-64c17.67 0 32-14.33 32-32s-14.33-32-32-32c-70.58 0-128 57.42-128 128v96c0 53.02 42.98 96 96 96s96-42.98 96-96S405 224 352 224z\"><\/path><\/svg><\/div><div class=\"uagb-ifb-title-wrap\"><h3 class=\"uagb-ifb-title\">\u00a1Tu historia merece ser publicada!<\/h3><\/div><p class=\"uagb-ifb-desc\">EMAGICUM<\/p><\/div><\/div>\n<\/div>\n<\/div>\n\n\n\n<div class=\"wp-block-uagb-container uagb-block-cf186171\">\n<div class=\"wp-block-uagb-advanced-heading uagb-block-78df275f\"><h2 class=\"uagb-heading-text\">Nuestra plataforma<\/h2><p class=\"uagb-desc-text\">En Emagicum, los autores tienen la oportunidad de crear libros ilustrados utilizando nuestra intuitiva herramienta de edici\u00f3n y maquetaci\u00f3n de libros, una amplia colecci\u00f3n de ilustraciones de nuestra biblioteca y un avanzado ilustrador de Inteligencia Artificial. La integraci\u00f3n de Google Fonts mejora a\u00fan m\u00e1s el proceso creativo, permitiendo a los usuarios dise\u00f1ar profesionalmente sus libros con una variedad de opciones tipogr\u00e1ficas.<\/p><\/div>\n\n\n\n<p>La herramienta de edici\u00f3n de Emagicum es excepcionalmente f\u00e1cil de usar, lo que la hace ideal para todos los autores, independientemente de su edad y experiencia con las nuevas tecnolog\u00edas.<\/p>\n<\/div>\n\n\n\n<div class=\"wp-block-uagb-container uagb-block-1bd40639\">\n<div class=\"wp-block-uagb-info-box uagb-block-e6905cb8 uagb-infobox__content-wrap  uagb-infobox-icon-above-title uagb-infobox-image-valign-top\"><div class=\"uagb-ifb-content\"><div class=\"uagb-ifb-title-wrap\"><h4 class=\"uagb-ifb-title\">Impresi\u00f3n Profesional<\/h4><\/div><p class=\"uagb-ifb-desc\"><br>Una vez que tu libro est\u00e9 listo, Emagicum ofrece sencillos servicios de impresi\u00f3n profesionales ubicados en la Uni\u00f3n Europea a tan solo un clic. Entendemos la importancia de los formatos tanto f\u00edsicos como digitales, por eso los usuarios tienen la opci\u00f3n de solicitar copias impresas profesionalmente en tapa blanda o dura, o descargar sus creaciones en formato PDF.<\/p><\/div><\/div>\n\n\n\n<div class=\"wp-block-uagb-info-box uagb-block-4beb36e3 uagb-infobox__content-wrap  uagb-infobox-icon-above-title uagb-infobox-image-valign-top\"><div class=\"uagb-ifb-content\"><div class=\"uagb-ifb-title-wrap\"><h4 class=\"uagb-ifb-title\">\u00danete a nuestra plataforma!<\/h4><\/div><p class=\"uagb-ifb-desc\">Ya seas un narrador experimentado o te embarques en tu primer viaje literario, Emagicum te da la bienvenida y te acompa\u00f1a a explorar la magia de crear libros. Crea tu cuenta gratuita hoy y permite que Emagicum sea el lienzo para tus historias.<\/p><\/div><\/div>\n\n\n\n<div class=\"wp-block-uagb-info-box uagb-block-6a2ddb1f uagb-infobox__content-wrap  uagb-infobox-icon-above-title uagb-infobox-image-valign-top\"><div class=\"uagb-ifb-content\"><div class=\"uagb-ifb-title-wrap\"><h4 class=\"uagb-ifb-title\">Emagicum y Practimize LLC<\/h4><\/div><p class=\"uagb-ifb-desc\">Emagicum es un orgulloso miembro de Pracitimize LLC, una empresa dedicada a fomentar la creatividad a trav\u00e9s de la innovadora creaci\u00f3n y dise\u00f1o de libros. Esta afiliaci\u00f3n refuerza nuestro compromiso de proporcionar herramientas fiables y f\u00e1ciles de usar para aquellas personas que buscan expresarse a trav\u00e9s de la narraci\u00f3n.<\/p><\/div><\/div>\n<\/div>\n<\/div><\/div>\n","protected":false},"excerpt":{"rendered":"<p>Acerca de Emagicum Bienvenido a Emagicum, una plataforma dedicada a simplificar la creaci\u00f3n de libros ilustrados. Nos comprometemos a ofrecer una experiencia fluida e innovadora tanto para escritores principiantes y profesionales. Nuestra plataforma En Emagicum, los autores tienen la oportunidad de crear libros ilustrados utilizando nuestra intuitiva herramienta de edici\u00f3n y maquetaci\u00f3n de libros, una [&hellip;]<\/p>\n","protected":false},"author":1,"featured_media":0,"parent":0,"menu_order":0,"comment_status":"closed","ping_status":"closed","template":"","meta":{"_uag_custom_page_level_css":"","site-sidebar-layout":"no-sidebar","site-content-layout":"plain-container","ast-site-content-layout":"normal-width-container","site-content-style":"unboxed","site-sidebar-style":"unboxed","ast-global-header-display":"","ast-banner-title-visibility":"","ast-main-header-display":"","ast-hfb-above-header-display":"","ast-hfb-below-header-display":"","ast-hfb-mobile-header-display":"","site-post-title":"disabled","ast-breadcrumbs-content":"","ast-featured-img":"disabled","footer-sml-layout":"","ast-disable-related-posts":"","theme-transparent-header-meta":"enabled","adv-header-id-meta":"","stick-header-meta":"","header-above-stick-meta":"","header-main-stick-meta":"","header-below-stick-meta":"","astra-migrate-meta-layouts":"set","ast-page-background-enabled":"default","ast-page-background-meta":{"desktop":{"background-color":"","background-image":"","background-repeat":"repeat","background-position":"center center","background-size":"auto","background-attachment":"scroll","background-type":"","background-media":"","overlay-type":"","overlay-color":"","overlay-opacity":"","overlay-gradient":""},"tablet":{"background-color":"","background-image":"","background-repeat":"repeat","background-position":"center center","background-size":"auto","background-attachment":"scroll","background-type":"","background-media":"","overlay-type":"","overlay-color":"","overlay-opacity":"","overlay-gradient":""},"mobile":{"background-color":"","background-image":"","background-repeat":"repeat","background-position":"center center","background-size":"auto","background-attachment":"scroll","background-type":"","background-media":"","overlay-type":"","overlay-color":"","overlay-opacity":"","overlay-gradient":""}},"ast-content-background-meta":{"desktop":{"background-color":"var(--ast-global-color-5)","background-image":"","background-repeat":"repeat","background-position":"center center","background-size":"auto","background-attachment":"scroll","background-type":"","background-media":"","overlay-type":"","overlay-color":"","overlay-opacity":"","overlay-gradient":""},"tablet":{"background-color":"var(--ast-global-color-5)","background-image":"","background-repeat":"repeat","background-position":"center center","background-size":"auto","background-attachment":"scroll","background-type":"","background-media":"","overlay-type":"","overlay-color":"","overlay-opacity":"","overlay-gradient":""},"mobile":{"background-color":"var(--ast-global-color-5)","background-image":"","background-repeat":"repeat","background-position":"center center","background-size":"auto","background-attachment":"scroll","background-type":"","background-media":"","overlay-type":"","overlay-color":"","overlay-opacity":"","overlay-gradient":""}},"footnotes":""},"class_list":["post-2067","page","type-page","status-publish","hentry"],"yoast_head":"<!-- This site is optimized with the Yoast SEO plugin v27.5 - https:\/\/yoast.com\/product\/yoast-seo-wordpress\/ -->\n<title>Sobre nosotros - Emacigum<\/title>\n<meta name=\"description\" content=\"Emagicum es una plataforma que hace f\u00e1cil y profesional la creaci\u00f3n de libros ilustrados \u00fanicos.\" \/>\n<meta name=\"robots\" content=\"index, follow, max-snippet:-1, max-image-preview:large, max-video-preview:-1\" \/>\n<link rel=\"canonical\" href=\"https:\/\/emagicum.com\/es\/sobre-nosotros\/\" \/>\n<meta property=\"og:locale\" content=\"es_ES\" \/>\n<meta property=\"og:type\" content=\"article\" \/>\n<meta property=\"og:title\" content=\"Sobre nosotros - Emacigum\" \/>\n<meta property=\"og:description\" content=\"Emagicum es una plataforma que hace f\u00e1cil y profesional la creaci\u00f3n de libros ilustrados \u00fanicos.\" \/>\n<meta property=\"og:url\" content=\"https:\/\/emagicum.com\/es\/sobre-nosotros\/\" \/>\n<meta property=\"og:site_name\" content=\"Emacigum\" \/>\n<meta property=\"article:modified_time\" content=\"2025-01-31T15:59:42+00:00\" \/>\n<meta property=\"og:image\" content=\"https:\/\/emagicum.com\/wp-content\/uploads\/2024\/07\/About-page-ES-1024x682.png\" \/>\n<meta name=\"twitter:card\" content=\"summary_large_image\" \/>\n<meta name=\"twitter:label1\" content=\"Tiempo de lectura\" \/>\n\t<meta name=\"twitter:data1\" content=\"2 minutos\" \/>\n<script type=\"application\/ld+json\" class=\"yoast-schema-graph\">{\"@context\":\"https:\\\/\\\/schema.org\",\"@graph\":[{\"@type\":\"WebPage\",\"@id\":\"https:\\\/\\\/emagicum.com\\\/es\\\/sobre-nosotros\\\/\",\"url\":\"https:\\\/\\\/emagicum.com\\\/es\\\/sobre-nosotros\\\/\",\"name\":\"Sobre nosotros - Emacigum\",\"isPartOf\":{\"@id\":\"https:\\\/\\\/emagicum.com\\\/es\\\/#website\"},\"primaryImageOfPage\":{\"@id\":\"https:\\\/\\\/emagicum.com\\\/es\\\/sobre-nosotros\\\/#primaryimage\"},\"image\":{\"@id\":\"https:\\\/\\\/emagicum.com\\\/es\\\/sobre-nosotros\\\/#primaryimage\"},\"thumbnailUrl\":\"https:\\\/\\\/emagicum.com\\\/wp-content\\\/uploads\\\/2024\\\/07\\\/About-page-ES-1024x682.png\",\"datePublished\":\"2022-03-01T05:01:18+00:00\",\"dateModified\":\"2025-01-31T15:59:42+00:00\",\"description\":\"Emagicum es una plataforma que hace f\u00e1cil y profesional la creaci\u00f3n de libros ilustrados \u00fanicos.\",\"breadcrumb\":{\"@id\":\"https:\\\/\\\/emagicum.com\\\/es\\\/sobre-nosotros\\\/#breadcrumb\"},\"inLanguage\":\"es\",\"potentialAction\":[{\"@type\":\"ReadAction\",\"target\":[\"https:\\\/\\\/emagicum.com\\\/es\\\/sobre-nosotros\\\/\"]}]},{\"@type\":\"ImageObject\",\"inLanguage\":\"es\",\"@id\":\"https:\\\/\\\/emagicum.com\\\/es\\\/sobre-nosotros\\\/#primaryimage\",\"url\":\"https:\\\/\\\/emagicum.com\\\/wp-content\\\/uploads\\\/2024\\\/07\\\/About-page-ES-1024x682.png\",\"contentUrl\":\"https:\\\/\\\/emagicum.com\\\/wp-content\\\/uploads\\\/2024\\\/07\\\/About-page-ES-1024x682.png\"},{\"@type\":\"BreadcrumbList\",\"@id\":\"https:\\\/\\\/emagicum.com\\\/es\\\/sobre-nosotros\\\/#breadcrumb\",\"itemListElement\":[{\"@type\":\"ListItem\",\"position\":1,\"name\":\"Home\",\"item\":\"https:\\\/\\\/emagicum.com\\\/es\\\/\"},{\"@type\":\"ListItem\",\"position\":2,\"name\":\"Sobre nosotros\"}]},{\"@type\":\"WebSite\",\"@id\":\"https:\\\/\\\/emagicum.com\\\/es\\\/#website\",\"url\":\"https:\\\/\\\/emagicum.com\\\/es\\\/\",\"name\":\"Emacigum\",\"description\":\"\",\"publisher\":{\"@id\":\"https:\\\/\\\/emagicum.com\\\/es\\\/#organization\"},\"potentialAction\":[{\"@type\":\"SearchAction\",\"target\":{\"@type\":\"EntryPoint\",\"urlTemplate\":\"https:\\\/\\\/emagicum.com\\\/es\\\/?s={search_term_string}\"},\"query-input\":{\"@type\":\"PropertyValueSpecification\",\"valueRequired\":true,\"valueName\":\"search_term_string\"}}],\"inLanguage\":\"es\"},{\"@type\":\"Organization\",\"@id\":\"https:\\\/\\\/emagicum.com\\\/es\\\/#organization\",\"name\":\"Emacigum\",\"url\":\"https:\\\/\\\/emagicum.com\\\/es\\\/\",\"logo\":{\"@type\":\"ImageObject\",\"inLanguage\":\"es\",\"@id\":\"https:\\\/\\\/emagicum.com\\\/es\\\/#\\\/schema\\\/logo\\\/image\\\/\",\"url\":\"https:\\\/\\\/emagicum.com\\\/wp-content\\\/uploads\\\/2023\\\/12\\\/eMagicum-03-e1701850816804-scaled.png\",\"contentUrl\":\"https:\\\/\\\/emagicum.com\\\/wp-content\\\/uploads\\\/2023\\\/12\\\/eMagicum-03-e1701850816804-scaled.png\",\"width\":2560,\"height\":707,\"caption\":\"Emacigum\"},\"image\":{\"@id\":\"https:\\\/\\\/emagicum.com\\\/es\\\/#\\\/schema\\\/logo\\\/image\\\/\"}}]}<\/script>\n<!-- \/ Yoast SEO plugin. -->","yoast_head_json":{"title":"Sobre nosotros - Emacigum","description":"Emagicum es una plataforma que hace f\u00e1cil y profesional la creaci\u00f3n de libros ilustrados \u00fanicos.","robots":{"index":"index","follow":"follow","max-snippet":"max-snippet:-1","max-image-preview":"max-image-preview:large","max-video-preview":"max-video-preview:-1"},"canonical":"https:\/\/emagicum.com\/es\/sobre-nosotros\/","og_locale":"es_ES","og_type":"article","og_title":"Sobre nosotros - Emacigum","og_description":"Emagicum es una plataforma que hace f\u00e1cil y profesional la creaci\u00f3n de libros ilustrados \u00fanicos.","og_url":"https:\/\/emagicum.com\/es\/sobre-nosotros\/","og_site_name":"Emacigum","article_modified_time":"2025-01-31T15:59:42+00:00","og_image":[{"url":"https:\/\/emagicum.com\/wp-content\/uploads\/2024\/07\/About-page-ES-1024x682.png","type":"","width":"","height":""}],"twitter_card":"summary_large_image","twitter_misc":{"Tiempo de lectura":"2 minutos"},"schema":{"@context":"https:\/\/schema.org","@graph":[{"@type":"WebPage","@id":"https:\/\/emagicum.com\/es\/sobre-nosotros\/","url":"https:\/\/emagicum.com\/es\/sobre-nosotros\/","name":"Sobre nosotros - Emacigum","isPartOf":{"@id":"https:\/\/emagicum.com\/es\/#website"},"primaryImageOfPage":{"@id":"https:\/\/emagicum.com\/es\/sobre-nosotros\/#primaryimage"},"image":{"@id":"https:\/\/emagicum.com\/es\/sobre-nosotros\/#primaryimage"},"thumbnailUrl":"https:\/\/emagicum.com\/wp-content\/uploads\/2024\/07\/About-page-ES-1024x682.png","datePublished":"2022-03-01T05:01:18+00:00","dateModified":"2025-01-31T15:59:42+00:00","description":"Emagicum es una plataforma que hace f\u00e1cil y profesional la creaci\u00f3n de libros ilustrados \u00fanicos.","breadcrumb":{"@id":"https:\/\/emagicum.com\/es\/sobre-nosotros\/#breadcrumb"},"inLanguage":"es","potentialAction":[{"@type":"ReadAction","target":["https:\/\/emagicum.com\/es\/sobre-nosotros\/"]}]},{"@type":"ImageObject","inLanguage":"es","@id":"https:\/\/emagicum.com\/es\/sobre-nosotros\/#primaryimage","url":"https:\/\/emagicum.com\/wp-content\/uploads\/2024\/07\/About-page-ES-1024x682.png","contentUrl":"https:\/\/emagicum.com\/wp-content\/uploads\/2024\/07\/About-page-ES-1024x682.png"},{"@type":"BreadcrumbList","@id":"https:\/\/emagicum.com\/es\/sobre-nosotros\/#breadcrumb","itemListElement":[{"@type":"ListItem","position":1,"name":"Home","item":"https:\/\/emagicum.com\/es\/"},{"@type":"ListItem","position":2,"name":"Sobre nosotros"}]},{"@type":"WebSite","@id":"https:\/\/emagicum.com\/es\/#website","url":"https:\/\/emagicum.com\/es\/","name":"Emacigum","description":"","publisher":{"@id":"https:\/\/emagicum.com\/es\/#organization"},"potentialAction":[{"@type":"SearchAction","target":{"@type":"EntryPoint","urlTemplate":"https:\/\/emagicum.com\/es\/?s={search_term_string}"},"query-input":{"@type":"PropertyValueSpecification","valueRequired":true,"valueName":"search_term_string"}}],"inLanguage":"es"},{"@type":"Organization","@id":"https:\/\/emagicum.com\/es\/#organization","name":"Emacigum","url":"https:\/\/emagicum.com\/es\/","logo":{"@type":"ImageObject","inLanguage":"es","@id":"https:\/\/emagicum.com\/es\/#\/schema\/logo\/image\/","url":"https:\/\/emagicum.com\/wp-content\/uploads\/2023\/12\/eMagicum-03-e1701850816804-scaled.png","contentUrl":"https:\/\/emagicum.com\/wp-content\/uploads\/2023\/12\/eMagicum-03-e1701850816804-scaled.png","width":2560,"height":707,"caption":"Emacigum"},"image":{"@id":"https:\/\/emagicum.com\/es\/#\/schema\/logo\/image\/"}}]}},"uagb_featured_image_src":{"full":false,"thumbnail":false,"medium":false,"medium_large":false,"large":false,"1536x1536":false,"2048x2048":false},"uagb_author_info":{"display_name":"Eliza","author_link":"https:\/\/emagicum.com\/es\/author\/bbildr\/"},"uagb_comment_info":0,"uagb_excerpt":"Acerca de Emagicum Bienvenido a Emagicum, una plataforma dedicada a simplificar la creaci\u00f3n de libros ilustrados. Nos comprometemos a ofrecer una experiencia fluida e innovadora tanto para escritores principiantes y profesionales. Nuestra plataforma En Emagicum, los autores tienen la oportunidad de crear libros ilustrados utilizando nuestra intuitiva herramienta de edici\u00f3n y maquetaci\u00f3n de libros, una&hellip;","_links":{"self":[{"href":"https:\/\/emagicum.com\/es\/wp-json\/wp\/v2\/pages\/2067","targetHints":{"allow":["GET"]}}],"collection":[{"href":"https:\/\/emagicum.com\/es\/wp-json\/wp\/v2\/pages"}],"about":[{"href":"https:\/\/emagicum.com\/es\/wp-json\/wp\/v2\/types\/page"}],"author":[{"embeddable":true,"href":"https:\/\/emagicum.com\/es\/wp-json\/wp\/v2\/users\/1"}],"replies":[{"embeddable":true,"href":"https:\/\/emagicum.com\/es\/wp-json\/wp\/v2\/comments?post=2067"}],"version-history":[{"count":2,"href":"https:\/\/emagicum.com\/es\/wp-json\/wp\/v2\/pages\/2067\/revisions"}],"predecessor-version":[{"id":2918,"href":"https:\/\/emagicum.com\/es\/wp-json\/wp\/v2\/pages\/2067\/revisions\/2918"}],"wp:attachment":[{"href":"https:\/\/emagicum.com\/es\/wp-json\/wp\/v2\/media?parent=2067"}],"curies":[{"name":"wp","href":"https:\/\/api.w.org\/{rel}","templated":true}]}}